{"id":701498,"date":"2025-08-27T15:09:44","date_gmt":"2025-08-27T12:09:44","guid":{"rendered":"https:\/\/roveyayinevi.com.tr\/index.php\/urun\/cepte-ispanyolca-konusma-kilavuzu\/"},"modified":"2026-04-16T02:10:48","modified_gmt":"2026-04-15T23:10:48","slug":"cepte-ispanyolca-konusma-kilavuzu","status":"publish","type":"product","link":"https:\/\/roveyayinevi.com.tr\/index.php\/urun\/cepte-ispanyolca-konusma-kilavuzu\/","title":{"rendered":"Cepte \u0130spanyolca Konu\u015fma K\u0131lavuzu"},"content":{"rendered":"<p>\u00c7al\u0131\u015fmam\u0131z \u00f6zel ve patentli bir a\u00e7\u0131l\u0131ma sahip olup, a\u00e7\u0131ld\u0131\u011f\u0131nda iki tarafl\u0131 kullan\u0131ma sahiptir.Bir taraf\u0131nda; En s\u0131k kullan\u0131lan kelimeler ve temel baz\u0131 c\u00fcmleler olup, di\u011fer taraf\u0131nda ise; Yine temel diyaloglar\u0131n bulundu\u011fu k\u00fc\u00e7\u00fck bir hikaye bulunmaktad\u0131r.Boyut, i\u00e7erik ve fiyat olarak son derece uygun, \u00f6zellikle k\u0131sa gezilerde kullan\u0131labilecek, pratik bir \u00fcr\u00fcnd\u00fcr. <\/p>\n","protected":false},"excerpt":{"rendered":"<p>\u00c7al\u0131\u015fmam\u0131z \u00f6zel ve patentli bir a\u00e7\u0131l\u0131ma sahip olup, a\u00e7\u0131ld\u0131\u011f\u0131nda iki tarafl\u0131 kullan\u0131ma sahiptir.Bir taraf\u0131nda; En s\u0131k kullan\u0131lan kelimeler ve temel baz\u0131 c\u00fcmleler olup, di\u011fer taraf\u0131nda ise;<span class=\"excerpt-hellip\"> [\u2026]<\/span><\/p>\n","protected":false},"featured_media":0,"template":"","meta":{"_monsterinsights_skip_tracking":false,"_monsterinsights_sitenote_active":false,"_monsterinsights_sitenote_note":"","_monsterinsights_sitenote_category":0},"product_brand":[],"product_cat":[14597,12566,14608],"product_tag":[],"class_list":{"0":"post-701498","1":"product","2":"type-product","3":"status-publish","5":"product_cat-dil-ogrenimi","6":"product_cat-egitim","7":"product_cat-ispanyolca","8":"pa_cilt-ciltsiz","9":"pa_tur-kitap","10":"pa_yayinevi-delta-kultur-yayinevi","11":"pa_yazar-suheyla-demir","13":"first","14":"instock","15":"sale","16":"shipping-taxable","17":"purchasable","18":"product-type-simple"},"_links":{"self":[{"href":"https:\/\/roveyayinevi.com.tr\/index.php\/wp-json\/wp\/v2\/product\/701498","targetHints":{"allow":["GET"]}}],"collection":[{"href":"https:\/\/roveyayinevi.com.tr\/index.php\/wp-json\/wp\/v2\/product"}],"about":[{"href":"https:\/\/roveyayinevi.com.tr\/index.php\/wp-json\/wp\/v2\/types\/product"}],"wp:attachment":[{"href":"https:\/\/roveyayinevi.com.tr\/index.php\/wp-json\/wp\/v2\/media?parent=701498"}],"wp:term":[{"taxonomy":"product_brand","embeddable":true,"href":"https:\/\/roveyayinevi.com.tr\/index.php\/wp-json\/wp\/v2\/product_brand?post=701498"},{"taxonomy":"product_cat","embeddable":true,"href":"https:\/\/roveyayinevi.com.tr\/index.php\/wp-json\/wp\/v2\/product_cat?post=701498"},{"taxonomy":"product_tag","embeddable":true,"href":"https:\/\/roveyayinevi.com.tr\/index.php\/wp-json\/wp\/v2\/product_tag?post=701498"}],"curies":[{"name":"wp","href":"https:\/\/api.w.org\/{rel}","templated":true}]}}