{"id":701496,"date":"2025-08-27T15:09:44","date_gmt":"2025-08-27T12:09:44","guid":{"rendered":"https:\/\/roveyayinevi.com.tr\/index.php\/urun\/hayata-dair-engel-atlama-hikayeleri\/"},"modified":"2026-04-16T02:10:48","modified_gmt":"2026-04-15T23:10:48","slug":"hayata-dair-engel-atlama-hikayeleri","status":"publish","type":"product","link":"https:\/\/roveyayinevi.com.tr\/index.php\/urun\/hayata-dair-engel-atlama-hikayeleri\/","title":{"rendered":"Hayata Dair Engel Atlama Hikayeleri"},"content":{"rendered":"<p>Engel Atlama Hik\u00e2yeleri ba\u015fl\u0131\u011f\u0131yla yay\u0131nlanan bu kitap b\u00fcy\u00fck emek verilerek D\u00fcnya&#8217;da ve T\u00fcrkiye&#8217;de ilk kez yay\u0131nlan\u0131yor. Elinizdeki kitap son y\u0131llar\u0131n en pop\u00fcler alanlar\u0131ndan olan ve hakk\u0131yla \u00f6\u011fretildi\u011finde b\u00fcy\u00fck yararlar sa\u011flayan H\u0131zl\u0131 Okuma ve Anlama ger\u00e7e\u011fini, edebiyat sevgisi ve bilgisini de kazand\u0131rarak \u00c7OK Y\u00d6NL\u00dc \u00f6\u011fretmeyi ama\u00e7layan, t\u00fcr\u00fcn\u00fcn ilk ve tek \u00f6rne\u011fi.  Bir program dahilinde kursiyerlere sunulacak veya kendi kendine yap\u0131lacak H\u0131zl\u0131 Okuma ve Anlama \u00e7al\u0131\u015fmalar\u0131nda DO\u011eRU pusula olacak kitapta \u00f6zel olarak yaz\u0131lm\u0131\u015f metinler ve hik\u00e2yeler yer al\u0131yor. Bu \u00e7al\u0131\u015fmayla edebiyatla ve hik\u00e2yeyle tan\u0131\u015fan gen\u00e7 okur say\u0131s\u0131 artarken, H\u0131zl\u0131 Okuma ve Anlama program\u0131n\u0131 eksiksiz olarak tamamlayanlar\u0131n, KEND\u0130LER\u0130NE ve D\u00fc\u015f\u00fcnerek \u00dcreten T\u00fcrkiye&#8217;ye \u00f6nemli katk\u0131lar sa\u011flayaca\u011f\u0131 d\u00fc\u015f\u00fcncesindeyiz. \u00dcmidimiz odur ki; s\u0131navlarda h\u0131zl\u0131 davrans\u0131n, daha \u00e7ok test sorusunu do\u011fru ve en k\u0131sa zaman i\u00e7inde cevaplas\u0131n diye, anne babalar\u0131 taraf\u0131ndan h\u0131zl\u0131 okuma ve anlama \u00e7al\u0131\u015fmalar\u0131na y\u00f6nlendirilen \u00e7ocuk ve gen\u00e7lerimiz, edebiyatla daha yak\u0131n olduklar\u0131nda biz de bundan b\u00fcy\u00fck bir onur duyarak yeni kitaplarla yolumuza birlikte devam edece\u011fiz&#8230;. San\u0131lan\u0131n tersine, edebiyat ve \u00e7\u00f6z\u00fcmlemeli d\u00fc\u015f\u00fcnce yetene\u011fi birbirine rakip de\u011fildir ve her ikisini seven ve bilen insanlar ba\u015far\u0131ya daha \u00e7abuk ula\u015f\u0131r&#8230;. <\/p>\n","protected":false},"excerpt":{"rendered":"<p>Engel Atlama Hik\u00e2yeleri ba\u015fl\u0131\u011f\u0131yla yay\u0131nlanan bu kitap b\u00fcy\u00fck emek verilerek D\u00fcnya&#8217;da ve T\u00fcrkiye&#8217;de ilk kez yay\u0131nlan\u0131yor. Elinizdeki kitap son y\u0131llar\u0131n en pop\u00fcler alanlar\u0131ndan olan ve hakk\u0131yla<span class=\"excerpt-hellip\"> [\u2026]<\/span><\/p>\n","protected":false},"featured_media":0,"template":"","meta":{"_monsterinsights_skip_tracking":false,"_monsterinsights_sitenote_active":false,"_monsterinsights_sitenote_note":"","_monsterinsights_sitenote_category":0},"product_brand":[],"product_cat":[15563,24020],"product_tag":[],"class_list":{"0":"post-701496","1":"product","2":"type-product","3":"status-publish","5":"product_cat-hobi","6":"product_cat-kultur","7":"pa_cilt-ciltsiz","8":"pa_tur-kitap","9":"pa_yayinevi-delta-kultur-yayinevi","10":"pa_yazar-aysin-orem-alptekinoglu","12":"first","13":"instock","14":"sale","15":"shipping-taxable","16":"purchasable","17":"product-type-simple"},"_links":{"self":[{"href":"https:\/\/roveyayinevi.com.tr\/index.php\/wp-json\/wp\/v2\/product\/701496","targetHints":{"allow":["GET"]}}],"collection":[{"href":"https:\/\/roveyayinevi.com.tr\/index.php\/wp-json\/wp\/v2\/product"}],"about":[{"href":"https:\/\/roveyayinevi.com.tr\/index.php\/wp-json\/wp\/v2\/types\/product"}],"wp:attachment":[{"href":"https:\/\/roveyayinevi.com.tr\/index.php\/wp-json\/wp\/v2\/media?parent=701496"}],"wp:term":[{"taxonomy":"product_brand","embeddable":true,"href":"https:\/\/roveyayinevi.com.tr\/index.php\/wp-json\/wp\/v2\/product_brand?post=701496"},{"taxonomy":"product_cat","embeddable":true,"href":"https:\/\/roveyayinevi.com.tr\/index.php\/wp-json\/wp\/v2\/product_cat?post=701496"},{"taxonomy":"product_tag","embeddable":true,"href":"https:\/\/roveyayinevi.com.tr\/index.php\/wp-json\/wp\/v2\/product_tag?post=701496"}],"curies":[{"name":"wp","href":"https:\/\/api.w.org\/{rel}","templated":true}]}}