{"id":701495,"date":"2025-08-27T15:09:43","date_gmt":"2025-08-27T12:09:43","guid":{"rendered":"https:\/\/roveyayinevi.com.tr\/index.php\/urun\/hac-ve-umre-rehberi\/"},"modified":"2026-04-16T02:10:48","modified_gmt":"2026-04-15T23:10:48","slug":"hac-ve-umre-rehberi","status":"publish","type":"product","link":"https:\/\/roveyayinevi.com.tr\/index.php\/urun\/hac-ve-umre-rehberi\/","title":{"rendered":"Hac ve Umre Rehberi"},"content":{"rendered":"<p>Bu rehbere ihtiya\u00e7 duymadan \u00f6nce mutlaka inceleyiniz. 15 ana ba\u015fl\u0131ktan olu\u015fan rehberin her ba\u015fl\u0131\u011f\u0131 farkl\u0131 renklendirilmi\u015ftir. \u0130\u00e7indekiler b\u00f6l\u00fcm\u00fc, renkleri ve alt ba\u015fl\u0131klar\u0131 ile kullan\u0131m\u0131n\u0131 kolayla\u015ft\u0131rmakta ve h\u0131zland\u0131rmaktad\u0131r. \u0130htiya\u00e7 duydu\u011funuz konu ile ilgili \u00f6nce i\u00e7indekiler b\u00f6l\u00fcm\u00fcnden sayfa numaras\u0131n\u0131 bulunuz. Kutsal Topraklara Hac ya da Umre yapmak i\u00e7in gidecek olabilirsiniz, ilgili b\u00f6l\u00fcm\u00fc a\u00e7\u0131p daha T\u00fcrkiye\u2019deyken ba\u015ftan sona okuyup bilgi sahibi olman\u0131zda yarar vard\u0131r. Hac ve Umre b\u00f6l\u00fcm\u00fcnde ne zaman ne yapaca\u011f\u0131n\u0131z tek tek ele al\u0131nm\u0131\u015ft\u0131r. Tecr\u00fcbelere dayanan ipu\u00e7lar\u0131n\u0131 ka\u00e7\u0131rmamal\u0131s\u0131n\u0131z. \u0130badetlerin d\u0131\u015f\u0131nda ziyaret etmeniz tavsiye edilen yerlere ait k\u0131sa ve \u00f6z bilgileri resimleri ile birlikte verilmi\u015ftir. B\u00fct\u00fcn bunlar\u0131n d\u0131\u015f\u0131nda d\u00fcnyan\u0131n her taraf\u0131ndan gelmi\u015f olan M\u00fcsl\u00fcmanlarla yapaca\u011f\u0131n\u0131z ileti\u015fimde ve g\u00fcnl\u00fck hayatta kar\u015f\u0131la\u015faca\u011f\u0131n\u0131z Mekke ve Medine&#8217;nin yerli ya da yabanc\u0131 halk\u0131yla ge\u00e7ece\u011finiz her t\u00fcrl\u00fc irtibatta kullanabilece\u011finiz kal\u0131plar ve c\u00fcmleler T\u00fcrk\u00e7e kar\u015f\u0131l\u0131klar\u0131 ve basit okunu\u015flar\u0131 b\u00f6l\u00fcmler halinde verilmi\u015ftir. Bir ibadet seyahat\u00e7isinin ba\u015fvurabilece\u011fi b\u00fct\u00fcn bilgilere bu rehberde kolayl\u0131kla eri\u015febileceksiniz. <\/p>\n","protected":false},"excerpt":{"rendered":"<p>Bu rehbere ihtiya\u00e7 duymadan \u00f6nce mutlaka inceleyiniz. 15 ana ba\u015fl\u0131ktan olu\u015fan rehberin her ba\u015fl\u0131\u011f\u0131 farkl\u0131 renklendirilmi\u015ftir. \u0130\u00e7indekiler b\u00f6l\u00fcm\u00fc, renkleri ve alt ba\u015fl\u0131klar\u0131 ile kullan\u0131m\u0131n\u0131 kolayla\u015ft\u0131rmakta ve<span class=\"excerpt-hellip\"> [\u2026]<\/span><\/p>\n","protected":false},"featured_media":0,"template":"","meta":{"_monsterinsights_skip_tracking":false,"_monsterinsights_sitenote_active":false,"_monsterinsights_sitenote_note":"","_monsterinsights_sitenote_category":0},"product_brand":[],"product_cat":[12274,18802],"product_tag":[],"class_list":{"0":"post-701495","1":"product","2":"type-product","3":"status-publish","5":"product_cat-cocuk-ve-genclik-kitaplari","6":"product_cat-din-egitimi","7":"pa_cilt-ciltsiz","8":"pa_tur-kitap","9":"pa_yayinevi-delta-kultur-yayinevi","10":"pa_yazar-murat-ozcan","12":"first","13":"instock","14":"sale","15":"shipping-taxable","16":"purchasable","17":"product-type-simple"},"_links":{"self":[{"href":"https:\/\/roveyayinevi.com.tr\/index.php\/wp-json\/wp\/v2\/product\/701495","targetHints":{"allow":["GET"]}}],"collection":[{"href":"https:\/\/roveyayinevi.com.tr\/index.php\/wp-json\/wp\/v2\/product"}],"about":[{"href":"https:\/\/roveyayinevi.com.tr\/index.php\/wp-json\/wp\/v2\/types\/product"}],"wp:attachment":[{"href":"https:\/\/roveyayinevi.com.tr\/index.php\/wp-json\/wp\/v2\/media?parent=701495"}],"wp:term":[{"taxonomy":"product_brand","embeddable":true,"href":"https:\/\/roveyayinevi.com.tr\/index.php\/wp-json\/wp\/v2\/product_brand?post=701495"},{"taxonomy":"product_cat","embeddable":true,"href":"https:\/\/roveyayinevi.com.tr\/index.php\/wp-json\/wp\/v2\/product_cat?post=701495"},{"taxonomy":"product_tag","embeddable":true,"href":"https:\/\/roveyayinevi.com.tr\/index.php\/wp-json\/wp\/v2\/product_tag?post=701495"}],"curies":[{"name":"wp","href":"https:\/\/api.w.org\/{rel}","templated":true}]}}