{"id":701488,"date":"2025-08-27T15:09:42","date_gmt":"2025-08-27T12:09:42","guid":{"rendered":"https:\/\/roveyayinevi.com.tr\/index.php\/urun\/ingilizce-dil-kartlari\/"},"modified":"2026-04-16T02:10:48","modified_gmt":"2026-04-15T23:10:48","slug":"ingilizce-dil-kartlari","status":"publish","type":"product","link":"https:\/\/roveyayinevi.com.tr\/index.php\/urun\/ingilizce-dil-kartlari\/","title":{"rendered":"\u0130ngilizce Dil Kartlar\u0131"},"content":{"rendered":"<p>Alfabe&#8217;den dilbilgisi kurallar\u0131na, g\u00fcnl\u00fck ya\u015famda kullan\u0131lan 1175 s\u00f6zc\u00fc\u011f\u00fc hem yaz\u0131l\u0131\u015f hem de okunu\u015flar\u0131yla bu farkl\u0131 cep kitap\u00e7\u0131\u011f\u0131nda bulabilirsiniz. Ta\u015f\u0131mas\u0131 ve kullan\u0131m\u0131 rahat olan bu kitap\u00e7\u0131\u011f\u0131 gitti\u011finiz her yere g\u00f6t\u00fcrebilir, \u0130ngilizceniz&#8217;i her ortamda geli\u015ftirebilirsiniz. \ufffcTan\u0131t\u0131m Metni<\/p>\n","protected":false},"excerpt":{"rendered":"<p>Alfabe&#8217;den dilbilgisi kurallar\u0131na, g\u00fcnl\u00fck ya\u015famda kullan\u0131lan 1175 s\u00f6zc\u00fc\u011f\u00fc hem yaz\u0131l\u0131\u015f hem de okunu\u015flar\u0131yla bu farkl\u0131 cep kitap\u00e7\u0131\u011f\u0131nda bulabilirsiniz. Ta\u015f\u0131mas\u0131 ve kullan\u0131m\u0131 rahat olan bu kitap\u00e7\u0131\u011f\u0131 gitti\u011finiz<span class=\"excerpt-hellip\"> [\u2026]<\/span><\/p>\n","protected":false},"featured_media":0,"template":"","meta":{"_monsterinsights_skip_tracking":false,"_monsterinsights_sitenote_active":false,"_monsterinsights_sitenote_note":"","_monsterinsights_sitenote_category":0},"product_brand":[],"product_cat":[14597,12566],"product_tag":[],"class_list":{"0":"post-701488","1":"product","2":"type-product","3":"status-publish","5":"product_cat-dil-ogrenimi","6":"product_cat-egitim","7":"pa_cilt-ciltsiz","8":"pa_tur-kitap10","9":"pa_yayinevi-delta-kultur-yayinevi","10":"pa_yazar-kolektif","12":"first","13":"instock","14":"sale","15":"shipping-taxable","16":"purchasable","17":"product-type-simple"},"_links":{"self":[{"href":"https:\/\/roveyayinevi.com.tr\/index.php\/wp-json\/wp\/v2\/product\/701488","targetHints":{"allow":["GET"]}}],"collection":[{"href":"https:\/\/roveyayinevi.com.tr\/index.php\/wp-json\/wp\/v2\/product"}],"about":[{"href":"https:\/\/roveyayinevi.com.tr\/index.php\/wp-json\/wp\/v2\/types\/product"}],"wp:attachment":[{"href":"https:\/\/roveyayinevi.com.tr\/index.php\/wp-json\/wp\/v2\/media?parent=701488"}],"wp:term":[{"taxonomy":"product_brand","embeddable":true,"href":"https:\/\/roveyayinevi.com.tr\/index.php\/wp-json\/wp\/v2\/product_brand?post=701488"},{"taxonomy":"product_cat","embeddable":true,"href":"https:\/\/roveyayinevi.com.tr\/index.php\/wp-json\/wp\/v2\/product_cat?post=701488"},{"taxonomy":"product_tag","embeddable":true,"href":"https:\/\/roveyayinevi.com.tr\/index.php\/wp-json\/wp\/v2\/product_tag?post=701488"}],"curies":[{"name":"wp","href":"https:\/\/api.w.org\/{rel}","templated":true}]}}