{"id":701485,"date":"2025-08-27T15:09:41","date_gmt":"2025-08-27T12:09:41","guid":{"rendered":"https:\/\/roveyayinevi.com.tr\/index.php\/urun\/buzkiran\/"},"modified":"2026-04-16T02:10:48","modified_gmt":"2026-04-15T23:10:48","slug":"buzkiran","status":"publish","type":"product","link":"https:\/\/roveyayinevi.com.tr\/index.php\/urun\/buzkiran\/","title":{"rendered":"Buzk\u0131ran"},"content":{"rendered":"<p>\u201c Suvorov, son 60 y\u0131l i\u00e7erisinde dinlenen, s\u00f6ylenen, okunan her Sovyet \u015fark\u0131s\u0131, \u015fiiri ve roman\u0131yla; \u00e7\u0131kar\u0131lan her film, kaleme al\u0131nan her kitap ve her makaleyle; kabul edilen her NATO y\u00f6nergesiyle&#8230; \u0130ngiliz h\u00fck\u00fcmetinin her tahmini, Pentagon\u2019un her yetkilisinin, her akademisyen, her kom\u00fcnist ve her kom\u00fcnist kar\u015f\u0131t\u0131 ve de her yeni muhafazak\u00e2r entelekt\u00fcelle tart\u0131\u015fmakta. Yaln\u0131z bunu dikkate ald\u0131\u011f\u0131m\u0131zda bile \u2018Buzk\u0131ran\u2019 \u00e7a\u011fda\u015f tarih alan\u0131nda kendine \u00f6zg\u00fc bir yap\u0131t olarak de\u011ferlendirilmeli.\u201dTHE TIMES\u201cBu kitab\u0131n bir tarih\u00e7i de\u011fil, profesyonel bir istihbarat\u00e7\u0131 taraf\u0131ndan yaz\u0131lm\u0131\u015f olmas\u0131 onun de\u011ferini y\u00fckseltiyor. Sovyet yolda\u015flar ve Bat\u0131\u2019daki arkada\u015flar\u0131 zapt edilmez bir hiddete kap\u0131lacaklar. Tarihteki son \u201cbeyaz lekelerini\u201d sava\u015fs\u0131z teslim etmeyecekler. Onlar\u0131 dinlemeyi b\u0131rak\u0131n, \u2018Buzk\u0131ran\u2019\u0131 okuyun! Bu, ger\u00e7ekleri s\u00f6yleyen bir kitapt\u0131r.\u201dDIE WELTBu kitap, yaln\u0131zca Rusya\u2019da 11 milyon; d\u00fcnyada 11 ayr\u0131 dilde toplam 47 milyon adet sat\u0131ld\u0131. Viktor Suvorov, \u0130kinci D\u00fcnya Sava\u015f\u0131 ve yak\u0131n tarihi, \u00e7ok farkl\u0131 bir a\u00e7\u0131dan, \u00e7ok az insan\u0131n bakt\u0131\u011f\u0131 bir a\u00e7\u0131dan ele al\u0131yor. Bildiklerinizin tamam\u0131 bir kenara b\u0131rak\u0131n, BUZKIRAN\u2019\u0131 okuyun! <\/p>\n","protected":false},"excerpt":{"rendered":"<p>\u201c Suvorov, son 60 y\u0131l i\u00e7erisinde dinlenen, s\u00f6ylenen, okunan her Sovyet \u015fark\u0131s\u0131, \u015fiiri ve roman\u0131yla; \u00e7\u0131kar\u0131lan her film, kaleme al\u0131nan her kitap ve her makaleyle; kabul<span class=\"excerpt-hellip\"> [\u2026]<\/span><\/p>\n","protected":false},"featured_media":0,"template":"","meta":{"_monsterinsights_skip_tracking":false,"_monsterinsights_sitenote_active":false,"_monsterinsights_sitenote_note":"","_monsterinsights_sitenote_category":0},"product_brand":[],"product_cat":[15563,24020],"product_tag":[],"class_list":{"0":"post-701485","1":"product","2":"type-product","3":"status-publish","5":"product_cat-hobi","6":"product_cat-kultur","7":"pa_cilt-ciltsiz","8":"pa_tur-kitap","9":"pa_yayinevi-delta-kultur-yayinevi","10":"pa_yazar-viktor-suvorov","12":"first","13":"instock","14":"sale","15":"shipping-taxable","16":"purchasable","17":"product-type-simple"},"_links":{"self":[{"href":"https:\/\/roveyayinevi.com.tr\/index.php\/wp-json\/wp\/v2\/product\/701485","targetHints":{"allow":["GET"]}}],"collection":[{"href":"https:\/\/roveyayinevi.com.tr\/index.php\/wp-json\/wp\/v2\/product"}],"about":[{"href":"https:\/\/roveyayinevi.com.tr\/index.php\/wp-json\/wp\/v2\/types\/product"}],"wp:attachment":[{"href":"https:\/\/roveyayinevi.com.tr\/index.php\/wp-json\/wp\/v2\/media?parent=701485"}],"wp:term":[{"taxonomy":"product_brand","embeddable":true,"href":"https:\/\/roveyayinevi.com.tr\/index.php\/wp-json\/wp\/v2\/product_brand?post=701485"},{"taxonomy":"product_cat","embeddable":true,"href":"https:\/\/roveyayinevi.com.tr\/index.php\/wp-json\/wp\/v2\/product_cat?post=701485"},{"taxonomy":"product_tag","embeddable":true,"href":"https:\/\/roveyayinevi.com.tr\/index.php\/wp-json\/wp\/v2\/product_tag?post=701485"}],"curies":[{"name":"wp","href":"https:\/\/api.w.org\/{rel}","templated":true}]}}