{"id":701481,"date":"2025-08-27T15:09:40","date_gmt":"2025-08-27T12:09:40","guid":{"rendered":"https:\/\/roveyayinevi.com.tr\/index.php\/urun\/almanca-gezi-ve-konusma-rehberi\/"},"modified":"2026-04-16T02:10:48","modified_gmt":"2026-04-15T23:10:48","slug":"almanca-gezi-ve-konusma-rehberi","status":"publish","type":"product","link":"https:\/\/roveyayinevi.com.tr\/index.php\/urun\/almanca-gezi-ve-konusma-rehberi\/","title":{"rendered":"Almanca Gezi ve Konu\u015fma Rehberi"},"content":{"rendered":"<p>Yay\u0131nlanm\u0131\u015f en geni\u015f kapsaml\u0131 T\u00fcrk\u00e7e-Almanca Konu\u015fma ve Gezi Rehberini inceliyorsunuz. Bu kitap, Almanca konu\u015fulan \u00fclkelere yapaca\u011f\u0131n\u0131z turizm veya i\u015f seyahatlerinizde, seyahat \u00f6ncesi ve s\u00fcresince yan\u0131n\u0131zdan ay\u0131ramayaca\u011f\u0131n\u0131z bir ba\u015fucu kitab\u0131d\u0131r. Rehber, hen\u00fcz hi\u00e7 Almanca bilmeyen ve Almanya\u2019da bulunmam\u0131\u015f okuyucuya hizmet edebilecek bi\u00e7imde tasarlanm\u0131\u015ft\u0131r. Ki\u015finin, kendini en h\u0131zl\u0131, kolay ve do\u011fru ifade edebilece\u011fi bir kurguya sahiptir. Tematik kurgu i\u00e7erisinde konulara g\u00f6re tipik c\u00fcmleler ve bu c\u00fcmleler i\u00e7erisinde ge\u00e7ebilecek kelimeler, okunu\u015flar\u0131 ile birlikte verilmi\u015ftir. Yine bu konular\u0131n gereken b\u00f6l\u00fcmlerinde Almanya ve Almanlarla ilgili k\u00fclt\u00fcrel ipu\u00e7lar\u0131 verilmi\u015f, sizi bekleyen olumlu ya da olumsuz durumlara ili\u015fkin uyar\u0131lar yap\u0131lm\u0131\u015ft\u0131r. Alman k\u00fclt\u00fcr\u00fc, gelenekleri ile ilgili ipu\u00e7lar\u0131 ve Berlin gezi rehberini de i\u00e7eren bu rehberde, Alman mutfa\u011f\u0131n\u0131n farkl\u0131 \u00f6rneklerinin bulundu\u011fu a\u00e7\u0131klamal\u0131 bir men\u00fc de yer almaktad\u0131r. Seyahatiniz boyunca size yard\u0131mc\u0131 olacak bu rehberden h\u0131zl\u0131 ve kolay yararlanabilmeniz i\u00e7in NASIL KULLANACAKSINIZ? b\u00f6l\u00fcm\u00fcn\u00fc dikkatlice okuyunuz! <\/p>\n","protected":false},"excerpt":{"rendered":"<p>Yay\u0131nlanm\u0131\u015f en geni\u015f kapsaml\u0131 T\u00fcrk\u00e7e-Almanca Konu\u015fma ve Gezi Rehberini inceliyorsunuz. Bu kitap, Almanca konu\u015fulan \u00fclkelere yapaca\u011f\u0131n\u0131z turizm veya i\u015f seyahatlerinizde, seyahat \u00f6ncesi ve s\u00fcresince yan\u0131n\u0131zdan ay\u0131ramayaca\u011f\u0131n\u0131z<span class=\"excerpt-hellip\"> [\u2026]<\/span><\/p>\n","protected":false},"featured_media":0,"template":"","meta":{"_monsterinsights_skip_tracking":false,"_monsterinsights_sitenote_active":false,"_monsterinsights_sitenote_note":"","_monsterinsights_sitenote_category":0},"product_brand":[],"product_cat":[26111,14597,12566],"product_tag":[],"class_list":{"0":"post-701481","1":"product","2":"type-product","3":"status-publish","5":"product_cat-almanca","6":"product_cat-dil-ogrenimi","7":"product_cat-egitim","8":"pa_cilt-ciltsiz","9":"pa_tur-kitap","10":"pa_yayinevi-delta-kultur-yayinevi","11":"pa_yazar-derya-perk-er-mutlu-er","13":"first","14":"instock","15":"sale","16":"shipping-taxable","17":"purchasable","18":"product-type-simple"},"_links":{"self":[{"href":"https:\/\/roveyayinevi.com.tr\/index.php\/wp-json\/wp\/v2\/product\/701481","targetHints":{"allow":["GET"]}}],"collection":[{"href":"https:\/\/roveyayinevi.com.tr\/index.php\/wp-json\/wp\/v2\/product"}],"about":[{"href":"https:\/\/roveyayinevi.com.tr\/index.php\/wp-json\/wp\/v2\/types\/product"}],"wp:attachment":[{"href":"https:\/\/roveyayinevi.com.tr\/index.php\/wp-json\/wp\/v2\/media?parent=701481"}],"wp:term":[{"taxonomy":"product_brand","embeddable":true,"href":"https:\/\/roveyayinevi.com.tr\/index.php\/wp-json\/wp\/v2\/product_brand?post=701481"},{"taxonomy":"product_cat","embeddable":true,"href":"https:\/\/roveyayinevi.com.tr\/index.php\/wp-json\/wp\/v2\/product_cat?post=701481"},{"taxonomy":"product_tag","embeddable":true,"href":"https:\/\/roveyayinevi.com.tr\/index.php\/wp-json\/wp\/v2\/product_tag?post=701481"}],"curies":[{"name":"wp","href":"https:\/\/api.w.org\/{rel}","templated":true}]}}