{"id":701477,"date":"2025-08-27T15:09:38","date_gmt":"2025-08-27T12:09:38","guid":{"rendered":"https:\/\/roveyayinevi.com.tr\/index.php\/urun\/masallar-ulkesi-7-orman-cocugu\/"},"modified":"2026-04-16T02:10:47","modified_gmt":"2026-04-15T23:10:47","slug":"masallar-ulkesi-7-orman-cocugu","status":"publish","type":"product","link":"https:\/\/roveyayinevi.com.tr\/index.php\/urun\/masallar-ulkesi-7-orman-cocugu\/","title":{"rendered":"Masallar \u00dclkesi 7 -Orman \u00c7ocu\u011fu"},"content":{"rendered":"<p>Elinizdeki bu kitapta de\u011fer olarak,Vefakarl\u0131k konusu i\u015flenmi\u015ftir. <\/p>\n","protected":false},"excerpt":{"rendered":"<p>Elinizdeki bu kitapta de\u011fer olarak,Vefakarl\u0131k konusu i\u015flenmi\u015ftir.<\/p>\n","protected":false},"featured_media":0,"template":"","meta":{"_monsterinsights_skip_tracking":false,"_monsterinsights_sitenote_active":false,"_monsterinsights_sitenote_note":"","_monsterinsights_sitenote_category":0},"product_brand":[],"product_cat":[12364],"product_tag":[],"class_list":{"0":"post-701477","1":"product","2":"type-product","3":"status-publish","5":"product_cat-genel-konular","6":"pa_tur-kitap","7":"pa_yayinevi-cilek-kitaplar","8":"pa_yazar-kolektif","10":"first","11":"instock","12":"sale","13":"shipping-taxable","14":"purchasable","15":"product-type-simple"},"_links":{"self":[{"href":"https:\/\/roveyayinevi.com.tr\/index.php\/wp-json\/wp\/v2\/product\/701477","targetHints":{"allow":["GET"]}}],"collection":[{"href":"https:\/\/roveyayinevi.com.tr\/index.php\/wp-json\/wp\/v2\/product"}],"about":[{"href":"https:\/\/roveyayinevi.com.tr\/index.php\/wp-json\/wp\/v2\/types\/product"}],"wp:attachment":[{"href":"https:\/\/roveyayinevi.com.tr\/index.php\/wp-json\/wp\/v2\/media?parent=701477"}],"wp:term":[{"taxonomy":"product_brand","embeddable":true,"href":"https:\/\/roveyayinevi.com.tr\/index.php\/wp-json\/wp\/v2\/product_brand?post=701477"},{"taxonomy":"product_cat","embeddable":true,"href":"https:\/\/roveyayinevi.com.tr\/index.php\/wp-json\/wp\/v2\/product_cat?post=701477"},{"taxonomy":"product_tag","embeddable":true,"href":"https:\/\/roveyayinevi.com.tr\/index.php\/wp-json\/wp\/v2\/product_tag?post=701477"}],"curies":[{"name":"wp","href":"https:\/\/api.w.org\/{rel}","templated":true}]}}