{"id":701474,"date":"2025-08-27T15:09:37","date_gmt":"2025-08-27T12:09:37","guid":{"rendered":"https:\/\/roveyayinevi.com.tr\/index.php\/urun\/kayip-amerika\/"},"modified":"2026-04-16T02:10:47","modified_gmt":"2026-04-15T23:10:47","slug":"kayip-amerika","status":"publish","type":"product","link":"https:\/\/roveyayinevi.com.tr\/index.php\/urun\/kayip-amerika\/","title":{"rendered":"Kay\u0131p (Amerika)"},"content":{"rendered":"<p>Cem Yay\u0131nevi, \u00e7a\u011f\u0131m\u0131z\u0131n b\u00fcy\u00fck yazarlar\u0131ndan Kafka&#8217;n\u0131n b\u00fct\u00fcn eserlerini, K\u00e2muran \u015eipal&#8217;in T\u00fcrk\u00e7esiyle yay\u0131nlamaktad\u0131r. B\u00fct\u00fcn Eserler&#8217;de Bir Sava\u015f\u0131n Tasviri , Hikayeler , Ta\u015frada D\u00fc\u011f\u00fcn Haz\u0131rl\u0131klar\u0131 , Dava , \u015eato , G\u00fcnl\u00fckler , De\u011fi\u015fim , Ottla&#8217;ya ve Ailesine Mektuplar , Babama Mektup ve elinizdeli Kay\u0131p (Amerika) yer almaktad\u0131r. \ufffcTan\u0131t\u0131m Metni<\/p>\n","protected":false},"excerpt":{"rendered":"<p>Cem Yay\u0131nevi, \u00e7a\u011f\u0131m\u0131z\u0131n b\u00fcy\u00fck yazarlar\u0131ndan Kafka&#8217;n\u0131n b\u00fct\u00fcn eserlerini, K\u00e2muran \u015eipal&#8217;in T\u00fcrk\u00e7esiyle yay\u0131nlamaktad\u0131r. B\u00fct\u00fcn Eserler&#8217;de Bir Sava\u015f\u0131n Tasviri , Hikayeler , Ta\u015frada D\u00fc\u011f\u00fcn Haz\u0131rl\u0131klar\u0131 , Dava ,<span class=\"excerpt-hellip\"> [\u2026]<\/span><\/p>\n","protected":false},"featured_media":0,"template":"","meta":{"_monsterinsights_skip_tracking":false,"_monsterinsights_sitenote_active":false,"_monsterinsights_sitenote_note":"","_monsterinsights_sitenote_category":0},"product_brand":[],"product_cat":[12782,12291],"product_tag":[],"class_list":{"0":"post-701474","1":"product","2":"type-product","3":"status-publish","5":"product_cat-alman-edebiyati","6":"product_cat-edebiyat","7":"pa_tur-kitap","8":"pa_yayinevi-cem-yayinevi","9":"pa_yazar-franz-kafka","11":"first","12":"instock","13":"sale","14":"shipping-taxable","15":"purchasable","16":"product-type-simple"},"_links":{"self":[{"href":"https:\/\/roveyayinevi.com.tr\/index.php\/wp-json\/wp\/v2\/product\/701474","targetHints":{"allow":["GET"]}}],"collection":[{"href":"https:\/\/roveyayinevi.com.tr\/index.php\/wp-json\/wp\/v2\/product"}],"about":[{"href":"https:\/\/roveyayinevi.com.tr\/index.php\/wp-json\/wp\/v2\/types\/product"}],"wp:attachment":[{"href":"https:\/\/roveyayinevi.com.tr\/index.php\/wp-json\/wp\/v2\/media?parent=701474"}],"wp:term":[{"taxonomy":"product_brand","embeddable":true,"href":"https:\/\/roveyayinevi.com.tr\/index.php\/wp-json\/wp\/v2\/product_brand?post=701474"},{"taxonomy":"product_cat","embeddable":true,"href":"https:\/\/roveyayinevi.com.tr\/index.php\/wp-json\/wp\/v2\/product_cat?post=701474"},{"taxonomy":"product_tag","embeddable":true,"href":"https:\/\/roveyayinevi.com.tr\/index.php\/wp-json\/wp\/v2\/product_tag?post=701474"}],"curies":[{"name":"wp","href":"https:\/\/api.w.org\/{rel}","templated":true}]}}