{"id":701471,"date":"2025-08-27T15:09:37","date_gmt":"2025-08-27T12:09:37","guid":{"rendered":"https:\/\/roveyayinevi.com.tr\/index.php\/urun\/psikiyatri-pratiginde-elektrokonvulsif-tedavi\/"},"modified":"2026-01-29T02:19:42","modified_gmt":"2026-01-28T23:19:42","slug":"psikiyatri-pratiginde-elektrokonvulsif-tedavi","status":"publish","type":"product","link":"https:\/\/roveyayinevi.com.tr\/index.php\/urun\/psikiyatri-pratiginde-elektrokonvulsif-tedavi\/","title":{"rendered":"Psikiyatri Prati\u011finde Elektrokonvulsif Tedavi"},"content":{"rendered":"<p>\u0130stedi\u011fim \u015fey asl\u0131nda \u00f6lmek de\u011fil. Ancak bu \u015fekilde, umutsuzluk ve \u00e7aresizlik duygular\u0131yla daha fazla ya\u015fayabilece\u011fimden emin de\u011filim&#8230;  -Manning- Kad\u0131n Bedeninin Cinselli\u011fi Reddedi\u015fi: Vajinismus-Cinsel Terapi Uygulama Elkitab\u0131\u2019ndan sonra  Psikiyatri Prati\u011finde Elektrokonvulsif Tedavi  adl\u0131 bu kitap yazar\u0131n ikinci eseridir. Yazar bu kitapta, \u00f6zellikle psikotik belirtiler ve intihar d\u00fc\u015f\u00fcncelerinin e\u015flik etti\u011fi depresyon tedavisinde etkili olan EKT\u2019nin; tarih\u00e7esi, etki mekanizmas\u0131, uygulama endikasyonlar\u0131, EKT \u00f6ncesinde ve sonras\u0131nda hastaya yakla\u015f\u0131m, uygulama teknikleri, anestezi uygulamas\u0131, ila\u00e7 etkile\u015fimleri, yasal ve etik y\u00f6nleri ve yan etkiler konusundaki literat\u00fcr\u00fc i\u015flevsel bir bi\u00e7imde \u00f6zetlemeyi, bu konudaki klinik tecr\u00fcbelerini payla\u015fmay\u0131, b\u00f6ylece ruh sa\u011fl\u0131\u011f\u0131 alan\u0131nda hizmet veren profesyonellere ve hastalara bir yol haritas\u0131 sunmay\u0131 ama\u00e7lamaktad\u0131r. <\/p>\n","protected":false},"excerpt":{"rendered":"<p>\u0130stedi\u011fim \u015fey asl\u0131nda \u00f6lmek de\u011fil. Ancak bu \u015fekilde, umutsuzluk ve \u00e7aresizlik duygular\u0131yla daha fazla ya\u015fayabilece\u011fimden emin de\u011filim&#8230; -Manning- Kad\u0131n Bedeninin Cinselli\u011fi Reddedi\u015fi: Vajinismus-Cinsel Terapi Uygulama Elkitab\u0131\u2019ndan<span class=\"excerpt-hellip\"> [\u2026]<\/span><\/p>\n","protected":false},"featured_media":0,"template":"","meta":{"_monsterinsights_skip_tracking":false,"_monsterinsights_sitenote_active":false,"_monsterinsights_sitenote_note":"","_monsterinsights_sitenote_category":0},"product_brand":[],"product_cat":[12358,12357],"product_tag":[],"class_list":{"0":"post-701471","1":"product","2":"type-product","3":"status-publish","5":"product_cat-genel-psikoloji","6":"product_cat-psikoloji","7":"pa_cilt-ciltsiz","8":"pa_tur-kitap","9":"pa_yayinevi-ck-yayinevi","10":"pa_yazar-cebrail-kisa","12":"first","13":"instock","14":"sale","15":"shipping-taxable","16":"purchasable","17":"product-type-simple"},"_links":{"self":[{"href":"https:\/\/roveyayinevi.com.tr\/index.php\/wp-json\/wp\/v2\/product\/701471","targetHints":{"allow":["GET"]}}],"collection":[{"href":"https:\/\/roveyayinevi.com.tr\/index.php\/wp-json\/wp\/v2\/product"}],"about":[{"href":"https:\/\/roveyayinevi.com.tr\/index.php\/wp-json\/wp\/v2\/types\/product"}],"wp:attachment":[{"href":"https:\/\/roveyayinevi.com.tr\/index.php\/wp-json\/wp\/v2\/media?parent=701471"}],"wp:term":[{"taxonomy":"product_brand","embeddable":true,"href":"https:\/\/roveyayinevi.com.tr\/index.php\/wp-json\/wp\/v2\/product_brand?post=701471"},{"taxonomy":"product_cat","embeddable":true,"href":"https:\/\/roveyayinevi.com.tr\/index.php\/wp-json\/wp\/v2\/product_cat?post=701471"},{"taxonomy":"product_tag","embeddable":true,"href":"https:\/\/roveyayinevi.com.tr\/index.php\/wp-json\/wp\/v2\/product_tag?post=701471"}],"curies":[{"name":"wp","href":"https:\/\/api.w.org\/{rel}","templated":true}]}}