{"id":701470,"date":"2025-08-27T15:09:36","date_gmt":"2025-08-27T12:09:36","guid":{"rendered":"https:\/\/roveyayinevi.com.tr\/index.php\/urun\/hasta-bedenin-ruhu\/"},"modified":"2026-01-29T02:19:42","modified_gmt":"2026-01-28T23:19:42","slug":"hasta-bedenin-ruhu","status":"publish","type":"product","link":"https:\/\/roveyayinevi.com.tr\/index.php\/urun\/hasta-bedenin-ruhu\/","title":{"rendered":"Hasta Bedenin Ruhu"},"content":{"rendered":"<p>\u0130nanmakta zorluk \u00e7ekti\u011fimiz, bizi hayrete d\u00fc\u015f\u00fcren manzaralarla kar\u015f\u0131la\u015ft\u0131\u011f\u0131m\u0131zda baz\u0131lar\u0131m\u0131z bu s\u00f6z\u00fc s\u0131k\u00e7a kullan\u0131r. Biri beni \u00e7imdiklesin! Neden ki? \u00c7\u00fcnk\u00fc ya\u015fad\u0131\u011f\u0131m an\u0131n ger\u00e7ek olup olmad\u0131\u011f\u0131n\u0131, belki bedenimin \u00e7imdiklenmesi ile anlayabilirim. Sa\u011fl\u0131kl\u0131 bedenlerin var olma bi\u00e7imleri o bedenlerin zihinsel var olma bi\u00e7imlerini belirledi\u011fi gibi hasta bedenlerin var olma bi\u00e7imleri de o bedenlerin zihinlerine etkide bulunmaktad\u0131r. Hasta bedenler ne hisseder? Bedensel rahats\u0131zl\u0131k durumlar\u0131nda insan psikolojisinde neler olur? Sa\u011fl\u0131kl\u0131 olmak ve hasta olmak ifadelerinin toplumsal psikolojideki anlamlar\u0131 nelerdir? Beden ve psikoloji aras\u0131nda nas\u0131l bir ili\u015fki vard\u0131r? T\u0131bb\u0131n i\u00e7ine giren bedenlerin zihinlerinde neler olur? Bu ve bunlara benzer pek \u00e7ok soruya cevap bulma gayreti sonucunda elinizde tuttu\u011funuz kitap \u015fekillenmi\u015f oldu. \u0130ki y\u0131l boyunca a\u011fr\u0131 tedaviler g\u00f6rmesine, birka\u00e7 ameliyat ge\u00e7irmesine ra\u011fmen kansere yenik d\u00fc\u015fen ve 2008 y\u0131l\u0131n\u0131n May\u0131s ay\u0131nda ilahi takdire boyun e\u011ferek ebediyete u\u011furlad\u0131\u011f\u0131m babam Mehmet Beyazy\u00fcz\u2019\u00fcn ya\u015fad\u0131\u011f\u0131 bedensel \u0131st\u0131raplar, o \u0131st\u0131raplar\u0131n yan\u0131 ba\u015f\u0131nda ge\u00e7irdi\u011fim saatler ve onun her \u015feye ra\u011fmen g\u00fclmeye ve g\u00fcld\u00fcrmeye \u00e7al\u0131\u015fan ruhu da var bu kitab\u0131n i\u00e7inde. <\/p>\n","protected":false},"excerpt":{"rendered":"<p>\u0130nanmakta zorluk \u00e7ekti\u011fimiz, bizi hayrete d\u00fc\u015f\u00fcren manzaralarla kar\u015f\u0131la\u015ft\u0131\u011f\u0131m\u0131zda baz\u0131lar\u0131m\u0131z bu s\u00f6z\u00fc s\u0131k\u00e7a kullan\u0131r. Biri beni \u00e7imdiklesin! Neden ki? \u00c7\u00fcnk\u00fc ya\u015fad\u0131\u011f\u0131m an\u0131n ger\u00e7ek olup olmad\u0131\u011f\u0131n\u0131, belki bedenimin<span class=\"excerpt-hellip\"> [\u2026]<\/span><\/p>\n","protected":false},"featured_media":0,"template":"","meta":{"_monsterinsights_skip_tracking":false,"_monsterinsights_sitenote_active":false,"_monsterinsights_sitenote_note":"","_monsterinsights_sitenote_category":0},"product_brand":[],"product_cat":[12755,12357],"product_tag":[],"class_list":{"0":"post-701470","1":"product","2":"type-product","3":"status-publish","5":"product_cat-gelisim-psikolojisi","6":"product_cat-psikoloji","7":"pa_cilt-ciltsiz","8":"pa_tur-kitap","9":"pa_yayinevi-ck-yayinevi","10":"pa_yazar-erol-goka","12":"first","13":"instock","14":"sale","15":"shipping-taxable","16":"purchasable","17":"product-type-simple"},"_links":{"self":[{"href":"https:\/\/roveyayinevi.com.tr\/index.php\/wp-json\/wp\/v2\/product\/701470","targetHints":{"allow":["GET"]}}],"collection":[{"href":"https:\/\/roveyayinevi.com.tr\/index.php\/wp-json\/wp\/v2\/product"}],"about":[{"href":"https:\/\/roveyayinevi.com.tr\/index.php\/wp-json\/wp\/v2\/types\/product"}],"wp:attachment":[{"href":"https:\/\/roveyayinevi.com.tr\/index.php\/wp-json\/wp\/v2\/media?parent=701470"}],"wp:term":[{"taxonomy":"product_brand","embeddable":true,"href":"https:\/\/roveyayinevi.com.tr\/index.php\/wp-json\/wp\/v2\/product_brand?post=701470"},{"taxonomy":"product_cat","embeddable":true,"href":"https:\/\/roveyayinevi.com.tr\/index.php\/wp-json\/wp\/v2\/product_cat?post=701470"},{"taxonomy":"product_tag","embeddable":true,"href":"https:\/\/roveyayinevi.com.tr\/index.php\/wp-json\/wp\/v2\/product_tag?post=701470"}],"curies":[{"name":"wp","href":"https:\/\/api.w.org\/{rel}","templated":true}]}}