{"id":701469,"date":"2025-08-27T15:09:36","date_gmt":"2025-08-27T12:09:36","guid":{"rendered":"https:\/\/roveyayinevi.com.tr\/index.php\/urun\/martin-eden-4\/"},"modified":"2026-04-16T02:10:47","modified_gmt":"2026-04-15T23:10:47","slug":"martin-eden-4","status":"publish","type":"product","link":"https:\/\/roveyayinevi.com.tr\/index.php\/urun\/martin-eden-4\/","title":{"rendered":"Martin Eden"},"content":{"rendered":"<p>Martin Eden, Jack London&#8217;un \u00f6zya\u015famsal \u00f6\u011feleri en yo\u011fun ta\u015f\u0131yan roman\u0131d\u0131r. Martin Eden&#8217;in yazarl\u0131k ser\u00fcveni, ya\u015fama d\u00f6rt elle sar\u0131lmas\u0131 ve iyimser bak\u0131\u015f\u0131, London&#8217;un ya\u015fam\u0131yla b\u00fcy\u00fck ko\u015futluklar g\u00f6sterir. Bu roman, s\u0131n\u0131f atlamada bireysel sava\u015f\u0131m\u0131n ba\u015far\u0131s\u0131zl\u0131\u011f\u0131 \u00fczerine yaz\u0131lm\u0131\u015f en g\u00fc\u00e7l\u00fc metinlerden biri olarak da bilinir. London&#8217;un ya\u015fam\u0131na dair bir g\u00f6r\u00fc\u015f olu\u015fturabilmek i\u00e7in, bu roman mutlaka okunmal\u0131d\u0131r. <\/p>\n","protected":false},"excerpt":{"rendered":"<p>Martin Eden, Jack London&#8217;un \u00f6zya\u015famsal \u00f6\u011feleri en yo\u011fun ta\u015f\u0131yan roman\u0131d\u0131r. Martin Eden&#8217;in yazarl\u0131k ser\u00fcveni, ya\u015fama d\u00f6rt elle sar\u0131lmas\u0131 ve iyimser bak\u0131\u015f\u0131, London&#8217;un ya\u015fam\u0131yla b\u00fcy\u00fck ko\u015futluklar g\u00f6sterir.<span class=\"excerpt-hellip\"> [\u2026]<\/span><\/p>\n","protected":false},"featured_media":0,"template":"","meta":{"_monsterinsights_skip_tracking":false,"_monsterinsights_sitenote_active":false,"_monsterinsights_sitenote_note":"","_monsterinsights_sitenote_category":0},"product_brand":[],"product_cat":[12891,12291],"product_tag":[],"class_list":{"0":"post-701469","1":"product","2":"type-product","3":"status-publish","5":"product_cat-amerikan-edebiyati","6":"product_cat-edebiyat","7":"pa_cilt-ciltsiz","8":"pa_tur-kitap","9":"pa_yayinevi-cem-yayinevi","10":"pa_yazar-jack-london","12":"first","13":"instock","14":"sale","15":"shipping-taxable","16":"purchasable","17":"product-type-simple"},"_links":{"self":[{"href":"https:\/\/roveyayinevi.com.tr\/index.php\/wp-json\/wp\/v2\/product\/701469","targetHints":{"allow":["GET"]}}],"collection":[{"href":"https:\/\/roveyayinevi.com.tr\/index.php\/wp-json\/wp\/v2\/product"}],"about":[{"href":"https:\/\/roveyayinevi.com.tr\/index.php\/wp-json\/wp\/v2\/types\/product"}],"wp:attachment":[{"href":"https:\/\/roveyayinevi.com.tr\/index.php\/wp-json\/wp\/v2\/media?parent=701469"}],"wp:term":[{"taxonomy":"product_brand","embeddable":true,"href":"https:\/\/roveyayinevi.com.tr\/index.php\/wp-json\/wp\/v2\/product_brand?post=701469"},{"taxonomy":"product_cat","embeddable":true,"href":"https:\/\/roveyayinevi.com.tr\/index.php\/wp-json\/wp\/v2\/product_cat?post=701469"},{"taxonomy":"product_tag","embeddable":true,"href":"https:\/\/roveyayinevi.com.tr\/index.php\/wp-json\/wp\/v2\/product_tag?post=701469"}],"curies":[{"name":"wp","href":"https:\/\/api.w.org\/{rel}","templated":true}]}}