{"id":701466,"date":"2025-08-27T15:09:35","date_gmt":"2025-08-27T12:09:35","guid":{"rendered":"https:\/\/roveyayinevi.com.tr\/index.php\/urun\/kadin-bedeninin-cinselligi-reddedisi-vajinismus\/"},"modified":"2026-01-29T02:19:41","modified_gmt":"2026-01-28T23:19:41","slug":"kadin-bedeninin-cinselligi-reddedisi-vajinismus","status":"publish","type":"product","link":"https:\/\/roveyayinevi.com.tr\/index.php\/urun\/kadin-bedeninin-cinselligi-reddedisi-vajinismus\/","title":{"rendered":"Kad\u0131n Bedeninin Cinselli\u011fi Reddedi\u015fi: Vajinismus"},"content":{"rendered":"<p>Kad\u0131n Bedeninin Cinselli\u011fi Reddedi\u015fi: Vajinismus Cinsel Terapi Uygulama Elkitab\u0131\u2019nda cinsel a\u011fr\u0131 bozukluklar\u0131 i\u00e7inde s\u0131n\u0131fland\u0131r\u0131lan ve \u00fclkemizde cinsel i\u015flev bozuklu\u011fu hastalar\u0131 aras\u0131nda tedavi ba\u015fvurular\u0131n\u0131n b\u00fcy\u00fck \u00e7o\u011funlu\u011funun sebebi olan vajinismus ele al\u0131nd\u0131. Bu kitapta ilk b\u00f6l\u00fcmde vajinismusun tan\u0131m\u0131, tan\u0131 \u00f6l\u00e7\u00fctleri, ay\u0131r\u0131c\u0131 tan\u0131 ve nedenleri, ikinci b\u00f6l\u00fcmde \u00f6yk\u00fc almak ve de\u011ferlendirme yapmak, \u00fc\u00e7\u00fcnc\u00fc b\u00f6l\u00fcmde ise vajinismusun tedavi program\u0131 ayr\u0131nt\u0131l\u0131 bir \u015fekilde anlat\u0131ld\u0131. Bu kitab\u0131n; doktor, e\u011fitmen, t\u0131p ve psikoloji \u00f6\u011frencilerinin, en \u00f6nemlisi de vajinismus sorunu ya\u015fayan dan\u0131\u015fanlar i\u00e7in \u00f6nemli bir ba\u015fvuru kayna\u011f\u0131 olaca\u011f\u0131n\u0131 d\u00fc\u015f\u00fcn\u00fcyoruz. <\/p>\n","protected":false},"excerpt":{"rendered":"<p>Kad\u0131n Bedeninin Cinselli\u011fi Reddedi\u015fi: Vajinismus Cinsel Terapi Uygulama Elkitab\u0131\u2019nda cinsel a\u011fr\u0131 bozukluklar\u0131 i\u00e7inde s\u0131n\u0131fland\u0131r\u0131lan ve \u00fclkemizde cinsel i\u015flev bozuklu\u011fu hastalar\u0131 aras\u0131nda tedavi ba\u015fvurular\u0131n\u0131n b\u00fcy\u00fck \u00e7o\u011funlu\u011funun sebebi<span class=\"excerpt-hellip\"> [\u2026]<\/span><\/p>\n","protected":false},"featured_media":0,"template":"","meta":{"_monsterinsights_skip_tracking":false,"_monsterinsights_sitenote_active":false,"_monsterinsights_sitenote_note":"","_monsterinsights_sitenote_category":0},"product_brand":[],"product_cat":[35288,13365],"product_tag":[],"class_list":{"0":"post-701466","1":"product","2":"type-product","3":"status-publish","5":"product_cat-cinsellik-saglik","6":"product_cat-saglik","7":"pa_cilt-ciltsiz","8":"pa_tur-kitap","9":"pa_yayinevi-ck-yayinevi","10":"pa_yazar-cebrail-kisa","12":"first","13":"instock","14":"sale","15":"shipping-taxable","16":"purchasable","17":"product-type-simple"},"_links":{"self":[{"href":"https:\/\/roveyayinevi.com.tr\/index.php\/wp-json\/wp\/v2\/product\/701466","targetHints":{"allow":["GET"]}}],"collection":[{"href":"https:\/\/roveyayinevi.com.tr\/index.php\/wp-json\/wp\/v2\/product"}],"about":[{"href":"https:\/\/roveyayinevi.com.tr\/index.php\/wp-json\/wp\/v2\/types\/product"}],"wp:attachment":[{"href":"https:\/\/roveyayinevi.com.tr\/index.php\/wp-json\/wp\/v2\/media?parent=701466"}],"wp:term":[{"taxonomy":"product_brand","embeddable":true,"href":"https:\/\/roveyayinevi.com.tr\/index.php\/wp-json\/wp\/v2\/product_brand?post=701466"},{"taxonomy":"product_cat","embeddable":true,"href":"https:\/\/roveyayinevi.com.tr\/index.php\/wp-json\/wp\/v2\/product_cat?post=701466"},{"taxonomy":"product_tag","embeddable":true,"href":"https:\/\/roveyayinevi.com.tr\/index.php\/wp-json\/wp\/v2\/product_tag?post=701466"}],"curies":[{"name":"wp","href":"https:\/\/api.w.org\/{rel}","templated":true}]}}