{"id":701464,"date":"2025-08-27T15:09:35","date_gmt":"2025-08-27T12:09:35","guid":{"rendered":"https:\/\/roveyayinevi.com.tr\/index.php\/urun\/resimli-cinsel-terapi-elkitabi\/"},"modified":"2026-01-29T02:19:41","modified_gmt":"2026-01-28T23:19:41","slug":"resimli-cinsel-terapi-elkitabi","status":"publish","type":"product","link":"https:\/\/roveyayinevi.com.tr\/index.php\/urun\/resimli-cinsel-terapi-elkitabi\/","title":{"rendered":"Resimli Cinsel Terapi Elkitab\u0131"},"content":{"rendered":"<p>Bu son derece pratik el kitab\u0131, alt\u0131 \u00f6nemli cinsel i\u015flev bozuklu\u011funu kad\u0131nda ketlenmi\u015f uyar\u0131lma, kad\u0131nda orgazm bozuklu\u011fu, vajinismus, cinsel iktidars\u0131zl\u0131k, ge\u00e7 bo\u015falma ve erken bo\u015falma yap\u0131s\u0131 ve nedenleri ile bunlar\u0131n \u00fcstesinden gelmek i\u00e7in kullan\u0131lan terap\u00f6tik cinsel teknikler a\u00e7\u0131s\u0131ndan vazge\u00e7ilmez bir rehberdir. Dr. Kaplan, \u00fc\u00e7\u00fc kad\u0131nlar\u0131 \u00fc\u00e7\u00fc de erkekleri etkileyen bu bozukluklar\u0131n her biri i\u00e7in tedavi s\u00fcrecinde \u00e7iftlere verilen \u00e7e\u015fitli davran\u0131\u015fsal teknikleri veya erotik \u00f6devleri tan\u0131mlamaktad\u0131r. Bu \u00f6devler, en iyi \u015fekilde resimlerle a\u00e7\u0131kland\u0131\u011f\u0131ndan dolay\u0131, \u00e7izimler bu kitab\u0131n \u00f6z\u00fcn\u00fc olu\u015fturmaktad\u0131r. Bu kitaba doktorlar\u0131n, \u00f6\u011fretmenlerin, t\u0131p ve psikoloji \u00f6\u011frencilerinin en \u00f6nemlisi de bizzat cinsel i\u015flev bozuklu\u011fu ya\u015fayanlar\u0131n k\u00fct\u00fcphanesinde k\u00f6kl\u00fc bir yer edindirmek i\u00e7in a\u00e7\u0131k ve anla\u015f\u0131l\u0131r bir dil ile zarif\u00e7e resmedilmi\u015f \u00e7izimler bir araya getirilmi\u015ftir. <\/p>\n","protected":false},"excerpt":{"rendered":"<p>Bu son derece pratik el kitab\u0131, alt\u0131 \u00f6nemli cinsel i\u015flev bozuklu\u011funu kad\u0131nda ketlenmi\u015f uyar\u0131lma, kad\u0131nda orgazm bozuklu\u011fu, vajinismus, cinsel iktidars\u0131zl\u0131k, ge\u00e7 bo\u015falma ve erken bo\u015falma yap\u0131s\u0131<span class=\"excerpt-hellip\"> [\u2026]<\/span><\/p>\n","protected":false},"featured_media":0,"template":"","meta":{"_monsterinsights_skip_tracking":false,"_monsterinsights_sitenote_active":false,"_monsterinsights_sitenote_note":"","_monsterinsights_sitenote_category":0},"product_brand":[],"product_cat":[35288,13365],"product_tag":[],"class_list":{"0":"post-701464","1":"product","2":"type-product","3":"status-publish","5":"product_cat-cinsellik-saglik","6":"product_cat-saglik","7":"pa_cilt-ciltsiz","8":"pa_tur-kitap","9":"pa_yayinevi-ck-yayinevi","10":"pa_yazar-helen-singer-kaplan","12":"first","13":"instock","14":"sale","15":"shipping-taxable","16":"purchasable","17":"product-type-simple"},"_links":{"self":[{"href":"https:\/\/roveyayinevi.com.tr\/index.php\/wp-json\/wp\/v2\/product\/701464","targetHints":{"allow":["GET"]}}],"collection":[{"href":"https:\/\/roveyayinevi.com.tr\/index.php\/wp-json\/wp\/v2\/product"}],"about":[{"href":"https:\/\/roveyayinevi.com.tr\/index.php\/wp-json\/wp\/v2\/types\/product"}],"wp:attachment":[{"href":"https:\/\/roveyayinevi.com.tr\/index.php\/wp-json\/wp\/v2\/media?parent=701464"}],"wp:term":[{"taxonomy":"product_brand","embeddable":true,"href":"https:\/\/roveyayinevi.com.tr\/index.php\/wp-json\/wp\/v2\/product_brand?post=701464"},{"taxonomy":"product_cat","embeddable":true,"href":"https:\/\/roveyayinevi.com.tr\/index.php\/wp-json\/wp\/v2\/product_cat?post=701464"},{"taxonomy":"product_tag","embeddable":true,"href":"https:\/\/roveyayinevi.com.tr\/index.php\/wp-json\/wp\/v2\/product_tag?post=701464"}],"curies":[{"name":"wp","href":"https:\/\/api.w.org\/{rel}","templated":true}]}}