{"id":701463,"date":"2025-08-27T15:09:34","date_gmt":"2025-08-27T12:09:34","guid":{"rendered":"https:\/\/roveyayinevi.com.tr\/index.php\/urun\/hac-uzerine\/"},"modified":"2026-04-16T02:10:47","modified_gmt":"2026-04-15T23:10:47","slug":"hac-uzerine","status":"publish","type":"product","link":"https:\/\/roveyayinevi.com.tr\/index.php\/urun\/hac-uzerine\/","title":{"rendered":"Hac \u00dczerine"},"content":{"rendered":"<p>Dualar Kitab\u0131&#8217;n\u0131n ikinci b\u00f6l\u00fcm\u00fc olan Hac \u00dczerine 1901&#8217;de yay\u0131nland\u0131. Bu \u015fiirler, Rilke&#8217;nin Lou Andreas Salome ile birlikte yapt\u0131\u011f\u0131 iki Rusya gezisinin izlenimleri \u00fczerinedir. Rilke, Rusya gezilerinin izlenimlerini \u015fiirle\u015ftirirken, derin bir i\u00e7sellik s\u00fcrecine giriyor. Bu i\u00e7selle\u015fmede kad\u0131n duyarl\u0131\u011f\u0131, belki de Lou&#8217;ya olan a\u015fk\u0131ndan, \u00f6nemli bir i\u015flev g\u00f6r\u00fcyor. \u015eiirsel Ben&#8217;in kendi ruh derinlerine giden bir hac burada s\u00f6z konusu olan. \ufffcTan\u0131t\u0131m Metni<\/p>\n","protected":false},"excerpt":{"rendered":"<p>Dualar Kitab\u0131&#8217;n\u0131n ikinci b\u00f6l\u00fcm\u00fc olan Hac \u00dczerine 1901&#8217;de yay\u0131nland\u0131. Bu \u015fiirler, Rilke&#8217;nin Lou Andreas Salome ile birlikte yapt\u0131\u011f\u0131 iki Rusya gezisinin izlenimleri \u00fczerinedir. Rilke, Rusya gezilerinin<span class=\"excerpt-hellip\"> [\u2026]<\/span><\/p>\n","protected":false},"featured_media":0,"template":"","meta":{"_monsterinsights_skip_tracking":false,"_monsterinsights_sitenote_active":false,"_monsterinsights_sitenote_note":"","_monsterinsights_sitenote_category":0},"product_brand":[],"product_cat":[12291,12509],"product_tag":[],"class_list":{"0":"post-701463","1":"product","2":"type-product","3":"status-publish","5":"product_cat-edebiyat","6":"product_cat-siir","7":"pa_tur-kitap","8":"pa_yayinevi-cem-yayinevi","9":"pa_yazar-rainer-maria-rilke","11":"first","12":"instock","13":"sale","14":"shipping-taxable","15":"purchasable","16":"product-type-simple"},"_links":{"self":[{"href":"https:\/\/roveyayinevi.com.tr\/index.php\/wp-json\/wp\/v2\/product\/701463","targetHints":{"allow":["GET"]}}],"collection":[{"href":"https:\/\/roveyayinevi.com.tr\/index.php\/wp-json\/wp\/v2\/product"}],"about":[{"href":"https:\/\/roveyayinevi.com.tr\/index.php\/wp-json\/wp\/v2\/types\/product"}],"wp:attachment":[{"href":"https:\/\/roveyayinevi.com.tr\/index.php\/wp-json\/wp\/v2\/media?parent=701463"}],"wp:term":[{"taxonomy":"product_brand","embeddable":true,"href":"https:\/\/roveyayinevi.com.tr\/index.php\/wp-json\/wp\/v2\/product_brand?post=701463"},{"taxonomy":"product_cat","embeddable":true,"href":"https:\/\/roveyayinevi.com.tr\/index.php\/wp-json\/wp\/v2\/product_cat?post=701463"},{"taxonomy":"product_tag","embeddable":true,"href":"https:\/\/roveyayinevi.com.tr\/index.php\/wp-json\/wp\/v2\/product_tag?post=701463"}],"curies":[{"name":"wp","href":"https:\/\/api.w.org\/{rel}","templated":true}]}}