{"id":701456,"date":"2025-08-27T15:09:32","date_gmt":"2025-08-27T12:09:32","guid":{"rendered":"https:\/\/roveyayinevi.com.tr\/index.php\/urun\/turkcenin-gizemi\/"},"modified":"2026-04-16T02:10:47","modified_gmt":"2026-04-15T23:10:47","slug":"turkcenin-gizemi","status":"publish","type":"product","link":"https:\/\/roveyayinevi.com.tr\/index.php\/urun\/turkcenin-gizemi\/","title":{"rendered":"T\u00fcrk\u00e7enin Gizemi"},"content":{"rendered":"<p>Akdeniz \u00dcniversitesi Fen Edebiyat Fak\u00fcltesi T\u00fcrk dili Edebiyat\u0131 B\u00f6l\u00fcm Ba\u015fkan\u0131 Prof. Dr. Fuat Bozkurt, T\u00fcrk dili ve k\u00fclt\u00fcr\u00fc ile ilgili 25 kitab\u0131yla tan\u0131nan bir bilim adam\u0131. Yazar\u0131n T\u00fcrklerin Dili, T\u00fcrkiye T\u00fcrk\u00e7esi kitaplar\u0131 yurt i\u00e7inde ve yurt d\u0131\u015f\u0131nda bir\u00e7ok \u00fcniversitede temel ders kitab\u0131 kabul edilmi\u015f durumda. <\/p>\n","protected":false},"excerpt":{"rendered":"<p>Akdeniz \u00dcniversitesi Fen Edebiyat Fak\u00fcltesi T\u00fcrk dili Edebiyat\u0131 B\u00f6l\u00fcm Ba\u015fkan\u0131 Prof. Dr. Fuat Bozkurt, T\u00fcrk dili ve k\u00fclt\u00fcr\u00fc ile ilgili 25 kitab\u0131yla tan\u0131nan bir bilim adam\u0131.<span class=\"excerpt-hellip\"> [\u2026]<\/span><\/p>\n","protected":false},"featured_media":0,"template":"","meta":{"_monsterinsights_skip_tracking":false,"_monsterinsights_sitenote_active":false,"_monsterinsights_sitenote_note":"","_monsterinsights_sitenote_category":0},"product_brand":[],"product_cat":[12365,12364],"product_tag":[],"class_list":{"0":"post-701456","1":"product","2":"type-product","3":"status-publish","5":"product_cat-diger-genel-konular","6":"product_cat-genel-konular","7":"pa_cilt-ciltsiz","8":"pa_tur-kitap","9":"pa_yayinevi-cem-yayinevi","10":"pa_yazar-fuat-bozkurt","12":"first","13":"instock","14":"sale","15":"shipping-taxable","16":"purchasable","17":"product-type-simple"},"_links":{"self":[{"href":"https:\/\/roveyayinevi.com.tr\/index.php\/wp-json\/wp\/v2\/product\/701456","targetHints":{"allow":["GET"]}}],"collection":[{"href":"https:\/\/roveyayinevi.com.tr\/index.php\/wp-json\/wp\/v2\/product"}],"about":[{"href":"https:\/\/roveyayinevi.com.tr\/index.php\/wp-json\/wp\/v2\/types\/product"}],"wp:attachment":[{"href":"https:\/\/roveyayinevi.com.tr\/index.php\/wp-json\/wp\/v2\/media?parent=701456"}],"wp:term":[{"taxonomy":"product_brand","embeddable":true,"href":"https:\/\/roveyayinevi.com.tr\/index.php\/wp-json\/wp\/v2\/product_brand?post=701456"},{"taxonomy":"product_cat","embeddable":true,"href":"https:\/\/roveyayinevi.com.tr\/index.php\/wp-json\/wp\/v2\/product_cat?post=701456"},{"taxonomy":"product_tag","embeddable":true,"href":"https:\/\/roveyayinevi.com.tr\/index.php\/wp-json\/wp\/v2\/product_tag?post=701456"}],"curies":[{"name":"wp","href":"https:\/\/api.w.org\/{rel}","templated":true}]}}