{"id":701451,"date":"2025-08-27T15:09:30","date_gmt":"2025-08-27T12:09:30","guid":{"rendered":"https:\/\/roveyayinevi.com.tr\/index.php\/urun\/iyi-ruhlara-adak\/"},"modified":"2026-04-16T02:10:47","modified_gmt":"2026-04-15T23:10:47","slug":"iyi-ruhlara-adak","status":"publish","type":"product","link":"https:\/\/roveyayinevi.com.tr\/index.php\/urun\/iyi-ruhlara-adak\/","title":{"rendered":"\u0130yi Ruhlara Adak"},"content":{"rendered":"<p>Eski evde; a\u00e7\u0131k \u00f6n\u00fcme bakt\u0131mKar\u015f\u0131mda \u00e7epe\u00e7evre Prag var;Ta a\u015fa\u011f\u0131da bu alaca saatlarGe\u00e7iyor sessiz usul ad\u0131m. Kent cam ard\u0131nda gibi bulan\u0131k.Yaln\u0131z, mi\u011fferli bir dev gibi,Y\u00fckseliyor \u00f6n\u00fcmde k\u00fcf ye\u015filiKule kubbesi Aziz Nikolas&#8217;\u0131n tan\u0131k. Orda burda i\u015fte bir \u0131\u015f\u0131k k\u0131pr\u0131yorUzak bo\u011fucu kent u\u011fultusunda.Sanki, bu eski evin avuntusunda\u015eimdi bir ses diyor <\/p>\n","protected":false},"excerpt":{"rendered":"<p>Eski evde; a\u00e7\u0131k \u00f6n\u00fcme bakt\u0131mKar\u015f\u0131mda \u00e7epe\u00e7evre Prag var;Ta a\u015fa\u011f\u0131da bu alaca saatlarGe\u00e7iyor sessiz usul ad\u0131m. Kent cam ard\u0131nda gibi bulan\u0131k.Yaln\u0131z, mi\u011fferli bir dev gibi,Y\u00fckseliyor \u00f6n\u00fcmde k\u00fcf<span class=\"excerpt-hellip\"> [\u2026]<\/span><\/p>\n","protected":false},"featured_media":0,"template":"","meta":{"_monsterinsights_skip_tracking":false,"_monsterinsights_sitenote_active":false,"_monsterinsights_sitenote_note":"","_monsterinsights_sitenote_category":0},"product_brand":[],"product_cat":[12291,12509],"product_tag":[],"class_list":{"0":"post-701451","1":"product","2":"type-product","3":"status-publish","5":"product_cat-edebiyat","6":"product_cat-siir","7":"pa_cilt-ciltsiz","8":"pa_tur-kitap","9":"pa_yayinevi-cem-yayinevi","10":"pa_yazar-rainer-maria-rilke","12":"first","13":"instock","14":"sale","15":"shipping-taxable","16":"purchasable","17":"product-type-simple"},"_links":{"self":[{"href":"https:\/\/roveyayinevi.com.tr\/index.php\/wp-json\/wp\/v2\/product\/701451","targetHints":{"allow":["GET"]}}],"collection":[{"href":"https:\/\/roveyayinevi.com.tr\/index.php\/wp-json\/wp\/v2\/product"}],"about":[{"href":"https:\/\/roveyayinevi.com.tr\/index.php\/wp-json\/wp\/v2\/types\/product"}],"wp:attachment":[{"href":"https:\/\/roveyayinevi.com.tr\/index.php\/wp-json\/wp\/v2\/media?parent=701451"}],"wp:term":[{"taxonomy":"product_brand","embeddable":true,"href":"https:\/\/roveyayinevi.com.tr\/index.php\/wp-json\/wp\/v2\/product_brand?post=701451"},{"taxonomy":"product_cat","embeddable":true,"href":"https:\/\/roveyayinevi.com.tr\/index.php\/wp-json\/wp\/v2\/product_cat?post=701451"},{"taxonomy":"product_tag","embeddable":true,"href":"https:\/\/roveyayinevi.com.tr\/index.php\/wp-json\/wp\/v2\/product_tag?post=701451"}],"curies":[{"name":"wp","href":"https:\/\/api.w.org\/{rel}","templated":true}]}}