{"id":701449,"date":"2025-08-27T15:09:30","date_gmt":"2025-08-27T12:09:30","guid":{"rendered":"https:\/\/roveyayinevi.com.tr\/index.php\/urun\/intihar-3\/"},"modified":"2026-04-16T02:10:47","modified_gmt":"2026-04-15T23:10:47","slug":"intihar-3","status":"publish","type":"product","link":"https:\/\/roveyayinevi.com.tr\/index.php\/urun\/intihar-3\/","title":{"rendered":"\u0130ntihar"},"content":{"rendered":"<p>Emile Durkheim (1858 &#8211; 1917), 20. Y\u00fczy\u0131l toplumbilimcileri aras\u0131nda \u00f6nemli bir yeri olan bilim adam\u0131d\u0131r. Toplumbiliminin kendine \u00f6zg\u00fc konusu, y\u00f6ntemi ve uygulama teknikleri \u00fczerine uygulamal\u0131 bir\u00e7ok \u00e7al\u0131\u015fma yapm\u0131\u015ft\u0131r. 1896&#8217;da kurup 1913&#8217;e de\u011fin yay\u0131m\u0131n\u0131 s\u00fcrd\u00fcrd\u00fc\u011f\u00fc I&#8217;Ann&#8217;ee Sociologue dergisindeki incelemeleri \u00f6zellikle an\u0131lmaya de\u011ferdir. Bu katk\u0131lar\u0131 nedeniyle her toplumbilim \u00f6\u011frencisi ve \u00f6\u011freticisi i\u00e7in vazge\u00e7ilmez bir kaynak olma \u00f6zelli\u011fini hep koruyacakt\u0131r. Ancak bireyselli\u011fin i\u00e7inde anla\u015f\u0131labilece\u011fi d\u00fc\u015f\u00fcn\u00fclen intihar, Durkheim&#8217;da toplumsal etkenlere ba\u011fl\u0131 bir olgu olarak kar\u015f\u0131m\u0131za \u00e7\u0131kar. Bu nedenle de toplumbilimsel y\u00f6ntemle ele al\u0131nmas\u0131 gerekti\u011fi savunulur. Durkheim, intihar olgusunu incelerken toplumsal ya\u015fam\u0131n ba\u015fl\u0131ca alanlar\u0131n\u0131 \u00f6rg\u00fctleyen e\u015fg\u00fcd\u00fclm\u00fc\u015f, y\u00f6nverici d\u00fc\u015f\u00fcnceler ve davran\u0131\u015f kurallar\u0131 toplam\u0131 demek olan toplumsal kurumlar\u0131n ve kurumla\u015fma s\u00fcre\u00e7lerinin \u00f6nemini anlatmakta. Toplumbiliminin kullan\u0131m alanlar\u0131n\u0131 ve yollar\u0131n\u0131 g\u00f6stermektedir. 1897 y\u0131l\u0131nda Fransa&#8217;da yay\u0131mlanan elinizdeki kitap, T\u00fcrk\u00e7ede ilk kez prof. Dr. \u00d6zer Ozankaya&#8217;n\u0131n \u00e7evirisiyle 1986 y\u0131l\u0131nda yay\u0131mland\u0131. Bu \u00f6nemli \u00e7evirinin okurlar\u0131m\u0131z taraf\u0131ndan ilgiyle kar\u015f\u0131lanaca\u011f\u0131n\u0131 umuyoruz. \ufffc<\/p>\n","protected":false},"excerpt":{"rendered":"<p>Emile Durkheim (1858 &#8211; 1917), 20. Y\u00fczy\u0131l toplumbilimcileri aras\u0131nda \u00f6nemli bir yeri olan bilim adam\u0131d\u0131r. Toplumbiliminin kendine \u00f6zg\u00fc konusu, y\u00f6ntemi ve uygulama teknikleri \u00fczerine uygulamal\u0131 bir\u00e7ok<span class=\"excerpt-hellip\"> [\u2026]<\/span><\/p>\n","protected":false},"featured_media":0,"template":"","meta":{"_monsterinsights_skip_tracking":false,"_monsterinsights_sitenote_active":false,"_monsterinsights_sitenote_note":"","_monsterinsights_sitenote_category":0},"product_brand":[],"product_cat":[12835,12324],"product_tag":[],"class_list":{"0":"post-701449","1":"product","2":"type-product","3":"status-publish","5":"product_cat-genel-sosyoloji","6":"product_cat-sosyoloji","7":"pa_cilt-ciltsiz","8":"pa_tur-kitap","9":"pa_yayinevi-cem-yayinevi","10":"pa_yazar-emile-durkheim","12":"first","13":"instock","14":"sale","15":"shipping-taxable","16":"purchasable","17":"product-type-simple"},"_links":{"self":[{"href":"https:\/\/roveyayinevi.com.tr\/index.php\/wp-json\/wp\/v2\/product\/701449","targetHints":{"allow":["GET"]}}],"collection":[{"href":"https:\/\/roveyayinevi.com.tr\/index.php\/wp-json\/wp\/v2\/product"}],"about":[{"href":"https:\/\/roveyayinevi.com.tr\/index.php\/wp-json\/wp\/v2\/types\/product"}],"wp:attachment":[{"href":"https:\/\/roveyayinevi.com.tr\/index.php\/wp-json\/wp\/v2\/media?parent=701449"}],"wp:term":[{"taxonomy":"product_brand","embeddable":true,"href":"https:\/\/roveyayinevi.com.tr\/index.php\/wp-json\/wp\/v2\/product_brand?post=701449"},{"taxonomy":"product_cat","embeddable":true,"href":"https:\/\/roveyayinevi.com.tr\/index.php\/wp-json\/wp\/v2\/product_cat?post=701449"},{"taxonomy":"product_tag","embeddable":true,"href":"https:\/\/roveyayinevi.com.tr\/index.php\/wp-json\/wp\/v2\/product_tag?post=701449"}],"curies":[{"name":"wp","href":"https:\/\/api.w.org\/{rel}","templated":true}]}}