{"id":701444,"date":"2025-08-27T15:09:28","date_gmt":"2025-08-27T12:09:28","guid":{"rendered":"https:\/\/roveyayinevi.com.tr\/index.php\/urun\/tasrada-dugun-hazirliklari\/"},"modified":"2026-04-16T02:10:47","modified_gmt":"2026-04-15T23:10:47","slug":"tasrada-dugun-hazirliklari","status":"publish","type":"product","link":"https:\/\/roveyayinevi.com.tr\/index.php\/urun\/tasrada-dugun-hazirliklari\/","title":{"rendered":"Ta\u015frada D\u00fc\u011f\u00fcn Haz\u0131rl\u0131klar\u0131"},"content":{"rendered":"<p>Cem Yay\u0131nevi, \u00e7a\u011f\u0131m\u0131z\u0131n b\u00fcy\u00fck yazarlar\u0131ndan Kafka&#8217;n\u0131n b\u00fct\u00fcn eserlerini, K\u00e2muran \u015eipal&#8217;in T\u00fcrk\u00e7esiyle yay\u0131nlamaktad\u0131r. Kafka&#8217;n\u0131n \u00f6l\u00fcm\u00fcnden sonra arkada\u015f\u0131 Max Brod&#8217;un haz\u0131rlad\u0131\u011f\u0131 b\u00fct\u00fcn eserlerde Bir Sava\u015f\u0131n Tasviri , Hikayeler , Dava , \u015eato , Kay\u0131p (Amerika) , Ottla&#8217;ya ve Ailesine Mektuplar , Babama Mektup , G\u00fcnl\u00fckler ve elinizde bulunan Ta\u015frada D\u00fc\u011f\u00fcn Haz\u0131rl\u0131klar\u0131 yer almaktad\u0131r. \ufffc<\/p>\n","protected":false},"excerpt":{"rendered":"<p>Cem Yay\u0131nevi, \u00e7a\u011f\u0131m\u0131z\u0131n b\u00fcy\u00fck yazarlar\u0131ndan Kafka&#8217;n\u0131n b\u00fct\u00fcn eserlerini, K\u00e2muran \u015eipal&#8217;in T\u00fcrk\u00e7esiyle yay\u0131nlamaktad\u0131r. Kafka&#8217;n\u0131n \u00f6l\u00fcm\u00fcnden sonra arkada\u015f\u0131 Max Brod&#8217;un haz\u0131rlad\u0131\u011f\u0131 b\u00fct\u00fcn eserlerde Bir Sava\u015f\u0131n Tasviri , Hikayeler<span class=\"excerpt-hellip\"> [\u2026]<\/span><\/p>\n","protected":false},"featured_media":0,"template":"","meta":{"_monsterinsights_skip_tracking":false,"_monsterinsights_sitenote_active":false,"_monsterinsights_sitenote_note":"","_monsterinsights_sitenote_category":0},"product_brand":[],"product_cat":[12782,12291],"product_tag":[],"class_list":{"0":"post-701444","1":"product","2":"type-product","3":"status-publish","5":"product_cat-alman-edebiyati","6":"product_cat-edebiyat","7":"pa_cilt-ciltsiz","8":"pa_tur-kitap","9":"pa_yayinevi-cem-yayinevi","10":"pa_yazar-franz-kafka","12":"first","13":"instock","14":"sale","15":"shipping-taxable","16":"purchasable","17":"product-type-simple"},"_links":{"self":[{"href":"https:\/\/roveyayinevi.com.tr\/index.php\/wp-json\/wp\/v2\/product\/701444","targetHints":{"allow":["GET"]}}],"collection":[{"href":"https:\/\/roveyayinevi.com.tr\/index.php\/wp-json\/wp\/v2\/product"}],"about":[{"href":"https:\/\/roveyayinevi.com.tr\/index.php\/wp-json\/wp\/v2\/types\/product"}],"wp:attachment":[{"href":"https:\/\/roveyayinevi.com.tr\/index.php\/wp-json\/wp\/v2\/media?parent=701444"}],"wp:term":[{"taxonomy":"product_brand","embeddable":true,"href":"https:\/\/roveyayinevi.com.tr\/index.php\/wp-json\/wp\/v2\/product_brand?post=701444"},{"taxonomy":"product_cat","embeddable":true,"href":"https:\/\/roveyayinevi.com.tr\/index.php\/wp-json\/wp\/v2\/product_cat?post=701444"},{"taxonomy":"product_tag","embeddable":true,"href":"https:\/\/roveyayinevi.com.tr\/index.php\/wp-json\/wp\/v2\/product_tag?post=701444"}],"curies":[{"name":"wp","href":"https:\/\/api.w.org\/{rel}","templated":true}]}}