{"id":701443,"date":"2025-08-27T15:09:27","date_gmt":"2025-08-27T12:09:27","guid":{"rendered":"https:\/\/roveyayinevi.com.tr\/index.php\/urun\/sato-4\/"},"modified":"2026-04-16T02:10:47","modified_gmt":"2026-04-15T23:10:47","slug":"sato-4","status":"publish","type":"product","link":"https:\/\/roveyayinevi.com.tr\/index.php\/urun\/sato-4\/","title":{"rendered":"\u015eato"},"content":{"rendered":"<p>Cem Yay\u0131nevi, \u00e7a\u011f\u0131m\u0131z\u0131n b\u00fcy\u00fck yazarlar\u0131ndan Kafka&#8217;n\u0131n b\u00fct\u00fcn eserlerini K\u00e2muran \u015eipal&#8217;in T\u00fcrk\u00e7esiyle yay\u0131nlamaktad\u0131r. B\u00fct\u00fcn Eserler&#8217;de, &#8220;Bir Sava\u015f\u0131n Tasviri&#8221;, &#8220;Hikayeler&#8221;, &#8220;Ta\u015frada D\u00fc\u011f\u00fcn Haz\u0131rl\u0131klar\u0131&#8221;, &#8220;Dava&#8221;, &#8220;Kay\u0131p (Amerika)&#8221;, &#8220;G\u00fcnl\u00fckler&#8221;, &#8220;De\u011fi\u015fim&#8221;, &#8220;Ottla&#8217;ya ve Ailesine Mektuplar&#8221;, &#8220;Babama Mektup&#8221; ve elinizdeki &#8220;\u015eato&#8221; yer almaktad\u0131r. \u015eato&#8217;nunbu \u00e7evirisi Cem Yay\u0131nevi&#8217;nde \u015fimdiye kadar \u00e7\u0131kan bas\u0131mlardan farkl\u0131 bir \u00f6zellik ta\u015f\u0131yor. Daha \u00f6nce Max Brod&#8217;un bask\u0131ya haz\u0131rlad\u0131\u011f\u0131 \u015eato \u00e7evirisi, bu kez Malcolm Pasley taraf\u0131ndan bask\u0131ya haz\u0131rlanan &#8220;Edisyon Kritik&#8221; dizisinde yay\u0131nlanan metin temel al\u0131narak yeniden g\u00f6zden ge\u00e7irilmi\u015ftir. \ufffcTan\u0131t\u0131m Metni<\/p>\n","protected":false},"excerpt":{"rendered":"<p>Cem Yay\u0131nevi, \u00e7a\u011f\u0131m\u0131z\u0131n b\u00fcy\u00fck yazarlar\u0131ndan Kafka&#8217;n\u0131n b\u00fct\u00fcn eserlerini K\u00e2muran \u015eipal&#8217;in T\u00fcrk\u00e7esiyle yay\u0131nlamaktad\u0131r. B\u00fct\u00fcn Eserler&#8217;de, &#8220;Bir Sava\u015f\u0131n Tasviri&#8221;, &#8220;Hikayeler&#8221;, &#8220;Ta\u015frada D\u00fc\u011f\u00fcn Haz\u0131rl\u0131klar\u0131&#8221;, &#8220;Dava&#8221;, &#8220;Kay\u0131p (Amerika)&#8221;, &#8220;G\u00fcnl\u00fckler&#8221;, &#8220;De\u011fi\u015fim&#8221;,<span class=\"excerpt-hellip\"> [\u2026]<\/span><\/p>\n","protected":false},"featured_media":0,"template":"","meta":{"_monsterinsights_skip_tracking":false,"_monsterinsights_sitenote_active":false,"_monsterinsights_sitenote_note":"","_monsterinsights_sitenote_category":0},"product_brand":[],"product_cat":[12782,12291],"product_tag":[],"class_list":{"0":"post-701443","1":"product","2":"type-product","3":"status-publish","5":"product_cat-alman-edebiyati","6":"product_cat-edebiyat","7":"pa_cilt-ciltsiz","8":"pa_tur-kitap","9":"pa_yayinevi-cem-yayinevi","10":"pa_yazar-franz-kafka","12":"first","13":"instock","14":"sale","15":"shipping-taxable","16":"purchasable","17":"product-type-simple"},"_links":{"self":[{"href":"https:\/\/roveyayinevi.com.tr\/index.php\/wp-json\/wp\/v2\/product\/701443","targetHints":{"allow":["GET"]}}],"collection":[{"href":"https:\/\/roveyayinevi.com.tr\/index.php\/wp-json\/wp\/v2\/product"}],"about":[{"href":"https:\/\/roveyayinevi.com.tr\/index.php\/wp-json\/wp\/v2\/types\/product"}],"wp:attachment":[{"href":"https:\/\/roveyayinevi.com.tr\/index.php\/wp-json\/wp\/v2\/media?parent=701443"}],"wp:term":[{"taxonomy":"product_brand","embeddable":true,"href":"https:\/\/roveyayinevi.com.tr\/index.php\/wp-json\/wp\/v2\/product_brand?post=701443"},{"taxonomy":"product_cat","embeddable":true,"href":"https:\/\/roveyayinevi.com.tr\/index.php\/wp-json\/wp\/v2\/product_cat?post=701443"},{"taxonomy":"product_tag","embeddable":true,"href":"https:\/\/roveyayinevi.com.tr\/index.php\/wp-json\/wp\/v2\/product_tag?post=701443"}],"curies":[{"name":"wp","href":"https:\/\/api.w.org\/{rel}","templated":true}]}}