{"id":701442,"date":"2025-08-27T15:09:27","date_gmt":"2025-08-27T12:09:27","guid":{"rendered":"https:\/\/roveyayinevi.com.tr\/index.php\/urun\/sorunlu-okul-cocugu\/"},"modified":"2026-04-16T02:10:47","modified_gmt":"2026-04-15T23:10:47","slug":"sorunlu-okul-cocugu","status":"publish","type":"product","link":"https:\/\/roveyayinevi.com.tr\/index.php\/urun\/sorunlu-okul-cocugu\/","title":{"rendered":"Sorunlu Okul \u00c7ocu\u011fu"},"content":{"rendered":"<p>\u00c7ocuklarla d\u00fc\u015f\u00fcp kalkmada se\u00e7kin bir rehber niteli\u011fini ta\u015f\u0131yan bu kitap, \u00e7ocuklar\u0131n e\u011fitimiyle ilgili olarak \u00e7are arayan anne ve babalarla \u00f6\u011fretmenlerin yo\u011fun ba\u015fvurular\u0131n\u0131 kar\u015f\u0131layabilmek i\u00e7in Adler&#8217;in Viyana&#8217;daki e\u011fitim dan\u0131\u015fma merkezlerinde ba\u015far\u0131yla uyguland\u0131\u011f\u0131 k\u0131sa s\u00fcreli dan\u0131\u015fma oturumlar\u0131n\u0131 i\u00e7ermektedir. Adler&#8217;in diliyle, \u00e7ocuklar\u0131n e\u011fitimine ili\u015fkin \u015fikayetler yelpazesi hayli geni\u015ftir, \u00e7evresiyle ilgisiz \u00fc\u00e7 ya\u015f\u0131ndaki ve yemek yemek istemeyen d\u00f6rt ya\u015f\u0131ndaki \u00e7ocuktan on yedi ya\u015f\u0131ndaki mah\u00e7up delikanl\u0131ya kadar uzan\u0131r. Okul korkusu, belli derslerdeki ba\u015far\u0131s\u0131zl\u0131k, alt\u0131n\u0131 \u0131slatma, tembellik, kendine hakim olamama, ge\u00e7imsizlik, yaramazl\u0131k, haylazl\u0131k ve cinsel ser\u00fcvenler, genel bak\u0131ms\u0131zl\u0131k ve toplumla b\u00fct\u00fcnle\u015fme yetersizli\u011fi de bu \u015fikayetler aras\u0131nda yer al\u0131r. B\u00fct\u00fcn bu \u015fikayetler kitapta tek tek ele al\u0131narak \u00e7\u00f6z\u00fcmlenmeye \u00e7al\u0131\u015f\u0131lmaktad\u0131r. <\/p>\n","protected":false},"excerpt":{"rendered":"<p>\u00c7ocuklarla d\u00fc\u015f\u00fcp kalkmada se\u00e7kin bir rehber niteli\u011fini ta\u015f\u0131yan bu kitap, \u00e7ocuklar\u0131n e\u011fitimiyle ilgili olarak \u00e7are arayan anne ve babalarla \u00f6\u011fretmenlerin yo\u011fun ba\u015fvurular\u0131n\u0131 kar\u015f\u0131layabilmek i\u00e7in Adler&#8217;in Viyana&#8217;daki<span class=\"excerpt-hellip\"> [\u2026]<\/span><\/p>\n","protected":false},"featured_media":0,"template":"","meta":{"_monsterinsights_skip_tracking":false,"_monsterinsights_sitenote_active":false,"_monsterinsights_sitenote_note":"","_monsterinsights_sitenote_category":0},"product_brand":[],"product_cat":[12679,12357],"product_tag":[],"class_list":{"0":"post-701442","1":"product","2":"type-product","3":"status-publish","5":"product_cat-cocuk-psikolojisi","6":"product_cat-psikoloji","7":"pa_cilt-ciltsiz","8":"pa_tur-kitap","9":"pa_yayinevi-cem-yayinevi","10":"pa_yazar-alfred-adler","12":"first","13":"instock","14":"sale","15":"shipping-taxable","16":"purchasable","17":"product-type-simple"},"_links":{"self":[{"href":"https:\/\/roveyayinevi.com.tr\/index.php\/wp-json\/wp\/v2\/product\/701442","targetHints":{"allow":["GET"]}}],"collection":[{"href":"https:\/\/roveyayinevi.com.tr\/index.php\/wp-json\/wp\/v2\/product"}],"about":[{"href":"https:\/\/roveyayinevi.com.tr\/index.php\/wp-json\/wp\/v2\/types\/product"}],"wp:attachment":[{"href":"https:\/\/roveyayinevi.com.tr\/index.php\/wp-json\/wp\/v2\/media?parent=701442"}],"wp:term":[{"taxonomy":"product_brand","embeddable":true,"href":"https:\/\/roveyayinevi.com.tr\/index.php\/wp-json\/wp\/v2\/product_brand?post=701442"},{"taxonomy":"product_cat","embeddable":true,"href":"https:\/\/roveyayinevi.com.tr\/index.php\/wp-json\/wp\/v2\/product_cat?post=701442"},{"taxonomy":"product_tag","embeddable":true,"href":"https:\/\/roveyayinevi.com.tr\/index.php\/wp-json\/wp\/v2\/product_tag?post=701442"}],"curies":[{"name":"wp","href":"https:\/\/api.w.org\/{rel}","templated":true}]}}