{"id":701438,"date":"2025-08-27T15:09:26","date_gmt":"2025-08-27T12:09:26","guid":{"rendered":"https:\/\/roveyayinevi.com.tr\/index.php\/urun\/hegel-ve-aydinlanma-yuzyili\/"},"modified":"2026-04-16T02:10:47","modified_gmt":"2026-04-15T23:10:47","slug":"hegel-ve-aydinlanma-yuzyili","status":"publish","type":"product","link":"https:\/\/roveyayinevi.com.tr\/index.php\/urun\/hegel-ve-aydinlanma-yuzyili\/","title":{"rendered":"Hegel ve Ayd\u0131nlanma Y\u00fczy\u0131l\u0131"},"content":{"rendered":"<p>Hegel ve Ayd\u0131nlanma Y\u00fczy\u0131l\u0131, Hegel&#8217;in d\u00fc\u015f\u00fcnce kaynaklar\u0131n\u0131n bir \u00f6nceki y\u00fczy\u0131lda, \u00f6zellikle Frans\u0131z Ayd\u0131nlanma d\u00fc\u015f\u00fcncesinde oldu\u011funu ileri s\u00fcren Hegel&#8217;in diyalektik d\u00fc\u015f\u00fcncesine uygun tart\u0131\u015fmal\u0131 bir kitap. Her b\u00f6l\u00fcm\u00fcn\u00fc ayr\u0131 bir yazar\u0131n kaleme ald\u0131\u011f\u0131 bu kitap, Hegel&#8217;i \u00e7e\u015fitli y\u00f6nlerden anlat\u0131rken, ayn\u0131 zamanda Ayd\u0131nlanma y\u00fczy\u0131l\u0131n\u0131n ba\u015fl\u0131ca filozoflar\u0131 olan Montesguieu, Voltaire, Diderot ve Rousseau gibi b\u00fcy\u00fck d\u00fc\u015f\u00fcn\u00fcrleri de yak\u0131ndan tan\u0131mam\u0131za yard\u0131mc\u0131 oluyor. Ayd\u0131nlanma y\u00fczy\u0131l\u0131 ile birlikte Alman \u0130dealizmi&#8217;ni de anlamak isteyen felsefe sever okuyucular i\u00e7in g\u00fczel bir arma\u011fan&#8230; \ufffcTan\u0131t\u0131m Metni<\/p>\n","protected":false},"excerpt":{"rendered":"<p>Hegel ve Ayd\u0131nlanma Y\u00fczy\u0131l\u0131, Hegel&#8217;in d\u00fc\u015f\u00fcnce kaynaklar\u0131n\u0131n bir \u00f6nceki y\u00fczy\u0131lda, \u00f6zellikle Frans\u0131z Ayd\u0131nlanma d\u00fc\u015f\u00fcncesinde oldu\u011funu ileri s\u00fcren Hegel&#8217;in diyalektik d\u00fc\u015f\u00fcncesine uygun tart\u0131\u015fmal\u0131 bir kitap. Her b\u00f6l\u00fcm\u00fcn\u00fc<span class=\"excerpt-hellip\"> [\u2026]<\/span><\/p>\n","protected":false},"featured_media":0,"template":"","meta":{"_monsterinsights_skip_tracking":false,"_monsterinsights_sitenote_active":false,"_monsterinsights_sitenote_note":"","_monsterinsights_sitenote_category":0},"product_brand":[],"product_cat":[12388,15309],"product_tag":[],"class_list":{"0":"post-701438","1":"product","2":"type-product","3":"status-publish","5":"product_cat-felsefe","6":"product_cat-felsefi-akimlar","7":"pa_tur-kitap","8":"pa_yayinevi-cem-yayinevi","9":"pa_yazar-guy-planty-bonjour","11":"first","12":"instock","13":"sale","14":"shipping-taxable","15":"purchasable","16":"product-type-simple"},"_links":{"self":[{"href":"https:\/\/roveyayinevi.com.tr\/index.php\/wp-json\/wp\/v2\/product\/701438","targetHints":{"allow":["GET"]}}],"collection":[{"href":"https:\/\/roveyayinevi.com.tr\/index.php\/wp-json\/wp\/v2\/product"}],"about":[{"href":"https:\/\/roveyayinevi.com.tr\/index.php\/wp-json\/wp\/v2\/types\/product"}],"wp:attachment":[{"href":"https:\/\/roveyayinevi.com.tr\/index.php\/wp-json\/wp\/v2\/media?parent=701438"}],"wp:term":[{"taxonomy":"product_brand","embeddable":true,"href":"https:\/\/roveyayinevi.com.tr\/index.php\/wp-json\/wp\/v2\/product_brand?post=701438"},{"taxonomy":"product_cat","embeddable":true,"href":"https:\/\/roveyayinevi.com.tr\/index.php\/wp-json\/wp\/v2\/product_cat?post=701438"},{"taxonomy":"product_tag","embeddable":true,"href":"https:\/\/roveyayinevi.com.tr\/index.php\/wp-json\/wp\/v2\/product_tag?post=701438"}],"curies":[{"name":"wp","href":"https:\/\/api.w.org\/{rel}","templated":true}]}}