{"id":701434,"date":"2025-08-27T15:08:28","date_gmt":"2025-08-27T12:08:28","guid":{"rendered":"https:\/\/roveyayinevi.com.tr\/index.php\/urun\/turkiye-tarihi-5-bugunku-turkiye-1980-2003\/"},"modified":"2026-04-16T02:10:47","modified_gmt":"2026-04-15T23:10:47","slug":"turkiye-tarihi-5-bugunku-turkiye-1980-2003","status":"publish","type":"product","link":"https:\/\/roveyayinevi.com.tr\/index.php\/urun\/turkiye-tarihi-5-bugunku-turkiye-1980-2003\/","title":{"rendered":"T\u00fcrkiye Tarihi 5 Bug\u00fcnk\u00fc T\u00fcrkiye 1980 &#8211; 2003"},"content":{"rendered":"<p>T\u00fcrkiye Tarihi, O\u011fuz Akkan ile Sina Ak\u015fin&#8217;in 1980 y\u0131l\u0131nda olu\u015fturduklar\u0131 bir tasar\u0131n\u0131n ve uzunca bir \u00e7al\u0131\u015fma ve haz\u0131rl\u0131k d\u00f6neminin \u00fcr\u00fcn\u00fcd\u00fcr. T\u00fcrkiye Tarihi 5 ciltten olu\u015fmaktad\u0131r. Her ciltte, d\u00f6nemin siyaset, iktisat, d\u00fc\u015f\u00fcnce, mimarl\u0131k ve sanat tarihleri ayr\u0131 b\u00f6l\u00fcmlerde incelenmektedir. 1. Cilt Osmanl\u0131 Devleti \u00f6ncesindeki T\u00fcrkleri ele almaktad\u0131r. 2. Cilt Osmanl\u0131 Tarihini 1600 y\u0131l\u0131na de\u011fin g\u00f6zden ge\u00e7irmektedir. 3. Cilt 1600-1908 y\u0131llar\u0131n\u0131 kaps\u0131yor. 4. Cilt 1908-1980 d\u00f6nemini inceliyor. 5. Cilt 1980-2003 d\u00f6nemini, yani \u015fimdiki T\u00fcrkiye&#8217;yi ele al\u0131yor. Sina Ak\u015fin yazarlar kadrosunu olu\u015fturmu\u015f ve yay\u0131n y\u00f6netmenli\u011fini \u00fcstlenmi\u015ftir. Siyaset Tarihi b\u00f6l\u00fcmlerinin yazarlar\u0131 \u00dcmit Hassan, Metin Kunt, Sina Ak\u015fin, Cemil Ko\u00e7ak, Hikmet \u00d6zdemir, B\u00fclent Tan\u00f6r&#8217;d\u00fcr. \u0130ktisat Tarihi b\u00f6l\u00fcmlerini Halil Berktay, Suraiya Faroqhi, Korkut Boratav, Zafer Toprak yazm\u0131\u015flard\u0131r. D\u00fc\u015f\u00fcnce Tarihi b\u00f6l\u00fcmleri \u00dcmit Hassan, H\u00fcseyin Yurdayd\u0131n, Sina Ak\u015fin, Selahattin Hilav, Murat Kato\u011flu taraf\u0131ndan kaleme al\u0131nm\u0131\u015ft\u0131r. Mimarl\u0131k ve Sanat Tarihi b\u00f6l\u00fcmlerinin tek yazar\u0131 Ayla \u00d6dekan&#8217;d\u0131r. \ufffcTan\u0131t\u0131m Metni<\/p>\n","protected":false},"excerpt":{"rendered":"<p>T\u00fcrkiye Tarihi, O\u011fuz Akkan ile Sina Ak\u015fin&#8217;in 1980 y\u0131l\u0131nda olu\u015fturduklar\u0131 bir tasar\u0131n\u0131n ve uzunca bir \u00e7al\u0131\u015fma ve haz\u0131rl\u0131k d\u00f6neminin \u00fcr\u00fcn\u00fcd\u00fcr. T\u00fcrkiye Tarihi 5 ciltten olu\u015fmaktad\u0131r. Her<span class=\"excerpt-hellip\"> [\u2026]<\/span><\/p>\n","protected":false},"featured_media":0,"template":"","meta":{"_monsterinsights_skip_tracking":false,"_monsterinsights_sitenote_active":false,"_monsterinsights_sitenote_note":"","_monsterinsights_sitenote_category":0},"product_brand":[],"product_cat":[12304,13493],"product_tag":[],"class_list":{"0":"post-701434","1":"product","2":"type-product","3":"status-publish","5":"product_cat-tarih","6":"product_cat-turkiye-ve-cumhuriyet-tarihi","7":"pa_tur-kitap","8":"pa_yayinevi-cem-yayinevi","9":"pa_yazar-sina-aksin","11":"first","12":"instock","13":"sale","14":"shipping-taxable","15":"purchasable","16":"product-type-simple"},"_links":{"self":[{"href":"https:\/\/roveyayinevi.com.tr\/index.php\/wp-json\/wp\/v2\/product\/701434","targetHints":{"allow":["GET"]}}],"collection":[{"href":"https:\/\/roveyayinevi.com.tr\/index.php\/wp-json\/wp\/v2\/product"}],"about":[{"href":"https:\/\/roveyayinevi.com.tr\/index.php\/wp-json\/wp\/v2\/types\/product"}],"wp:attachment":[{"href":"https:\/\/roveyayinevi.com.tr\/index.php\/wp-json\/wp\/v2\/media?parent=701434"}],"wp:term":[{"taxonomy":"product_brand","embeddable":true,"href":"https:\/\/roveyayinevi.com.tr\/index.php\/wp-json\/wp\/v2\/product_brand?post=701434"},{"taxonomy":"product_cat","embeddable":true,"href":"https:\/\/roveyayinevi.com.tr\/index.php\/wp-json\/wp\/v2\/product_cat?post=701434"},{"taxonomy":"product_tag","embeddable":true,"href":"https:\/\/roveyayinevi.com.tr\/index.php\/wp-json\/wp\/v2\/product_tag?post=701434"}],"curies":[{"name":"wp","href":"https:\/\/api.w.org\/{rel}","templated":true}]}}