{"id":701432,"date":"2025-08-27T15:08:28","date_gmt":"2025-08-27T12:08:28","guid":{"rendered":"https:\/\/roveyayinevi.com.tr\/index.php\/urun\/baska-gokler-altinda\/"},"modified":"2026-04-16T02:10:47","modified_gmt":"2026-04-15T23:10:47","slug":"baska-gokler-altinda","status":"publish","type":"product","link":"https:\/\/roveyayinevi.com.tr\/index.php\/urun\/baska-gokler-altinda\/","title":{"rendered":"Ba\u015fka G\u00f6kler Alt\u0131nda"},"content":{"rendered":"<p>Ataol Behramo\u011flu Saraybosna\u2019n\u0131n ku\u015fat\u0131lm\u0131\u015fl\u0131\u011f\u0131ndan Viyana\u2019n\u0131n duygusall\u0131\u011f\u0131na kadar uzanan bir rotada yurtd\u0131\u015f\u0131 gezilerinden \u00f6yk\u00fc tad\u0131nda denemeler sunuyor; okur kar\u015f\u0131s\u0131na \u015fair, gazeteci, sorumlu ayd\u0131n ve edebiyat\u00e7\u0131 kimliklerinin toplam\u0131yla \u00e7\u0131k\u0131yor. <\/p>\n","protected":false},"excerpt":{"rendered":"<p>Ataol Behramo\u011flu Saraybosna\u2019n\u0131n ku\u015fat\u0131lm\u0131\u015fl\u0131\u011f\u0131ndan Viyana\u2019n\u0131n duygusall\u0131\u011f\u0131na kadar uzanan bir rotada yurtd\u0131\u015f\u0131 gezilerinden \u00f6yk\u00fc tad\u0131nda denemeler sunuyor; okur kar\u015f\u0131s\u0131na \u015fair, gazeteci, sorumlu ayd\u0131n ve edebiyat\u00e7\u0131 kimliklerinin toplam\u0131yla<span class=\"excerpt-hellip\"> [\u2026]<\/span><\/p>\n","protected":false},"featured_media":0,"template":"","meta":{"_monsterinsights_skip_tracking":false,"_monsterinsights_sitenote_active":false,"_monsterinsights_sitenote_note":"","_monsterinsights_sitenote_category":0},"product_brand":[],"product_cat":[13055,13054],"product_tag":[],"class_list":{"0":"post-701432","1":"product","2":"type-product","3":"status-publish","5":"product_cat-gezi-rehberi","6":"product_cat-gezi-ve-rehber-kitaplari","7":"pa_tur-kitap","8":"pa_yayinevi-cumhuriyet-kitaplari","9":"pa_yazar-ataol-behramoglu","11":"first","12":"instock","13":"sale","14":"shipping-taxable","15":"purchasable","16":"product-type-simple"},"_links":{"self":[{"href":"https:\/\/roveyayinevi.com.tr\/index.php\/wp-json\/wp\/v2\/product\/701432","targetHints":{"allow":["GET"]}}],"collection":[{"href":"https:\/\/roveyayinevi.com.tr\/index.php\/wp-json\/wp\/v2\/product"}],"about":[{"href":"https:\/\/roveyayinevi.com.tr\/index.php\/wp-json\/wp\/v2\/types\/product"}],"wp:attachment":[{"href":"https:\/\/roveyayinevi.com.tr\/index.php\/wp-json\/wp\/v2\/media?parent=701432"}],"wp:term":[{"taxonomy":"product_brand","embeddable":true,"href":"https:\/\/roveyayinevi.com.tr\/index.php\/wp-json\/wp\/v2\/product_brand?post=701432"},{"taxonomy":"product_cat","embeddable":true,"href":"https:\/\/roveyayinevi.com.tr\/index.php\/wp-json\/wp\/v2\/product_cat?post=701432"},{"taxonomy":"product_tag","embeddable":true,"href":"https:\/\/roveyayinevi.com.tr\/index.php\/wp-json\/wp\/v2\/product_tag?post=701432"}],"curies":[{"name":"wp","href":"https:\/\/api.w.org\/{rel}","templated":true}]}}