{"id":701428,"date":"2025-08-27T15:08:26","date_gmt":"2025-08-27T12:08:26","guid":{"rendered":"https:\/\/roveyayinevi.com.tr\/index.php\/urun\/gecip-giden-her-saat-daha-genclesiyor\/"},"modified":"2026-04-16T02:10:47","modified_gmt":"2026-04-15T23:10:47","slug":"gecip-giden-her-saat-daha-genclesiyor","status":"publish","type":"product","link":"https:\/\/roveyayinevi.com.tr\/index.php\/urun\/gecip-giden-her-saat-daha-genclesiyor\/","title":{"rendered":"Ge\u00e7ip Giden Her Saat Daha Gen\u00e7le\u015fiyor"},"content":{"rendered":"<p>Cem Yay\u0131nevi&#8217;nin \u00f6nerisiyle 20. y\u00fczy\u0131l\u0131n b\u00fcy\u00fck d\u00fcnya \u015fairi Rainer Maria Rilke&#8217;nin b\u00fct\u00fcn \u015fiir kitaplar\u0131n\u0131 yakla\u015f\u0131k on y\u0131l s\u00fcren bir \u00e7al\u0131\u015fmayla \u00e7evirdim. Cem Yay\u0131nevi, Rilke&#8217;nin ilk gen\u00e7lik, orta ve olgunluk d\u00f6nemi \u015fiirlerini kapsayan on iki kitapl\u0131k toplam\u0131 T\u00fcrk\u00e7ede ilk kez \u015fiirseverlere sunuyor. <\/p>\n","protected":false},"excerpt":{"rendered":"<p>Cem Yay\u0131nevi&#8217;nin \u00f6nerisiyle 20. y\u00fczy\u0131l\u0131n b\u00fcy\u00fck d\u00fcnya \u015fairi Rainer Maria Rilke&#8217;nin b\u00fct\u00fcn \u015fiir kitaplar\u0131n\u0131 yakla\u015f\u0131k on y\u0131l s\u00fcren bir \u00e7al\u0131\u015fmayla \u00e7evirdim. Cem Yay\u0131nevi, Rilke&#8217;nin ilk gen\u00e7lik,<span class=\"excerpt-hellip\"> [\u2026]<\/span><\/p>\n","protected":false},"featured_media":0,"template":"","meta":{"_monsterinsights_skip_tracking":false,"_monsterinsights_sitenote_active":false,"_monsterinsights_sitenote_note":"","_monsterinsights_sitenote_category":0},"product_brand":[],"product_cat":[14009,12291],"product_tag":[],"class_list":{"0":"post-701428","1":"product","2":"type-product","3":"status-publish","5":"product_cat-biyografi-otobiyografi-edebiyat","6":"product_cat-edebiyat","7":"pa_tur-kitap","8":"pa_yayinevi-cem-yayinevi","9":"pa_yazar-yuksel-pazarkaya","11":"first","12":"instock","13":"sale","14":"shipping-taxable","15":"purchasable","16":"product-type-simple"},"_links":{"self":[{"href":"https:\/\/roveyayinevi.com.tr\/index.php\/wp-json\/wp\/v2\/product\/701428","targetHints":{"allow":["GET"]}}],"collection":[{"href":"https:\/\/roveyayinevi.com.tr\/index.php\/wp-json\/wp\/v2\/product"}],"about":[{"href":"https:\/\/roveyayinevi.com.tr\/index.php\/wp-json\/wp\/v2\/types\/product"}],"wp:attachment":[{"href":"https:\/\/roveyayinevi.com.tr\/index.php\/wp-json\/wp\/v2\/media?parent=701428"}],"wp:term":[{"taxonomy":"product_brand","embeddable":true,"href":"https:\/\/roveyayinevi.com.tr\/index.php\/wp-json\/wp\/v2\/product_brand?post=701428"},{"taxonomy":"product_cat","embeddable":true,"href":"https:\/\/roveyayinevi.com.tr\/index.php\/wp-json\/wp\/v2\/product_cat?post=701428"},{"taxonomy":"product_tag","embeddable":true,"href":"https:\/\/roveyayinevi.com.tr\/index.php\/wp-json\/wp\/v2\/product_tag?post=701428"}],"curies":[{"name":"wp","href":"https:\/\/api.w.org\/{rel}","templated":true}]}}