{"id":701424,"date":"2025-08-27T15:08:25","date_gmt":"2025-08-27T12:08:25","guid":{"rendered":"https:\/\/roveyayinevi.com.tr\/index.php\/urun\/jack-london-secilmis-oykuler\/"},"modified":"2026-04-16T02:10:46","modified_gmt":"2026-04-15T23:10:46","slug":"jack-london-secilmis-oykuler","status":"publish","type":"product","link":"https:\/\/roveyayinevi.com.tr\/index.php\/urun\/jack-london-secilmis-oykuler\/","title":{"rendered":"Jack London Se\u00e7ilmi\u015f \u00d6yk\u00fcler"},"content":{"rendered":"<p>John Griffith Chaney, bilinen ad\u0131yla Jack London, 1876\u2019da San Firancisco\u2019da do\u011fdu. D\u00fczg\u00fcn bir e\u011fitim alamad\u0131, kendi kendisini yeti\u015ftirdi. Yollarda serserilik etti, hapse girdi. K\u00fc\u00e7\u00fck teknesiyle \u00f6nce h\u0131rs\u0131zl\u0131k yapt\u0131, sonra h\u0131rs\u0131zlar\u0131 kovalad\u0131. Alaska\u2019ya alt\u0131n aramaya gitti. ABD\u2019ye d\u00f6n\u00fc\u015f\u00fcnden sonra yazarl\u0131kla ya\u015fam\u0131n\u0131 kazanmaya ba\u015flad\u0131. Planlar\u0131n\u0131 kendi \u00e7izdi\u011fi teknesiyle okyanuslar\u0131 dola\u015ft\u0131. Bin bir ser\u00fcven pe\u015finde s\u00fcrd\u00fcrd\u00fc\u011f\u00fc ya\u015fam\u0131n\u0131 \u00e7ok gen\u00e7 ya\u015fta, 1916\u2019da yitirdi. London d\u00fcnyaca \u00fcn\u00fcn\u00fc daha \u00e7ok romanlar\u0131na bor\u00e7ludur. Yay\u0131nevimiz taraf\u0131ndan yay\u0131nlanan Demir \u00d6k\u00e7e, Deniz Kurdu, Beyaz Di\u015f, Martin Eden gibi romanlar\u0131 pek \u00e7ok dile \u00e7evrilmi\u015f olsa da, yazarl\u0131\u011f\u0131n\u0131n ilk d\u00f6neminden ba\u015flayarak 197 \u00f6yk\u00fc kaleme alm\u0131\u015f, ilk yay\u0131nlanan kitab\u0131 Kurdun O\u011flu\u2019da yine \u00f6yk\u00fclerden olu\u015fmu\u015ftur. <\/p>\n","protected":false},"excerpt":{"rendered":"<p>John Griffith Chaney, bilinen ad\u0131yla Jack London, 1876\u2019da San Firancisco\u2019da do\u011fdu. D\u00fczg\u00fcn bir e\u011fitim alamad\u0131, kendi kendisini yeti\u015ftirdi. Yollarda serserilik etti, hapse girdi. K\u00fc\u00e7\u00fck teknesiyle \u00f6nce<span class=\"excerpt-hellip\"> [\u2026]<\/span><\/p>\n","protected":false},"featured_media":0,"template":"","meta":{"_monsterinsights_skip_tracking":false,"_monsterinsights_sitenote_active":false,"_monsterinsights_sitenote_note":"","_monsterinsights_sitenote_category":0},"product_brand":[],"product_cat":[12891,12291],"product_tag":[],"class_list":{"0":"post-701424","1":"product","2":"type-product","3":"status-publish","5":"product_cat-amerikan-edebiyati","6":"product_cat-edebiyat","7":"pa_cilt-ciltsiz","8":"pa_tur-kitap","9":"pa_yayinevi-cem-yayinevi","10":"pa_yazar-jack-london","12":"first","13":"instock","14":"sale","15":"shipping-taxable","16":"purchasable","17":"product-type-simple"},"_links":{"self":[{"href":"https:\/\/roveyayinevi.com.tr\/index.php\/wp-json\/wp\/v2\/product\/701424","targetHints":{"allow":["GET"]}}],"collection":[{"href":"https:\/\/roveyayinevi.com.tr\/index.php\/wp-json\/wp\/v2\/product"}],"about":[{"href":"https:\/\/roveyayinevi.com.tr\/index.php\/wp-json\/wp\/v2\/types\/product"}],"wp:attachment":[{"href":"https:\/\/roveyayinevi.com.tr\/index.php\/wp-json\/wp\/v2\/media?parent=701424"}],"wp:term":[{"taxonomy":"product_brand","embeddable":true,"href":"https:\/\/roveyayinevi.com.tr\/index.php\/wp-json\/wp\/v2\/product_brand?post=701424"},{"taxonomy":"product_cat","embeddable":true,"href":"https:\/\/roveyayinevi.com.tr\/index.php\/wp-json\/wp\/v2\/product_cat?post=701424"},{"taxonomy":"product_tag","embeddable":true,"href":"https:\/\/roveyayinevi.com.tr\/index.php\/wp-json\/wp\/v2\/product_tag?post=701424"}],"curies":[{"name":"wp","href":"https:\/\/api.w.org\/{rel}","templated":true}]}}