{"id":701422,"date":"2025-08-27T15:08:24","date_gmt":"2025-08-27T12:08:24","guid":{"rendered":"https:\/\/roveyayinevi.com.tr\/index.php\/urun\/kasabanin-yarisi\/"},"modified":"2026-04-16T02:10:46","modified_gmt":"2026-04-15T23:10:46","slug":"kasabanin-yarisi","status":"publish","type":"product","link":"https:\/\/roveyayinevi.com.tr\/index.php\/urun\/kasabanin-yarisi\/","title":{"rendered":"Kasaban\u0131n Yar\u0131s\u0131"},"content":{"rendered":"<p>Toplumsal d\u00fczeyimizi b\u00fcy\u00fck \u00f6l\u00e7\u00fcde belirledi\u011fi, kimi temel sorunlar\u0131n \u00e7ekirde\u011fini olu\u015fturdu\u011fu halde, \u015fimdiye dek mizah\u0131m\u0131z\u0131n yeterince e\u011filmedi\u011fi Kasaba Ger\u00e7e\u011fi ilk kez Muzaffer \u0130zg\u00fc\u2019n\u00fcn kalemiyle bir g\u00fclmece roman\u0131na konu olmaktad\u0131r. Titiz bir g\u00f6zlem g\u00fcc\u00fcn\u00fcn, ho\u015fg\u00f6r\u00fcyle elden b\u0131rakmayan bir ele\u015ftiriyle b\u00fct\u00fcnle\u015fti\u011fi; sa\u011fl\u0131kl\u0131 g\u00fclmecenin, somut ger\u00e7e\u011fi a\u015fan s\u0131cak, iyimser ve par\u0131lt\u0131l\u0131 bir sentez bi\u00e7iminde g\u00f6z doldurdu\u011fu bir yap\u0131tt\u0131r Kasaban\u0131n Yar\u0131s\u0131 . Ac\u0131 tatl\u0131 bir\u00e7ok ser\u00fcvenimizi bu kitab\u0131nda te\u015fhis masas\u0131na yat\u0131ran \u0130zg\u00fc, asl\u0131nda toplumsal yazg\u0131m\u0131z\u0131, bir kez de g\u00fclmece diliyle yazmaktad\u0131r. <\/p>\n","protected":false},"excerpt":{"rendered":"<p>Toplumsal d\u00fczeyimizi b\u00fcy\u00fck \u00f6l\u00e7\u00fcde belirledi\u011fi, kimi temel sorunlar\u0131n \u00e7ekirde\u011fini olu\u015fturdu\u011fu halde, \u015fimdiye dek mizah\u0131m\u0131z\u0131n yeterince e\u011filmedi\u011fi Kasaba Ger\u00e7e\u011fi ilk kez Muzaffer \u0130zg\u00fc\u2019n\u00fcn kalemiyle bir g\u00fclmece roman\u0131na<span class=\"excerpt-hellip\"> [\u2026]<\/span><\/p>\n","protected":false},"featured_media":0,"template":"","meta":{"_monsterinsights_skip_tracking":false,"_monsterinsights_sitenote_active":false,"_monsterinsights_sitenote_note":"","_monsterinsights_sitenote_category":0},"product_brand":[],"product_cat":[12477,12364],"product_tag":[],"class_list":{"0":"post-701422","1":"product","2":"type-product","3":"status-publish","5":"product_cat-eglence-mizah","6":"product_cat-genel-konular","7":"pa_tur-kitap","8":"pa_yayinevi-bilgi-yayinevi","9":"pa_yazar-muzaffer-izgu","11":"first","12":"instock","13":"sale","14":"shipping-taxable","15":"purchasable","16":"product-type-simple"},"_links":{"self":[{"href":"https:\/\/roveyayinevi.com.tr\/index.php\/wp-json\/wp\/v2\/product\/701422","targetHints":{"allow":["GET"]}}],"collection":[{"href":"https:\/\/roveyayinevi.com.tr\/index.php\/wp-json\/wp\/v2\/product"}],"about":[{"href":"https:\/\/roveyayinevi.com.tr\/index.php\/wp-json\/wp\/v2\/types\/product"}],"wp:attachment":[{"href":"https:\/\/roveyayinevi.com.tr\/index.php\/wp-json\/wp\/v2\/media?parent=701422"}],"wp:term":[{"taxonomy":"product_brand","embeddable":true,"href":"https:\/\/roveyayinevi.com.tr\/index.php\/wp-json\/wp\/v2\/product_brand?post=701422"},{"taxonomy":"product_cat","embeddable":true,"href":"https:\/\/roveyayinevi.com.tr\/index.php\/wp-json\/wp\/v2\/product_cat?post=701422"},{"taxonomy":"product_tag","embeddable":true,"href":"https:\/\/roveyayinevi.com.tr\/index.php\/wp-json\/wp\/v2\/product_tag?post=701422"}],"curies":[{"name":"wp","href":"https:\/\/api.w.org\/{rel}","templated":true}]}}