{"id":701418,"date":"2025-08-27T15:08:23","date_gmt":"2025-08-27T12:08:23","guid":{"rendered":"https:\/\/roveyayinevi.com.tr\/index.php\/urun\/cocuk-egitimi\/"},"modified":"2026-04-16T02:10:46","modified_gmt":"2026-04-15T23:10:46","slug":"cocuk-egitimi","status":"publish","type":"product","link":"https:\/\/roveyayinevi.com.tr\/index.php\/urun\/cocuk-egitimi\/","title":{"rendered":"\u00c7ocuk E\u011fitimi"},"content":{"rendered":"<p>Adler, bu kitab\u0131nda ki\u015fisellikte birlik ve b\u00fct\u00fcnl\u00fck, \u00fcst\u00fcnl\u00fck e\u011fitimi ve \u00e7abas\u0131, a\u015fa\u011f\u0131l\u0131k kompleksi gibi temelnitelikteki kuramsal g\u00f6r\u00fc\u015flerini \u00e7ocuklar\u0131n ev ve okuldaki geli\u015fimi ve e\u011fitimi \u00fczerine uygular, g\u00fcn\u00fcm\u00fczde halage\u00e7erlili\u011fini koruyan sonu\u00e7lara var\u0131r. \u00d6zellikle i\u015fin uzman\u0131 olmayan ki\u015filer i\u00e7in kolay anla\u015f\u0131l\u0131r bir \u00fcslupla yaz\u0131lan vee\u011fitim literat\u00fcr\u00fcnde k\u00f6\u015fe ta\u015f\u0131 say\u0131lan bu k\u00fc\u00e7\u00fck eser, \u00e7ocuklar\u0131n evde ve okuldaki e\u011fitimiyle ilgili bol miktardag\u00f6zlem sunar okuyuculara, anne-babalara, \u00f6\u011fretmenlere, k\u0131saca \u00e7ocuklarla d\u00fc\u015f\u00fcp kalkan herkese gerek \u00e7ocuk,gerek toplum a\u00e7\u0131s\u0131ndan uygun bir e\u011fitimin nas\u0131l olaca\u011f\u0131 konusunda gerekli tavsiyelerde bulunur, okuldaba\u015far\u0131s\u0131zl\u0131k ve karakter \u00f6zellikleriyle ilgili olarak bireysel psikolojiyi temel alan yak\u0131n a\u00e7\u0131klamalara yer verilir,toplumsall\u0131k duygusunun herhangi bir aksakl\u0131\u011fa yer vermeyecek gibi geli\u015ftirilmesinin \u00f6nemi vurgulanarak bununnas\u0131l ger\u00e7ekle\u015ftirilece\u011fi anlat\u0131l\u0131r.<\/p>\n","protected":false},"excerpt":{"rendered":"<p>Adler, bu kitab\u0131nda ki\u015fisellikte birlik ve b\u00fct\u00fcnl\u00fck, \u00fcst\u00fcnl\u00fck e\u011fitimi ve \u00e7abas\u0131, a\u015fa\u011f\u0131l\u0131k kompleksi gibi temelnitelikteki kuramsal g\u00f6r\u00fc\u015flerini \u00e7ocuklar\u0131n ev ve okuldaki geli\u015fimi ve e\u011fitimi \u00fczerine uygular,<span class=\"excerpt-hellip\"> [\u2026]<\/span><\/p>\n","protected":false},"featured_media":0,"template":"","meta":{"_monsterinsights_skip_tracking":false,"_monsterinsights_sitenote_active":false,"_monsterinsights_sitenote_note":"","_monsterinsights_sitenote_category":0},"product_brand":[],"product_cat":[12679,12357],"product_tag":[],"class_list":{"0":"post-701418","1":"product","2":"type-product","3":"status-publish","5":"product_cat-cocuk-psikolojisi","6":"product_cat-psikoloji","7":"pa_cilt-ciltsiz","8":"pa_tur-kitap","9":"pa_yayinevi-cem-yayinevi","10":"pa_yazar-alfred-adler","12":"first","13":"instock","14":"sale","15":"shipping-taxable","16":"purchasable","17":"product-type-simple"},"_links":{"self":[{"href":"https:\/\/roveyayinevi.com.tr\/index.php\/wp-json\/wp\/v2\/product\/701418","targetHints":{"allow":["GET"]}}],"collection":[{"href":"https:\/\/roveyayinevi.com.tr\/index.php\/wp-json\/wp\/v2\/product"}],"about":[{"href":"https:\/\/roveyayinevi.com.tr\/index.php\/wp-json\/wp\/v2\/types\/product"}],"wp:attachment":[{"href":"https:\/\/roveyayinevi.com.tr\/index.php\/wp-json\/wp\/v2\/media?parent=701418"}],"wp:term":[{"taxonomy":"product_brand","embeddable":true,"href":"https:\/\/roveyayinevi.com.tr\/index.php\/wp-json\/wp\/v2\/product_brand?post=701418"},{"taxonomy":"product_cat","embeddable":true,"href":"https:\/\/roveyayinevi.com.tr\/index.php\/wp-json\/wp\/v2\/product_cat?post=701418"},{"taxonomy":"product_tag","embeddable":true,"href":"https:\/\/roveyayinevi.com.tr\/index.php\/wp-json\/wp\/v2\/product_tag?post=701418"}],"curies":[{"name":"wp","href":"https:\/\/api.w.org\/{rel}","templated":true}]}}