{"id":701407,"date":"2025-08-27T15:08:19","date_gmt":"2025-08-27T12:08:19","guid":{"rendered":"https:\/\/roveyayinevi.com.tr\/index.php\/urun\/okulda-guc-egitilebilir-cocuklar\/"},"modified":"2026-04-16T02:10:46","modified_gmt":"2026-04-15T23:10:46","slug":"okulda-guc-egitilebilir-cocuklar","status":"publish","type":"product","link":"https:\/\/roveyayinevi.com.tr\/index.php\/urun\/okulda-guc-egitilebilir-cocuklar\/","title":{"rendered":"Okulda G\u00fc\u00e7 E\u011fitilebilir \u00c7ocuklar"},"content":{"rendered":"<p>Alfred Adler, 1870&#8217;te Viyana&#8217;da do\u011fdu. T\u0131p e\u011fitimini g\u00f6rd\u00fckten sonra uzun y\u0131llar hekim olarak \u00e7al\u0131\u015ft\u0131. Sigmund Freud&#8217;un daveti \u00fczerine 1902&#8217;de onun \u00e7al\u0131\u015fma grubuna kat\u0131ld\u0131. Freud&#8217;la yapt\u0131\u011f\u0131 ortak \u00e7al\u0131\u015fmalar s\u0131ras\u0131nda psikanaliz \u00fczerine kendi g\u00f6r\u00fc\u015f ve d\u00fc\u015f\u00fcncelerini geli\u015ftirdi, bu da her iki bilim adam\u0131n\u0131n 1911&#8217;de a\u00e7\u0131k\u00e7a birbirinden kopmas\u0131na neden oldu. Daha sonra Adler, kendi ekol\u00fc ve kendi dergisiyle bireysel psikoloji&#8217;yi kurdu. 1935&#8217;te Amerika&#8217;ya yerle\u015fti. Kurdu\u011fu psikoloji g\u00fcn\u00fcm\u00fcze kadar canl\u0131l\u0131\u011f\u0131n\u0131 koruyan yak\u0131n bir ilgi ve b\u00fcy\u00fck bir takdirle kar\u015f\u0131land\u0131. Konferanslar vermek \u00fczere \u00e7\u0131kt\u0131\u011f\u0131 bir gezide 1937&#8217;de Aberdeen&#8217;de hayata g\u00f6zlerini yumdu.<\/p>\n","protected":false},"excerpt":{"rendered":"<p>Alfred Adler, 1870&#8217;te Viyana&#8217;da do\u011fdu. T\u0131p e\u011fitimini g\u00f6rd\u00fckten sonra uzun y\u0131llar hekim olarak \u00e7al\u0131\u015ft\u0131. Sigmund Freud&#8217;un daveti \u00fczerine 1902&#8217;de onun \u00e7al\u0131\u015fma grubuna kat\u0131ld\u0131. Freud&#8217;la yapt\u0131\u011f\u0131 ortak<span class=\"excerpt-hellip\"> [\u2026]<\/span><\/p>\n","protected":false},"featured_media":0,"template":"","meta":{"_monsterinsights_skip_tracking":false,"_monsterinsights_sitenote_active":false,"_monsterinsights_sitenote_note":"","_monsterinsights_sitenote_category":0},"product_brand":[],"product_cat":[12679,12357],"product_tag":[],"class_list":{"0":"post-701407","1":"product","2":"type-product","3":"status-publish","5":"product_cat-cocuk-psikolojisi","6":"product_cat-psikoloji","7":"pa_cilt-ciltsiz","8":"pa_tur-kitap","9":"pa_yayinevi-cem-yayinevi","10":"pa_yazar-alfred-adler","12":"first","13":"instock","14":"sale","15":"shipping-taxable","16":"purchasable","17":"product-type-simple"},"_links":{"self":[{"href":"https:\/\/roveyayinevi.com.tr\/index.php\/wp-json\/wp\/v2\/product\/701407","targetHints":{"allow":["GET"]}}],"collection":[{"href":"https:\/\/roveyayinevi.com.tr\/index.php\/wp-json\/wp\/v2\/product"}],"about":[{"href":"https:\/\/roveyayinevi.com.tr\/index.php\/wp-json\/wp\/v2\/types\/product"}],"wp:attachment":[{"href":"https:\/\/roveyayinevi.com.tr\/index.php\/wp-json\/wp\/v2\/media?parent=701407"}],"wp:term":[{"taxonomy":"product_brand","embeddable":true,"href":"https:\/\/roveyayinevi.com.tr\/index.php\/wp-json\/wp\/v2\/product_brand?post=701407"},{"taxonomy":"product_cat","embeddable":true,"href":"https:\/\/roveyayinevi.com.tr\/index.php\/wp-json\/wp\/v2\/product_cat?post=701407"},{"taxonomy":"product_tag","embeddable":true,"href":"https:\/\/roveyayinevi.com.tr\/index.php\/wp-json\/wp\/v2\/product_tag?post=701407"}],"curies":[{"name":"wp","href":"https:\/\/api.w.org\/{rel}","templated":true}]}}