{"id":701403,"date":"2025-08-27T15:08:18","date_gmt":"2025-08-27T12:08:18","guid":{"rendered":"https:\/\/roveyayinevi.com.tr\/index.php\/urun\/gelecek-3\/"},"modified":"2026-04-16T02:10:46","modified_gmt":"2026-04-15T23:10:46","slug":"gelecek-3","status":"publish","type":"product","link":"https:\/\/roveyayinevi.com.tr\/index.php\/urun\/gelecek-3\/","title":{"rendered":"Gelecek"},"content":{"rendered":"<p>\u00c7a\u011fda\u015f teknolojiyi kullanan, fakat akl\u0131 ge\u00e7mi\u015f toplum modellerinde kalm\u0131\u015f olan bir toplum gelece\u011fini programlayamaz. \u00c7\u00fcnk\u00fc \u00f6nceliklerin neler oldu\u011funa karar veremez. Bu \u00f6ncelikleri tarih saptamaz. \u00c7a\u011fda\u015f d\u00fcnyan\u0131n d\u00f6rt bir yan\u0131ndan gelen say\u0131s\u0131z dinamikler saptar. Toplum ya\u015fam\u0131 birbiriyle \u00e7arp\u0131\u015farak g\u00fc\u00e7lenen say\u0131s\u0131z \u00f6\u011feden olu\u015fur; kurumlar, d\u00fc\u015f\u00fcnceler, bi\u00e7imler. Birbirlerini te\u015fvik eder, k\u0131\u015fk\u0131rt\u0131r ve onlar\u0131n etkinliklerinden s\u00fcrekli de\u011fi\u015fen yeniliklerle beslenen bir toplumsal ya\u015fam olu\u015fur. Son \u00fc\u00e7 y\u00fcz y\u0131l\u0131n tarihinin yads\u0131nmayacak ger\u00e7e\u011fi bu yarat\u0131c\u0131 \u00e7arp\u0131\u015fmalar\u0131n en g\u00fc\u00e7l\u00fcs\u00fcn\u00fcn bilim oldu\u011funu g\u00f6stermi\u015ftir. Bilimi d\u0131\u015flayan M\u00fcsl\u00fcmanl\u0131k orta\u00e7a\u011fdan bu yana tarihsel bir ger\u00e7ektir. Bug\u00fcnk\u00fc konumu da bunun kan\u0131t\u0131d\u0131r. Fakat bu tav\u0131r insan akl\u0131n\u0131n kabul etmeyece\u011fi bir anakronizm\u2019dir ve korkutucu bir gelece\u011fin habercisidir. \ufffcTan\u0131t\u0131m Metni<\/p>\n","protected":false},"excerpt":{"rendered":"<p>\u00c7a\u011fda\u015f teknolojiyi kullanan, fakat akl\u0131 ge\u00e7mi\u015f toplum modellerinde kalm\u0131\u015f olan bir toplum gelece\u011fini programlayamaz. \u00c7\u00fcnk\u00fc \u00f6nceliklerin neler oldu\u011funa karar veremez. Bu \u00f6ncelikleri tarih saptamaz. \u00c7a\u011fda\u015f d\u00fcnyan\u0131n<span class=\"excerpt-hellip\"> [\u2026]<\/span><\/p>\n","protected":false},"featured_media":0,"template":"","meta":{"_monsterinsights_skip_tracking":false,"_monsterinsights_sitenote_active":false,"_monsterinsights_sitenote_note":"","_monsterinsights_sitenote_category":0},"product_brand":[],"product_cat":[13278,12324],"product_tag":[],"class_list":{"0":"post-701403","1":"product","2":"type-product","3":"status-publish","5":"product_cat-sivil-toplum-kuruluslari","6":"product_cat-sosyoloji","7":"pa_tur-kitap","8":"pa_yayinevi-cumhuriyet-kitaplari","9":"pa_yazar-dogan-kuban","11":"first","12":"instock","13":"sale","14":"shipping-taxable","15":"purchasable","16":"product-type-simple"},"_links":{"self":[{"href":"https:\/\/roveyayinevi.com.tr\/index.php\/wp-json\/wp\/v2\/product\/701403","targetHints":{"allow":["GET"]}}],"collection":[{"href":"https:\/\/roveyayinevi.com.tr\/index.php\/wp-json\/wp\/v2\/product"}],"about":[{"href":"https:\/\/roveyayinevi.com.tr\/index.php\/wp-json\/wp\/v2\/types\/product"}],"wp:attachment":[{"href":"https:\/\/roveyayinevi.com.tr\/index.php\/wp-json\/wp\/v2\/media?parent=701403"}],"wp:term":[{"taxonomy":"product_brand","embeddable":true,"href":"https:\/\/roveyayinevi.com.tr\/index.php\/wp-json\/wp\/v2\/product_brand?post=701403"},{"taxonomy":"product_cat","embeddable":true,"href":"https:\/\/roveyayinevi.com.tr\/index.php\/wp-json\/wp\/v2\/product_cat?post=701403"},{"taxonomy":"product_tag","embeddable":true,"href":"https:\/\/roveyayinevi.com.tr\/index.php\/wp-json\/wp\/v2\/product_tag?post=701403"}],"curies":[{"name":"wp","href":"https:\/\/api.w.org\/{rel}","templated":true}]}}