{"id":701401,"date":"2025-08-27T15:08:17","date_gmt":"2025-08-27T12:08:17","guid":{"rendered":"https:\/\/roveyayinevi.com.tr\/index.php\/urun\/durustluk-sevgili-cocugum\/"},"modified":"2026-04-03T02:15:17","modified_gmt":"2026-04-02T23:15:17","slug":"durustluk-sevgili-cocugum","status":"publish","type":"product","link":"https:\/\/roveyayinevi.com.tr\/index.php\/urun\/durustluk-sevgili-cocugum\/","title":{"rendered":"D\u00fcr\u00fcstl\u00fck, Sevgili \u00c7ocu\u011fum"},"content":{"rendered":"<p>D\u00fcr\u00fcstl\u00fck ahlak\u0131n temelidir ama d\u00fcr\u00fcstl\u00fck nedir? De\u011fi\u015fen ve unutulan sosyal de\u011ferlerimiz kar\u015f\u0131s\u0131nda Erdal Atabek\u2019ten do\u011fru bir karakter olu\u015fumunu anlatan bir rehber kitap. Aileler i\u00e7in \u00e7ocuklar\u0131na, \u00f6\u011fretmenler i\u00e7in \u00f6\u011frencilerine y\u00f6nelik bir kaynak eser. <\/p>\n","protected":false},"excerpt":{"rendered":"<p>D\u00fcr\u00fcstl\u00fck ahlak\u0131n temelidir ama d\u00fcr\u00fcstl\u00fck nedir? De\u011fi\u015fen ve unutulan sosyal de\u011ferlerimiz kar\u015f\u0131s\u0131nda Erdal Atabek\u2019ten do\u011fru bir karakter olu\u015fumunu anlatan bir rehber kitap. Aileler i\u00e7in \u00e7ocuklar\u0131na, \u00f6\u011fretmenler<span class=\"excerpt-hellip\"> [\u2026]<\/span><\/p>\n","protected":false},"featured_media":0,"template":"","meta":{"_monsterinsights_skip_tracking":false,"_monsterinsights_sitenote_active":false,"_monsterinsights_sitenote_note":"","_monsterinsights_sitenote_category":0},"product_brand":[],"product_cat":[12364,12376],"product_tag":[],"class_list":{"0":"post-701401","1":"product","2":"type-product","3":"status-publish","5":"product_cat-genel-konular","6":"product_cat-kisisel-gelisim","7":"pa_tur-kitap","8":"pa_yayinevi-cumhuriyet-kitaplari","9":"pa_yazar-erdal-atabek","11":"first","12":"instock","13":"sale","14":"shipping-taxable","15":"purchasable","16":"product-type-simple"},"_links":{"self":[{"href":"https:\/\/roveyayinevi.com.tr\/index.php\/wp-json\/wp\/v2\/product\/701401","targetHints":{"allow":["GET"]}}],"collection":[{"href":"https:\/\/roveyayinevi.com.tr\/index.php\/wp-json\/wp\/v2\/product"}],"about":[{"href":"https:\/\/roveyayinevi.com.tr\/index.php\/wp-json\/wp\/v2\/types\/product"}],"wp:attachment":[{"href":"https:\/\/roveyayinevi.com.tr\/index.php\/wp-json\/wp\/v2\/media?parent=701401"}],"wp:term":[{"taxonomy":"product_brand","embeddable":true,"href":"https:\/\/roveyayinevi.com.tr\/index.php\/wp-json\/wp\/v2\/product_brand?post=701401"},{"taxonomy":"product_cat","embeddable":true,"href":"https:\/\/roveyayinevi.com.tr\/index.php\/wp-json\/wp\/v2\/product_cat?post=701401"},{"taxonomy":"product_tag","embeddable":true,"href":"https:\/\/roveyayinevi.com.tr\/index.php\/wp-json\/wp\/v2\/product_tag?post=701401"}],"curies":[{"name":"wp","href":"https:\/\/api.w.org\/{rel}","templated":true}]}}