{"id":701393,"date":"2025-08-27T15:08:15","date_gmt":"2025-08-27T12:08:15","guid":{"rendered":"https:\/\/roveyayinevi.com.tr\/index.php\/urun\/beraber-yuruduk-biz-bu-yollarda\/"},"modified":"2026-04-16T02:10:46","modified_gmt":"2026-04-15T23:10:46","slug":"beraber-yuruduk-biz-bu-yollarda","status":"publish","type":"product","link":"https:\/\/roveyayinevi.com.tr\/index.php\/urun\/beraber-yuruduk-biz-bu-yollarda\/","title":{"rendered":"Beraber Y\u00fcr\u00fcd\u00fck Biz Bu Yollarda"},"content":{"rendered":"<p>ABD g\u00fcd\u00fcm\u00fcndeki \u0130slamc\u0131 bir devlet modeli T\u00fcrkiye\u2019ye giydirilmeye \u00e7al\u0131\u015f\u0131l\u0131yor. Erdo\u011fan\u2019\u0131n k\u00fcresel ter\u00f6re destek vermekle su\u00e7lanan ki\u015filerle ili\u015fkileri, k\u00fcresel g\u00fc\u00e7 odaklar\u0131n\u0131n T\u00fcrkiye\u2019ye bi\u00e7ti\u011fi g\u00f6revin bir \u00f6zeti. <\/p>\n","protected":false},"excerpt":{"rendered":"<p>ABD g\u00fcd\u00fcm\u00fcndeki \u0130slamc\u0131 bir devlet modeli T\u00fcrkiye\u2019ye giydirilmeye \u00e7al\u0131\u015f\u0131l\u0131yor. Erdo\u011fan\u2019\u0131n k\u00fcresel ter\u00f6re destek vermekle su\u00e7lanan ki\u015filerle ili\u015fkileri, k\u00fcresel g\u00fc\u00e7 odaklar\u0131n\u0131n T\u00fcrkiye\u2019ye bi\u00e7ti\u011fi g\u00f6revin bir \u00f6zeti.<\/p>\n","protected":false},"featured_media":0,"template":"","meta":{"_monsterinsights_skip_tracking":false,"_monsterinsights_sitenote_active":false,"_monsterinsights_sitenote_note":"","_monsterinsights_sitenote_category":0},"product_brand":[],"product_cat":[12965,12337],"product_tag":[],"class_list":{"0":"post-701393","1":"product","2":"type-product","3":"status-publish","5":"product_cat-genel-politika","6":"product_cat-politika-siyaset","7":"pa_tur-kitap","8":"pa_yayinevi-cumhuriyet-kitaplari","9":"pa_yazar-tuncay-mollaveisoglu","11":"first","12":"instock","13":"sale","14":"shipping-taxable","15":"purchasable","16":"product-type-simple"},"_links":{"self":[{"href":"https:\/\/roveyayinevi.com.tr\/index.php\/wp-json\/wp\/v2\/product\/701393","targetHints":{"allow":["GET"]}}],"collection":[{"href":"https:\/\/roveyayinevi.com.tr\/index.php\/wp-json\/wp\/v2\/product"}],"about":[{"href":"https:\/\/roveyayinevi.com.tr\/index.php\/wp-json\/wp\/v2\/types\/product"}],"wp:attachment":[{"href":"https:\/\/roveyayinevi.com.tr\/index.php\/wp-json\/wp\/v2\/media?parent=701393"}],"wp:term":[{"taxonomy":"product_brand","embeddable":true,"href":"https:\/\/roveyayinevi.com.tr\/index.php\/wp-json\/wp\/v2\/product_brand?post=701393"},{"taxonomy":"product_cat","embeddable":true,"href":"https:\/\/roveyayinevi.com.tr\/index.php\/wp-json\/wp\/v2\/product_cat?post=701393"},{"taxonomy":"product_tag","embeddable":true,"href":"https:\/\/roveyayinevi.com.tr\/index.php\/wp-json\/wp\/v2\/product_tag?post=701393"}],"curies":[{"name":"wp","href":"https:\/\/api.w.org\/{rel}","templated":true}]}}