{"id":701383,"date":"2025-08-27T15:08:11","date_gmt":"2025-08-27T12:08:11","guid":{"rendered":"https:\/\/roveyayinevi.com.tr\/index.php\/urun\/anayasa-ve-insan\/"},"modified":"2026-04-16T02:10:46","modified_gmt":"2026-04-15T23:10:46","slug":"anayasa-ve-insan","status":"publish","type":"product","link":"https:\/\/roveyayinevi.com.tr\/index.php\/urun\/anayasa-ve-insan\/","title":{"rendered":"Anayasa ve \u0130nsan"},"content":{"rendered":"<p>T\u00fcrkiye\u2019de \u2018yeni bir anayasa yap\u0131lmas\u0131\u2019 konusu son y\u0131llar\u0131n en \u00e7ok tart\u0131\u015f\u0131lan siyasal konular\u0131 aras\u0131nda yer al\u0131yor. <\/p>\n","protected":false},"excerpt":{"rendered":"<p>T\u00fcrkiye\u2019de \u2018yeni bir anayasa yap\u0131lmas\u0131\u2019 konusu son y\u0131llar\u0131n en \u00e7ok tart\u0131\u015f\u0131lan siyasal konular\u0131 aras\u0131nda yer al\u0131yor.<\/p>\n","protected":false},"featured_media":0,"template":"","meta":{"_monsterinsights_skip_tracking":false,"_monsterinsights_sitenote_active":false,"_monsterinsights_sitenote_note":"","_monsterinsights_sitenote_category":0},"product_brand":[],"product_cat":[15350,17602],"product_tag":[],"class_list":{"0":"post-701383","1":"product","2":"type-product","3":"status-publish","5":"product_cat-hukuk","6":"product_cat-hukuk-uzerine","7":"pa_tur-kitap","8":"pa_yayinevi-cumhuriyet-kitaplari","9":"pa_yazar-suheyl-batum","11":"first","12":"instock","13":"sale","14":"shipping-taxable","15":"purchasable","16":"product-type-simple"},"_links":{"self":[{"href":"https:\/\/roveyayinevi.com.tr\/index.php\/wp-json\/wp\/v2\/product\/701383","targetHints":{"allow":["GET"]}}],"collection":[{"href":"https:\/\/roveyayinevi.com.tr\/index.php\/wp-json\/wp\/v2\/product"}],"about":[{"href":"https:\/\/roveyayinevi.com.tr\/index.php\/wp-json\/wp\/v2\/types\/product"}],"wp:attachment":[{"href":"https:\/\/roveyayinevi.com.tr\/index.php\/wp-json\/wp\/v2\/media?parent=701383"}],"wp:term":[{"taxonomy":"product_brand","embeddable":true,"href":"https:\/\/roveyayinevi.com.tr\/index.php\/wp-json\/wp\/v2\/product_brand?post=701383"},{"taxonomy":"product_cat","embeddable":true,"href":"https:\/\/roveyayinevi.com.tr\/index.php\/wp-json\/wp\/v2\/product_cat?post=701383"},{"taxonomy":"product_tag","embeddable":true,"href":"https:\/\/roveyayinevi.com.tr\/index.php\/wp-json\/wp\/v2\/product_tag?post=701383"}],"curies":[{"name":"wp","href":"https:\/\/api.w.org\/{rel}","templated":true}]}}