{"id":701381,"date":"2025-08-27T15:08:10","date_gmt":"2025-08-27T12:08:10","guid":{"rendered":"https:\/\/roveyayinevi.com.tr\/index.php\/urun\/afrika-masallari\/"},"modified":"2026-04-16T02:10:45","modified_gmt":"2026-04-15T23:10:45","slug":"afrika-masallari","status":"publish","type":"product","link":"https:\/\/roveyayinevi.com.tr\/index.php\/urun\/afrika-masallari\/","title":{"rendered":"Afrika Masallar\u0131"},"content":{"rendered":"<p>Bat\u0131 Afrika k\u00f6kenli bu masallarda, insanlar\u0131n bir arada ya\u015fad\u0131klar\u0131 hayvanlar canlan\u0131yor sanki&#8230; Aslanlar\u0131n, panterlerin k\u00fckremelerini; tepinen zebralar\u0131n ki\u015fnemelerini; gergedanlann, su ayg\u0131rlar\u0131n\u0131n homurtular\u0131n\u0131, fillerin borazan misali seslerini, a\u011fa\u00e7 tepelerindeki bayku\u015flar\u0131n, ad\u0131n\u0131 bilmedi\u011fimiz y\u00fczlerce ku\u015fun, b\u00f6ce\u011fin konserini duyar gibi oluyoruz. \ufffcTan\u0131t\u0131m Metni<\/p>\n","protected":false},"excerpt":{"rendered":"<p>Bat\u0131 Afrika k\u00f6kenli bu masallarda, insanlar\u0131n bir arada ya\u015fad\u0131klar\u0131 hayvanlar canlan\u0131yor sanki&#8230; Aslanlar\u0131n, panterlerin k\u00fckremelerini; tepinen zebralar\u0131n ki\u015fnemelerini; gergedanlann, su ayg\u0131rlar\u0131n\u0131n homurtular\u0131n\u0131, fillerin borazan misali seslerini,<span class=\"excerpt-hellip\"> [\u2026]<\/span><\/p>\n","protected":false},"featured_media":0,"template":"","meta":{"_monsterinsights_skip_tracking":false,"_monsterinsights_sitenote_active":false,"_monsterinsights_sitenote_note":"","_monsterinsights_sitenote_category":0},"product_brand":[],"product_cat":[12274,12523],"product_tag":[],"class_list":{"0":"post-701381","1":"product","2":"type-product","3":"status-publish","5":"product_cat-cocuk-ve-genclik-kitaplari","6":"product_cat-masallar","7":"pa_tur-kitap","8":"pa_yayinevi-cumhuriyet-kitaplari","9":"pa_yazar-ulkun-tansel","11":"first","12":"instock","13":"sale","14":"shipping-taxable","15":"purchasable","16":"product-type-simple"},"_links":{"self":[{"href":"https:\/\/roveyayinevi.com.tr\/index.php\/wp-json\/wp\/v2\/product\/701381","targetHints":{"allow":["GET"]}}],"collection":[{"href":"https:\/\/roveyayinevi.com.tr\/index.php\/wp-json\/wp\/v2\/product"}],"about":[{"href":"https:\/\/roveyayinevi.com.tr\/index.php\/wp-json\/wp\/v2\/types\/product"}],"wp:attachment":[{"href":"https:\/\/roveyayinevi.com.tr\/index.php\/wp-json\/wp\/v2\/media?parent=701381"}],"wp:term":[{"taxonomy":"product_brand","embeddable":true,"href":"https:\/\/roveyayinevi.com.tr\/index.php\/wp-json\/wp\/v2\/product_brand?post=701381"},{"taxonomy":"product_cat","embeddable":true,"href":"https:\/\/roveyayinevi.com.tr\/index.php\/wp-json\/wp\/v2\/product_cat?post=701381"},{"taxonomy":"product_tag","embeddable":true,"href":"https:\/\/roveyayinevi.com.tr\/index.php\/wp-json\/wp\/v2\/product_tag?post=701381"}],"curies":[{"name":"wp","href":"https:\/\/api.w.org\/{rel}","templated":true}]}}