{"id":701380,"date":"2025-08-27T15:08:10","date_gmt":"2025-08-27T12:08:10","guid":{"rendered":"https:\/\/roveyayinevi.com.tr\/index.php\/urun\/cagdaslasma-sancilari\/"},"modified":"2026-04-16T02:10:45","modified_gmt":"2026-04-15T23:10:45","slug":"cagdaslasma-sancilari","status":"publish","type":"product","link":"https:\/\/roveyayinevi.com.tr\/index.php\/urun\/cagdaslasma-sancilari\/","title":{"rendered":"\u00c7a\u011fda\u015fla\u015fma Sanc\u0131lar\u0131"},"content":{"rendered":"<p>T\u00fcrkiye\u2019nin \u00e7a\u011fda\u015fla\u015fmas\u0131na engel olan temel sorunlar, \u00f6rg\u00fctl\u00fc cehalet, kentlile\u015fme zorluklar\u0131 ve sistematik bilgi kirlili\u011fidir. Bunlar birbirleriyle i\u00e7 i\u00e7e, neredeyse endemik toplum hastal\u0131klar\u0131 olarak hem \u00fclkenin \u00e7a\u011fa kat\u0131lmas\u0131na, hem gelece\u011fini programlamas\u0131na engel olmaktad\u0131r. Kirletilmi\u015f, i\u00e7eri\u011fi sapt\u0131r\u0131lm\u0131\u015f kavramlarla sava\u015f, gelece\u011fi kurtarman\u0131n tek yolu gibi g\u00f6z\u00fck\u00fcyor. Temel bir sorun, neredeyse 19, y\u00fczy\u0131lda kalm\u0131\u015f ve \u00fczerinde ta\u015f\u0131d\u0131\u011f\u0131 ceket-pantolonu bedenine uymayan b\u00fcy\u00fck bir toplum kesimine sunulan yalan, k\u0131\u015fk\u0131rt\u0131c\u0131 ve ba\u011fnazl\u0131k ta\u015f\u0131yan kavramlan ay\u0131klamak ve bunlar\u0131 anla\u015f\u0131l\u0131r hale getirerek, giderek artan bir say\u0131ya ula\u015ft\u0131rmakt\u0131r. Bu zor bir \u00e7aba olmakta devam etmektedir; ama islam d\u00fcnyas\u0131nda bu \u00e7aban\u0131n ba\u015fka \u00f6rne\u011fi yoktur. \ufffcTan\u0131t\u0131m Metni<\/p>\n","protected":false},"excerpt":{"rendered":"<p>T\u00fcrkiye\u2019nin \u00e7a\u011fda\u015fla\u015fmas\u0131na engel olan temel sorunlar, \u00f6rg\u00fctl\u00fc cehalet, kentlile\u015fme zorluklar\u0131 ve sistematik bilgi kirlili\u011fidir. Bunlar birbirleriyle i\u00e7 i\u00e7e, neredeyse endemik toplum hastal\u0131klar\u0131 olarak hem \u00fclkenin \u00e7a\u011fa<span class=\"excerpt-hellip\"> [\u2026]<\/span><\/p>\n","protected":false},"featured_media":0,"template":"","meta":{"_monsterinsights_skip_tracking":false,"_monsterinsights_sitenote_active":false,"_monsterinsights_sitenote_note":"","_monsterinsights_sitenote_category":0},"product_brand":[],"product_cat":[12337],"product_tag":[],"class_list":{"0":"post-701380","1":"product","2":"type-product","3":"status-publish","5":"product_cat-politika-siyaset","6":"pa_tur-kitap","7":"pa_yayinevi-cumhuriyet-kitaplari","8":"pa_yazar-dogan-kuban","10":"first","11":"instock","12":"sale","13":"shipping-taxable","14":"purchasable","15":"product-type-simple"},"_links":{"self":[{"href":"https:\/\/roveyayinevi.com.tr\/index.php\/wp-json\/wp\/v2\/product\/701380","targetHints":{"allow":["GET"]}}],"collection":[{"href":"https:\/\/roveyayinevi.com.tr\/index.php\/wp-json\/wp\/v2\/product"}],"about":[{"href":"https:\/\/roveyayinevi.com.tr\/index.php\/wp-json\/wp\/v2\/types\/product"}],"wp:attachment":[{"href":"https:\/\/roveyayinevi.com.tr\/index.php\/wp-json\/wp\/v2\/media?parent=701380"}],"wp:term":[{"taxonomy":"product_brand","embeddable":true,"href":"https:\/\/roveyayinevi.com.tr\/index.php\/wp-json\/wp\/v2\/product_brand?post=701380"},{"taxonomy":"product_cat","embeddable":true,"href":"https:\/\/roveyayinevi.com.tr\/index.php\/wp-json\/wp\/v2\/product_cat?post=701380"},{"taxonomy":"product_tag","embeddable":true,"href":"https:\/\/roveyayinevi.com.tr\/index.php\/wp-json\/wp\/v2\/product_tag?post=701380"}],"curies":[{"name":"wp","href":"https:\/\/api.w.org\/{rel}","templated":true}]}}