{"id":701370,"date":"2025-08-27T15:08:07","date_gmt":"2025-08-27T12:08:07","guid":{"rendered":"https:\/\/roveyayinevi.com.tr\/index.php\/urun\/psikanaliz-acisindan-cinsel-yasamin-kokenleri\/"},"modified":"2026-04-16T02:10:45","modified_gmt":"2026-04-15T23:10:45","slug":"psikanaliz-acisindan-cinsel-yasamin-kokenleri","status":"publish","type":"product","link":"https:\/\/roveyayinevi.com.tr\/index.php\/urun\/psikanaliz-acisindan-cinsel-yasamin-kokenleri\/","title":{"rendered":"Psikanaliz A\u00e7\u0131s\u0131ndan Cinsel Ya\u015fam\u0131n K\u00f6kenleri"},"content":{"rendered":"<p>Dr. Sandor Ferenczi (1873-1933), Budape\u015fte&#8217;de do\u011fdu ve t\u0131p \u00f6\u011frenimini Viyana&#8217;da yapt\u0131. Ferenczi, Freud&#8217;un gizli veziri ad\u0131n\u0131 alm\u0131\u015f, onun yak\u0131n \u00e7al\u0131\u015fma arkada\u015f\u0131 olmu\u015ftur ve ayn\u0131 zamanda macar Psikanaliz Derne\u011fi&#8217;nin kurucular\u0131ndand\u0131r. Onun toplu yap\u0131tlar\u0131 aras\u0131nda Thalassa&#8217;n\u0131n (Psikanaliz A\u00e7\u0131s\u0131ndan Cinsel Ya\u015fam\u0131n K\u00f6kenleri) ayr\u0131 bir yeri vard\u0131r. Ve bu k\u00fc\u00e7\u00fck kitap Bat\u0131 k\u00fclt\u00fcr\u00fc i\u00e7inde \u00f6nemli bir yere sahiptir. \u00c7\u00fcnk\u00fc Thalassa biyolojik ve psikolojik verilere dayal\u0131 bilimsel bir denemedir.<\/p>\n","protected":false},"excerpt":{"rendered":"<p>Dr. Sandor Ferenczi (1873-1933), Budape\u015fte&#8217;de do\u011fdu ve t\u0131p \u00f6\u011frenimini Viyana&#8217;da yapt\u0131. Ferenczi, Freud&#8217;un gizli veziri ad\u0131n\u0131 alm\u0131\u015f, onun yak\u0131n \u00e7al\u0131\u015fma arkada\u015f\u0131 olmu\u015ftur ve ayn\u0131 zamanda macar<span class=\"excerpt-hellip\"> [\u2026]<\/span><\/p>\n","protected":false},"featured_media":0,"template":"","meta":{"_monsterinsights_skip_tracking":false,"_monsterinsights_sitenote_active":false,"_monsterinsights_sitenote_note":"","_monsterinsights_sitenote_category":0},"product_brand":[],"product_cat":[14787,13488],"product_tag":[],"class_list":{"0":"post-701370","1":"product","2":"type-product","3":"status-publish","5":"product_cat-diger-toplum-ve-insan","6":"product_cat-toplum-ve-insan","7":"pa_cilt-ciltsiz","8":"pa_tur-kitap","9":"pa_yayinevi-cem-yayinevi","10":"pa_yazar-sandor-ferenczi","12":"first","13":"instock","14":"sale","15":"shipping-taxable","16":"purchasable","17":"product-type-simple"},"_links":{"self":[{"href":"https:\/\/roveyayinevi.com.tr\/index.php\/wp-json\/wp\/v2\/product\/701370","targetHints":{"allow":["GET"]}}],"collection":[{"href":"https:\/\/roveyayinevi.com.tr\/index.php\/wp-json\/wp\/v2\/product"}],"about":[{"href":"https:\/\/roveyayinevi.com.tr\/index.php\/wp-json\/wp\/v2\/types\/product"}],"wp:attachment":[{"href":"https:\/\/roveyayinevi.com.tr\/index.php\/wp-json\/wp\/v2\/media?parent=701370"}],"wp:term":[{"taxonomy":"product_brand","embeddable":true,"href":"https:\/\/roveyayinevi.com.tr\/index.php\/wp-json\/wp\/v2\/product_brand?post=701370"},{"taxonomy":"product_cat","embeddable":true,"href":"https:\/\/roveyayinevi.com.tr\/index.php\/wp-json\/wp\/v2\/product_cat?post=701370"},{"taxonomy":"product_tag","embeddable":true,"href":"https:\/\/roveyayinevi.com.tr\/index.php\/wp-json\/wp\/v2\/product_tag?post=701370"}],"curies":[{"name":"wp","href":"https:\/\/api.w.org\/{rel}","templated":true}]}}