{"id":701349,"date":"2025-08-27T15:08:00","date_gmt":"2025-08-27T12:08:00","guid":{"rendered":"https:\/\/roveyayinevi.com.tr\/index.php\/urun\/insan-yuregine-yolculuk\/"},"modified":"2026-04-16T02:10:45","modified_gmt":"2026-04-15T23:10:45","slug":"insan-yuregine-yolculuk","status":"publish","type":"product","link":"https:\/\/roveyayinevi.com.tr\/index.php\/urun\/insan-yuregine-yolculuk\/","title":{"rendered":"\u0130nsan Y\u00fcre\u011fine Yolculuk"},"content":{"rendered":"<p>Bana g\u00f6re yarat\u0131lar\u0131n\u0131n dokusuna y\u00fcreklerin sesini, s\u0131cakl\u0131\u011f\u0131n\u0131 sindirememi\u015f olanlara ger\u00e7ek anlamda sanat\u00e7\u0131 denemez; diyenler olmu\u015ftur; olmu\u015ftur ya, bunlar\u0131n hi\u00e7birinin solu\u011fu, ya\u015fad\u0131\u011f\u0131 g\u00fcnlerin \u00f6tesine ge\u00e7meye yetmemi\u015ftir. Oysa d\u00fcnden bug\u00fcne kalm\u0131\u015f \u00f6yk\u00fclere, romanlara, oyunlara, \u015fiirlere, k\u0131saca yaz\u0131nsal yarat\u0131lara bakt\u0131\u011f\u0131m\u0131zda, t\u00fcm\u00fcn\u00fcn ortak bir \u00f6zelli\u011fi oldu\u011funu g\u00f6r\u00fcyoruz: Bize, bizi anlatmak; insano\u011flunun y\u00fcre\u011finde olu\u015fan cenneti ya da cehennemi betimlemek. Y\u00fcreklerden y\u00fcreklere giden ince yollar a\u00e7mak.  Edebiyat d\u00fcnyam\u0131z\u0131n usta isimlerinden Emin \u00d6zdemir, yaz\u0131nsal yarat\u0131larda anlat\u0131lan insan\u0131n temel duygular\u0131n\u0131n, \u00f6l\u00fcm korkusunun, sevginin, \u00f6fkenin pe\u015fine d\u00fc\u015f\u00fcyor bu yeni kitab\u0131nda. \u0130nsan Y\u00fcre\u011fine Yolculuk, edebiyat\u0131n y\u00fcreklerden y\u00fcreklere giden yollar\u0131nda dola\u015f\u0131yor. Homeros&#8217;tan Dede Korkut&#8217;a, Karacao\u011flan&#8217;dan Goethe&#8217;ye uzanan bu denemesel anlat\u0131y\u0131 edebiyatseverlerin ka\u00e7\u0131rmamalar\u0131 gerekiyor.<\/p>\n","protected":false},"excerpt":{"rendered":"<p>Bana g\u00f6re yarat\u0131lar\u0131n\u0131n dokusuna y\u00fcreklerin sesini, s\u0131cakl\u0131\u011f\u0131n\u0131 sindirememi\u015f olanlara ger\u00e7ek anlamda sanat\u00e7\u0131 denemez; diyenler olmu\u015ftur; olmu\u015ftur ya, bunlar\u0131n hi\u00e7birinin solu\u011fu, ya\u015fad\u0131\u011f\u0131 g\u00fcnlerin \u00f6tesine ge\u00e7meye yetmemi\u015ftir. Oysa<span class=\"excerpt-hellip\"> [\u2026]<\/span><\/p>\n","protected":false},"featured_media":0,"template":"","meta":{"_monsterinsights_skip_tracking":false,"_monsterinsights_sitenote_active":false,"_monsterinsights_sitenote_note":"","_monsterinsights_sitenote_category":0},"product_brand":[],"product_cat":[12777,12291],"product_tag":[],"class_list":{"0":"post-701349","1":"product","2":"type-product","3":"status-publish","5":"product_cat-deneme","6":"product_cat-edebiyat","7":"pa_cilt-ciltsiz","8":"pa_tur-kitap","9":"pa_yayinevi-bilgi-yayinevi","10":"pa_yazar-emin-ozdemir","12":"first","13":"instock","14":"sale","15":"shipping-taxable","16":"purchasable","17":"product-type-simple"},"_links":{"self":[{"href":"https:\/\/roveyayinevi.com.tr\/index.php\/wp-json\/wp\/v2\/product\/701349","targetHints":{"allow":["GET"]}}],"collection":[{"href":"https:\/\/roveyayinevi.com.tr\/index.php\/wp-json\/wp\/v2\/product"}],"about":[{"href":"https:\/\/roveyayinevi.com.tr\/index.php\/wp-json\/wp\/v2\/types\/product"}],"wp:attachment":[{"href":"https:\/\/roveyayinevi.com.tr\/index.php\/wp-json\/wp\/v2\/media?parent=701349"}],"wp:term":[{"taxonomy":"product_brand","embeddable":true,"href":"https:\/\/roveyayinevi.com.tr\/index.php\/wp-json\/wp\/v2\/product_brand?post=701349"},{"taxonomy":"product_cat","embeddable":true,"href":"https:\/\/roveyayinevi.com.tr\/index.php\/wp-json\/wp\/v2\/product_cat?post=701349"},{"taxonomy":"product_tag","embeddable":true,"href":"https:\/\/roveyayinevi.com.tr\/index.php\/wp-json\/wp\/v2\/product_tag?post=701349"}],"curies":[{"name":"wp","href":"https:\/\/api.w.org\/{rel}","templated":true}]}}