{"id":701339,"date":"2025-08-27T15:07:57","date_gmt":"2025-08-27T12:07:57","guid":{"rendered":"https:\/\/roveyayinevi.com.tr\/index.php\/urun\/ay-buyurken-uyuyamam\/"},"modified":"2026-04-16T02:10:45","modified_gmt":"2026-04-15T23:10:45","slug":"ay-buyurken-uyuyamam","status":"publish","type":"product","link":"https:\/\/roveyayinevi.com.tr\/index.php\/urun\/ay-buyurken-uyuyamam\/","title":{"rendered":"Ay B\u00fcy\u00fcrken Uyuyamam"},"content":{"rendered":"<p>Bu \u00f6yk\u00fclerde Necati Cumal\u0131&#8217;n\u0131n en g\u00f6ze \u00e7arpan tutumu anlatt\u0131\u011f\u0131 ki\u015filer ve olaylarla okurun aras\u0131na girmemesidir&#8230; &#8220;Ay B\u00fcy\u00fcrken Uyuyamam&#8221; yaz\u0131n\u0131m\u0131z\u0131n doruk yap\u0131tlar\u0131ndan biridir bence.- Melih Cevdet AndayT\u00fcrk edebiyat\u0131nda cinsel sorunlar\u0131n yans\u0131t\u0131lma konusuna e\u011filecekler, Cumal\u0131&#8217;da en \u00e7ok ve en zengin malzemeyi bulacaklard\u0131r.- Do\u011fan H\u0131zlanCumal\u0131&#8217;n\u0131n belirtmek istedi\u011fi \u00e7\u0131plak sahneler de\u011fil, as\u0131l sorundur. Bu sorun ekonomiktir, t\u00f6reseldir ya da her ikisidir. Bazen de bunlar\u0131n d\u0131\u015f\u0131nda bir itmedir.- Muzaffer UygunerCumal\u0131 bir kahraman, bir star yaratmay\u0131 ama\u00e7lam\u0131yor. Ya\u015fam\u0131n i\u00e7inden al\u0131p y\u00fcze \u00e7\u0131kar\u0131yor kad\u0131n\u0131n sorununu. Bazen bu kad\u0131n, i\u00e7imizden biri olacak de\u011fin yak\u0131nd\u0131r bize.- Adnan Binyazar<\/p>\n","protected":false},"excerpt":{"rendered":"<p>Bu \u00f6yk\u00fclerde Necati Cumal\u0131&#8217;n\u0131n en g\u00f6ze \u00e7arpan tutumu anlatt\u0131\u011f\u0131 ki\u015filer ve olaylarla okurun aras\u0131na girmemesidir&#8230; &#8220;Ay B\u00fcy\u00fcrken Uyuyamam&#8221; yaz\u0131n\u0131m\u0131z\u0131n doruk yap\u0131tlar\u0131ndan biridir bence.- Melih Cevdet AndayT\u00fcrk<span class=\"excerpt-hellip\"> [\u2026]<\/span><\/p>\n","protected":false},"featured_media":0,"template":"","meta":{"_monsterinsights_skip_tracking":false,"_monsterinsights_sitenote_active":false,"_monsterinsights_sitenote_note":"","_monsterinsights_sitenote_category":0},"product_brand":[],"product_cat":[12291,12292],"product_tag":[],"class_list":{"0":"post-701339","1":"product","2":"type-product","3":"status-publish","5":"product_cat-edebiyat","6":"product_cat-turk-edebiyati","7":"pa_cilt-ciltsiz","8":"pa_tur-kitap","9":"pa_yayinevi-cumhuriyet-kitaplari","10":"pa_yazar-necati-cumali","12":"first","13":"instock","14":"sale","15":"shipping-taxable","16":"purchasable","17":"product-type-simple"},"_links":{"self":[{"href":"https:\/\/roveyayinevi.com.tr\/index.php\/wp-json\/wp\/v2\/product\/701339","targetHints":{"allow":["GET"]}}],"collection":[{"href":"https:\/\/roveyayinevi.com.tr\/index.php\/wp-json\/wp\/v2\/product"}],"about":[{"href":"https:\/\/roveyayinevi.com.tr\/index.php\/wp-json\/wp\/v2\/types\/product"}],"wp:attachment":[{"href":"https:\/\/roveyayinevi.com.tr\/index.php\/wp-json\/wp\/v2\/media?parent=701339"}],"wp:term":[{"taxonomy":"product_brand","embeddable":true,"href":"https:\/\/roveyayinevi.com.tr\/index.php\/wp-json\/wp\/v2\/product_brand?post=701339"},{"taxonomy":"product_cat","embeddable":true,"href":"https:\/\/roveyayinevi.com.tr\/index.php\/wp-json\/wp\/v2\/product_cat?post=701339"},{"taxonomy":"product_tag","embeddable":true,"href":"https:\/\/roveyayinevi.com.tr\/index.php\/wp-json\/wp\/v2\/product_tag?post=701339"}],"curies":[{"name":"wp","href":"https:\/\/api.w.org\/{rel}","templated":true}]}}