{"id":701338,"date":"2025-08-27T15:07:57","date_gmt":"2025-08-27T12:07:57","guid":{"rendered":"https:\/\/roveyayinevi.com.tr\/index.php\/urun\/at-kiz\/"},"modified":"2026-04-16T02:10:45","modified_gmt":"2026-04-15T23:10:45","slug":"at-kiz","status":"publish","type":"product","link":"https:\/\/roveyayinevi.com.tr\/index.php\/urun\/at-kiz\/","title":{"rendered":"At K\u0131z"},"content":{"rendered":"<p>Her zaman gen\u00e7 ve \u00fcretken kalmas\u0131n\u0131 becerebilen bir bilim kad\u0131n\u0131n ya\u015fam\u0131ndan onyedi y\u0131ll\u0131k bir kesit&#8230; Olumsuzluklardan y\u0131lmayan, hep \u00e7\u00f6z\u00fcm \u00fcretebilen, ger\u00e7ek zenginli\u011fin insanlar\u0131n i\u00e7 evrenlerinden kaynakland\u0131\u011f\u0131n\u0131n kan\u0131t\u0131 &#8220;At K\u0131z T\u00fcrkan&#8221;\u0131n ya\u015fam\u0131ndaki S\u00fct\u00e7\u00fc Ay\u015fe Han\u0131mlar, Terzi Fofo&#8217;dan, Bah\u00e7evan Zizo&#8217;dan \u00f6\u011frendikleri ve uygulad\u0131klar\u0131&#8230; &#8220;At K\u0131z T\u00fcrkan&#8221;\u0131n \u00e7i\u00e7ek a\u00e7m\u0131\u015f an\u0131 k\u0131r\u0131nt\u0131lar\u0131n\u0131 keyifle okuyaca\u011f\u0131n\u0131z\u0131 umuyoruz. Sayfalar aras\u0131nda gelecek ku\u015faklar aktar\u0131lan paha bi\u00e7ilemez deneyimler mutlaka sizin de ilginizi \u00e7ekecek. T\u00fcrkan Saylan Hoca&#8217;n\u0131n, bu kitab\u0131yla Cumhuriyet&#8217;in ikinci ku\u015fa\u011f\u0131ndan, siyah-beyaz foto\u011fraflarla renklendirerek g\u00f6nderdi\u011fi buruk selam\u0131 severek kabullenece\u011finizden hi\u00e7 mi hi\u00e7 ku\u015fkumuz yok.<\/p>\n","protected":false},"excerpt":{"rendered":"<p>Her zaman gen\u00e7 ve \u00fcretken kalmas\u0131n\u0131 becerebilen bir bilim kad\u0131n\u0131n ya\u015fam\u0131ndan onyedi y\u0131ll\u0131k bir kesit&#8230; Olumsuzluklardan y\u0131lmayan, hep \u00e7\u00f6z\u00fcm \u00fcretebilen, ger\u00e7ek zenginli\u011fin insanlar\u0131n i\u00e7 evrenlerinden kaynakland\u0131\u011f\u0131n\u0131n<span class=\"excerpt-hellip\"> [\u2026]<\/span><\/p>\n","protected":false},"featured_media":0,"template":"","meta":{"_monsterinsights_skip_tracking":false,"_monsterinsights_sitenote_active":false,"_monsterinsights_sitenote_note":"","_monsterinsights_sitenote_category":0},"product_brand":[],"product_cat":[13701,12291],"product_tag":[],"class_list":{"0":"post-701338","1":"product","2":"type-product","3":"status-publish","5":"product_cat-ani-mektup-gunluk","6":"product_cat-edebiyat","7":"pa_tur-kitap","8":"pa_yayinevi-cumhuriyet-kitaplari","9":"pa_yazar-turkan-saylan","11":"first","12":"instock","13":"sale","14":"shipping-taxable","15":"purchasable","16":"product-type-simple"},"_links":{"self":[{"href":"https:\/\/roveyayinevi.com.tr\/index.php\/wp-json\/wp\/v2\/product\/701338","targetHints":{"allow":["GET"]}}],"collection":[{"href":"https:\/\/roveyayinevi.com.tr\/index.php\/wp-json\/wp\/v2\/product"}],"about":[{"href":"https:\/\/roveyayinevi.com.tr\/index.php\/wp-json\/wp\/v2\/types\/product"}],"wp:attachment":[{"href":"https:\/\/roveyayinevi.com.tr\/index.php\/wp-json\/wp\/v2\/media?parent=701338"}],"wp:term":[{"taxonomy":"product_brand","embeddable":true,"href":"https:\/\/roveyayinevi.com.tr\/index.php\/wp-json\/wp\/v2\/product_brand?post=701338"},{"taxonomy":"product_cat","embeddable":true,"href":"https:\/\/roveyayinevi.com.tr\/index.php\/wp-json\/wp\/v2\/product_cat?post=701338"},{"taxonomy":"product_tag","embeddable":true,"href":"https:\/\/roveyayinevi.com.tr\/index.php\/wp-json\/wp\/v2\/product_tag?post=701338"}],"curies":[{"name":"wp","href":"https:\/\/api.w.org\/{rel}","templated":true}]}}