{"id":701337,"date":"2025-08-27T15:07:57","date_gmt":"2025-08-27T12:07:57","guid":{"rendered":"https:\/\/roveyayinevi.com.tr\/index.php\/urun\/aci-tutun\/"},"modified":"2026-04-16T02:10:45","modified_gmt":"2026-04-15T23:10:45","slug":"aci-tutun","status":"publish","type":"product","link":"https:\/\/roveyayinevi.com.tr\/index.php\/urun\/aci-tutun\/","title":{"rendered":"Ac\u0131 T\u00fct\u00fcn"},"content":{"rendered":"<p>&#8230; &#8220;Kal\u0131n yerinizde! \u00dcst\u00fcme varmay\u0131n!&#8221; Gelenler durdu. Yusuf\u2019un bir kibrit \u00e7akt\u0131\u011f\u0131n\u0131 g\u00f6rd\u00fcler. \u00d6n\u00fcndeki ilk balyaya tuttu kibriti. Bir kibrit daha, onun yan\u0131ndaki balyaya. Kuru t\u00fc*t\u00fcnler \u00f6nce bir duman salm\u0131\u015ft\u0131. Sonra bir alev topu y\u00fckselivermi\u015fti alan\u0131n ortas\u0131nda&#8230; Arabas\u0131na bindi\u011fini g\u00f6rd\u00fcler Yusuf\u2019un. Bir elinde dizginler, ayakta dimdikti. Kam\u00e7\u0131y\u0131 tuttu\u011fu \u00f6b\u00fcr elini kald\u0131r\u0131p uzakla\u015ft\u0131. Tekel\u2019e do\u011fru: &#8220;Duman\u0131n\u0131 al\u0131rs\u0131n\u0131z dedim, al\u0131n, sizin olsun!&#8221;<\/p>\n","protected":false},"excerpt":{"rendered":"<p>&#8230; &#8220;Kal\u0131n yerinizde! \u00dcst\u00fcme varmay\u0131n!&#8221; Gelenler durdu. Yusuf\u2019un bir kibrit \u00e7akt\u0131\u011f\u0131n\u0131 g\u00f6rd\u00fcler. \u00d6n\u00fcndeki ilk balyaya tuttu kibriti. Bir kibrit daha, onun yan\u0131ndaki balyaya. Kuru t\u00fc*t\u00fcnler \u00f6nce<span class=\"excerpt-hellip\"> [\u2026]<\/span><\/p>\n","protected":false},"featured_media":0,"template":"","meta":{"_monsterinsights_skip_tracking":false,"_monsterinsights_sitenote_active":false,"_monsterinsights_sitenote_note":"","_monsterinsights_sitenote_category":0},"product_brand":[],"product_cat":[12291,12292],"product_tag":[],"class_list":{"0":"post-701337","1":"product","2":"type-product","3":"status-publish","5":"product_cat-edebiyat","6":"product_cat-turk-edebiyati","7":"pa_cilt-ciltsiz","8":"pa_tur-kitap","9":"pa_yayinevi-cumhuriyet-kitaplari","10":"pa_yazar-necati-cumali","12":"first","13":"instock","14":"sale","15":"shipping-taxable","16":"purchasable","17":"product-type-simple"},"_links":{"self":[{"href":"https:\/\/roveyayinevi.com.tr\/index.php\/wp-json\/wp\/v2\/product\/701337","targetHints":{"allow":["GET"]}}],"collection":[{"href":"https:\/\/roveyayinevi.com.tr\/index.php\/wp-json\/wp\/v2\/product"}],"about":[{"href":"https:\/\/roveyayinevi.com.tr\/index.php\/wp-json\/wp\/v2\/types\/product"}],"wp:attachment":[{"href":"https:\/\/roveyayinevi.com.tr\/index.php\/wp-json\/wp\/v2\/media?parent=701337"}],"wp:term":[{"taxonomy":"product_brand","embeddable":true,"href":"https:\/\/roveyayinevi.com.tr\/index.php\/wp-json\/wp\/v2\/product_brand?post=701337"},{"taxonomy":"product_cat","embeddable":true,"href":"https:\/\/roveyayinevi.com.tr\/index.php\/wp-json\/wp\/v2\/product_cat?post=701337"},{"taxonomy":"product_tag","embeddable":true,"href":"https:\/\/roveyayinevi.com.tr\/index.php\/wp-json\/wp\/v2\/product_tag?post=701337"}],"curies":[{"name":"wp","href":"https:\/\/api.w.org\/{rel}","templated":true}]}}