{"id":701331,"date":"2025-08-27T15:07:55","date_gmt":"2025-08-27T12:07:55","guid":{"rendered":"https:\/\/roveyayinevi.com.tr\/index.php\/urun\/baskaldiran-insan\/"},"modified":"2026-04-08T02:14:01","modified_gmt":"2026-04-07T23:14:01","slug":"baskaldiran-insan","status":"publish","type":"product","link":"https:\/\/roveyayinevi.com.tr\/index.php\/urun\/baskaldiran-insan\/","title":{"rendered":"Ba\u015fkald\u0131ran \u0130nsan"},"content":{"rendered":"<p>Sanat ve ba\u015fkald\u0131r\u0131 ancak son insanla birlikte \u00f6lecektir.   \u0130syan kavram\u0131n\u0131n ve devrimin iki y\u00fcz y\u0131ll\u0131k tarihini tutan Ba\u015fkald\u0131ran \u0130nsan, ayn\u0131 zamanda insan do\u011fas\u0131n\u0131, d\u00fc\u015f\u00fcnce ak\u0131mlar\u0131n\u0131, onlar\u0131n toplumu ne \u015fekilde etkiledi\u011fini; soyut ve somuta, var olana ve olmayana kar\u015f\u0131 ni\u00e7in ba\u015fkald\u0131rmak gerekti\u011fini merce\u011fe al\u0131yor. Bunu yaparken Frans\u0131z Devrimi&#8217;ni, \u00f6nderlerini ve cinayetlerini, devrimden tiranl\u0131\u011fa evrilen s\u00fcreci de inceleyerek ba\u015fkald\u0131r\u0131yla devrimi kar\u015f\u0131la\u015ft\u0131r\u0131yor, \u201cba\u015fkald\u0131rma\u201d d\u00fc\u015f\u00fcncesini felsefi ve pratik sonu\u00e7lar\u0131 bak\u0131m\u0131ndan \u00e7\u00f6z\u00fcmleyerek bu iki sonucun birbirlerini nas\u0131l etkilediklerini g\u00f6steriyor.   Camus\u2019n\u00fcn Sisifos S\u00f6yleni\u2019nde ortaya koydu\u011fu abs\u00fcrd kavram\u0131na yan\u0131t niteli\u011findeki bu e\u015fsiz metin, 20. y\u00fczy\u0131l\u0131n en \u00f6nemli \u00e7a\u011fda\u015f felsefe eserlerinden biri.                                            \u201cH\u00fcmanist bir manifesto.\u201d The Times  \ufffc<\/p>\n","protected":false},"excerpt":{"rendered":"<p>Sanat ve ba\u015fkald\u0131r\u0131 ancak son insanla birlikte \u00f6lecektir. \u0130syan kavram\u0131n\u0131n ve devrimin iki y\u00fcz y\u0131ll\u0131k tarihini tutan Ba\u015fkald\u0131ran \u0130nsan, ayn\u0131 zamanda insan do\u011fas\u0131n\u0131, d\u00fc\u015f\u00fcnce ak\u0131mlar\u0131n\u0131, onlar\u0131n<span class=\"excerpt-hellip\"> [\u2026]<\/span><\/p>\n","protected":false},"featured_media":0,"template":"","meta":{"_monsterinsights_skip_tracking":false,"_monsterinsights_sitenote_active":false,"_monsterinsights_sitenote_note":"","_monsterinsights_sitenote_category":0},"product_brand":[],"product_cat":[12777,12291],"product_tag":[],"class_list":{"0":"post-701331","1":"product","2":"type-product","3":"status-publish","5":"product_cat-deneme","6":"product_cat-edebiyat","7":"pa_cilt-ciltsiz","8":"pa_tur-kitap","9":"pa_yayinevi-can-yayinlari","10":"pa_yazar-albert-camus","12":"first","13":"instock","14":"sale","15":"shipping-taxable","16":"purchasable","17":"product-type-simple"},"_links":{"self":[{"href":"https:\/\/roveyayinevi.com.tr\/index.php\/wp-json\/wp\/v2\/product\/701331","targetHints":{"allow":["GET"]}}],"collection":[{"href":"https:\/\/roveyayinevi.com.tr\/index.php\/wp-json\/wp\/v2\/product"}],"about":[{"href":"https:\/\/roveyayinevi.com.tr\/index.php\/wp-json\/wp\/v2\/types\/product"}],"wp:attachment":[{"href":"https:\/\/roveyayinevi.com.tr\/index.php\/wp-json\/wp\/v2\/media?parent=701331"}],"wp:term":[{"taxonomy":"product_brand","embeddable":true,"href":"https:\/\/roveyayinevi.com.tr\/index.php\/wp-json\/wp\/v2\/product_brand?post=701331"},{"taxonomy":"product_cat","embeddable":true,"href":"https:\/\/roveyayinevi.com.tr\/index.php\/wp-json\/wp\/v2\/product_cat?post=701331"},{"taxonomy":"product_tag","embeddable":true,"href":"https:\/\/roveyayinevi.com.tr\/index.php\/wp-json\/wp\/v2\/product_tag?post=701331"}],"curies":[{"name":"wp","href":"https:\/\/api.w.org\/{rel}","templated":true}]}}