{"id":701330,"date":"2025-08-27T15:07:54","date_gmt":"2025-08-27T12:07:54","guid":{"rendered":"https:\/\/roveyayinevi.com.tr\/index.php\/urun\/barbarlari-beklerken\/"},"modified":"2026-04-16T02:10:44","modified_gmt":"2026-04-15T23:10:44","slug":"barbarlari-beklerken","status":"publish","type":"product","link":"https:\/\/roveyayinevi.com.tr\/index.php\/urun\/barbarlari-beklerken\/","title":{"rendered":"Barbarlar\u0131 Beklerken"},"content":{"rendered":"<p>Avustralya\u2019da ya\u015fayan G\u00fcney Afrikal\u0131 yazar J.M. Coetzee\u2019den, hayal\u00ee bir imparatorlukta ge\u00e7en ve 1970\u2019lerin G\u00fcney Afrika\u2019s\u0131na g\u00f6ndermeler yapan bir roman. Geni\u015f topraklara yay\u0131lm\u0131\u015f bir imparatorlu\u011fun en ucundaki b\u00f6lgede ya\u015fayan barbarlar, s\u00f6z\u00fcmona  ayaklanmak \u00fczeredir. Onlar\u0131 bast\u0131rmak bahanesiyle g\u00f6nderilen Albay ve emrindekiler, m\u00fcthi\u015f bir i\u015fkence ve k\u0131y\u0131m ba\u015flat\u0131r. Barbarlar\u0131 Beklerken, o b\u00f6lgede g\u00f6revli, y\u0131llard\u0131r ba\u015fkentin y\u00fcz\u00fcn\u00fc g\u00f6rmemi\u015f Sulh H\u00e2kimi\u2019nin a\u011fz\u0131ndan aktar\u0131lan \u00fcrk\u00fct\u00fcc\u00fc bir zorbal\u0131\u011f\u0131n \u00f6yk\u00fcs\u00fc; ancak \u00f6ncelikle bir a\u015fk, sevecenlik ve ba\u011f\u0131\u015flama roman\u0131. Coetzee zorbalara da onlar\u0131n kurbanlar\u0131na da ayn\u0131 insanc\u0131l tav\u0131rla yakla\u015f\u0131yor.\u201cHi\u00e7bir \u015fey hayal edebileceklerimizden k\u00f6t\u00fc olamaz,\u201d diye m\u0131r\u0131ldan\u0131yorum. Beni duydu\u011funu belli eden bir i\u015faret yapm\u0131yor. Kanepeye \u00e7\u00f6k\u00fcyor, onu esneyerek yan\u0131ma \u00e7ekiyorum. \u201cAnlat bana,\u201d demek istiyorum, \u201cbunu bir s\u0131r gibi saklama, ac\u0131 sadece ac\u0131d\u0131r, o kadar.\u201d Ama s\u00f6zc\u00fckler benden ka\u00e7\u0131yor. Kollar\u0131m ona dolan\u0131yor, dudaklar\u0131m kulak deli\u011finde, konu\u015fmaya \u00e7al\u0131\u015f\u0131yorum; sonra karanl\u0131k \u00e7\u00f6k\u00fcyor. <\/p>\n","protected":false},"excerpt":{"rendered":"<p>Avustralya\u2019da ya\u015fayan G\u00fcney Afrikal\u0131 yazar J.M. Coetzee\u2019den, hayal\u00ee bir imparatorlukta ge\u00e7en ve 1970\u2019lerin G\u00fcney Afrika\u2019s\u0131na g\u00f6ndermeler yapan bir roman. Geni\u015f topraklara yay\u0131lm\u0131\u015f bir imparatorlu\u011fun en ucundaki<span class=\"excerpt-hellip\"> [\u2026]<\/span><\/p>\n","protected":false},"featured_media":0,"template":"","meta":{"_monsterinsights_skip_tracking":false,"_monsterinsights_sitenote_active":false,"_monsterinsights_sitenote_note":"","_monsterinsights_sitenote_category":0},"product_brand":[],"product_cat":[13661,12291],"product_tag":[],"class_list":{"0":"post-701330","1":"product","2":"type-product","3":"status-publish","5":"product_cat-diger-ulke-edebiyatlari","6":"product_cat-edebiyat","7":"pa_cilt-ciltsiz","8":"pa_tur-kitap","9":"pa_yayinevi-can-yayinlari","10":"pa_yazar-j-m-coetzee","12":"first","13":"instock","14":"sale","15":"shipping-taxable","16":"purchasable","17":"product-type-simple"},"_links":{"self":[{"href":"https:\/\/roveyayinevi.com.tr\/index.php\/wp-json\/wp\/v2\/product\/701330","targetHints":{"allow":["GET"]}}],"collection":[{"href":"https:\/\/roveyayinevi.com.tr\/index.php\/wp-json\/wp\/v2\/product"}],"about":[{"href":"https:\/\/roveyayinevi.com.tr\/index.php\/wp-json\/wp\/v2\/types\/product"}],"wp:attachment":[{"href":"https:\/\/roveyayinevi.com.tr\/index.php\/wp-json\/wp\/v2\/media?parent=701330"}],"wp:term":[{"taxonomy":"product_brand","embeddable":true,"href":"https:\/\/roveyayinevi.com.tr\/index.php\/wp-json\/wp\/v2\/product_brand?post=701330"},{"taxonomy":"product_cat","embeddable":true,"href":"https:\/\/roveyayinevi.com.tr\/index.php\/wp-json\/wp\/v2\/product_cat?post=701330"},{"taxonomy":"product_tag","embeddable":true,"href":"https:\/\/roveyayinevi.com.tr\/index.php\/wp-json\/wp\/v2\/product_tag?post=701330"}],"curies":[{"name":"wp","href":"https:\/\/api.w.org\/{rel}","templated":true}]}}