{"id":701329,"date":"2025-08-27T15:07:54","date_gmt":"2025-08-27T12:07:54","guid":{"rendered":"https:\/\/roveyayinevi.com.tr\/index.php\/urun\/babaya-mektup\/"},"modified":"2026-04-16T02:10:44","modified_gmt":"2026-04-15T23:10:44","slug":"babaya-mektup","status":"publish","type":"product","link":"https:\/\/roveyayinevi.com.tr\/index.php\/urun\/babaya-mektup\/","title":{"rendered":"Babaya Mektup"},"content":{"rendered":"<p>\u00c7ok sevgili baba, Ge\u00e7enlerde bir kez, senden korktu\u011fumu \u00f6ne s\u00fcrmemin nedenini sormu\u015ftun. Genellikle oldu\u011fu gibi, verecek hi\u00e7bir cevap bulamad\u0131m, k\u0131smen tam da sana kar\u015f\u0131 duydu\u011fum bu korku y\u00fcz\u00fcnden, k\u0131smen de bu korkuyu gerek\u00e7elendirmek \u00fczere, konu\u015furken toparlayabilece\u011fimden \u00e7ok daha fazla ayr\u0131nt\u0131 gerekti\u011fi i\u00e7in&#8230;   Franz Kafka, 1919\u2019da dinlenmek \u00fczere gitti\u011fi Schelesen\u2019de Julie Wohryzek ad\u0131nda bir k\u0131zla tan\u0131\u015f\u0131p ni\u015fanland\u0131. Ayn\u0131 y\u0131l kaleme ald\u0131\u011f\u0131 Babaya Mektup, yazar\u0131n bu ni\u015fana kar\u015f\u0131 \u00e7\u0131kan babas\u0131 Hermann Kafka\u2019ya yan\u0131t\u0131d\u0131r. Kafka\u2019n\u0131n babas\u0131yla ilgili duygu ve d\u00fc\u015f\u00fcncelerini dile getirmek i\u00e7in yazd\u0131\u011f\u0131 ve hi\u00e7 g\u00f6ndermedi\u011fi bu mektup, hem yazar\u0131n ya\u015fam\u00f6yk\u00fcs\u00fcne a\u00e7\u0131kl\u0131klar getirmesi hem de kimi eserinin ba\u015fl\u0131ca izleklerinin ipu\u00e7lar\u0131n\u0131 bar\u0131nd\u0131rmas\u0131 a\u00e7\u0131s\u0131ndan b\u00fcy\u00fck \u00f6nem ta\u015f\u0131r. Kafka\u2019n\u0131n t\u00fcm eserlerinin g\u00fcn\u00fcm\u00fcze ula\u015fmas\u0131n\u0131 sa\u011flayan Max Brod\u2019un g\u00fcn \u0131\u015f\u0131\u011f\u0131na \u00e7\u0131kard\u0131\u011f\u0131 ve yazar\u0131n toplu eserleri aras\u0131nda yer alan bu kitab\u0131 ayr\u0131nt\u0131l\u0131 notlar e\u015fli\u011finde sunuyoruz. <\/p>\n","protected":false},"excerpt":{"rendered":"<p>\u00c7ok sevgili baba, Ge\u00e7enlerde bir kez, senden korktu\u011fumu \u00f6ne s\u00fcrmemin nedenini sormu\u015ftun. Genellikle oldu\u011fu gibi, verecek hi\u00e7bir cevap bulamad\u0131m, k\u0131smen tam da sana kar\u015f\u0131 duydu\u011fum bu<span class=\"excerpt-hellip\"> [\u2026]<\/span><\/p>\n","protected":false},"featured_media":0,"template":"","meta":{"_monsterinsights_skip_tracking":false,"_monsterinsights_sitenote_active":false,"_monsterinsights_sitenote_note":"","_monsterinsights_sitenote_category":0},"product_brand":[],"product_cat":[13701,12291],"product_tag":[],"class_list":{"0":"post-701329","1":"product","2":"type-product","3":"status-publish","5":"product_cat-ani-mektup-gunluk","6":"product_cat-edebiyat","7":"pa_cilt-ciltsiz","8":"pa_tur-kitap","9":"pa_yayinevi-can-yayinlari","10":"pa_yazar-franz-kafka","12":"first","13":"instock","14":"sale","15":"shipping-taxable","16":"purchasable","17":"product-type-simple"},"_links":{"self":[{"href":"https:\/\/roveyayinevi.com.tr\/index.php\/wp-json\/wp\/v2\/product\/701329","targetHints":{"allow":["GET"]}}],"collection":[{"href":"https:\/\/roveyayinevi.com.tr\/index.php\/wp-json\/wp\/v2\/product"}],"about":[{"href":"https:\/\/roveyayinevi.com.tr\/index.php\/wp-json\/wp\/v2\/types\/product"}],"wp:attachment":[{"href":"https:\/\/roveyayinevi.com.tr\/index.php\/wp-json\/wp\/v2\/media?parent=701329"}],"wp:term":[{"taxonomy":"product_brand","embeddable":true,"href":"https:\/\/roveyayinevi.com.tr\/index.php\/wp-json\/wp\/v2\/product_brand?post=701329"},{"taxonomy":"product_cat","embeddable":true,"href":"https:\/\/roveyayinevi.com.tr\/index.php\/wp-json\/wp\/v2\/product_cat?post=701329"},{"taxonomy":"product_tag","embeddable":true,"href":"https:\/\/roveyayinevi.com.tr\/index.php\/wp-json\/wp\/v2\/product_tag?post=701329"}],"curies":[{"name":"wp","href":"https:\/\/api.w.org\/{rel}","templated":true}]}}