{"id":701326,"date":"2025-08-27T15:07:53","date_gmt":"2025-08-27T12:07:53","guid":{"rendered":"https:\/\/roveyayinevi.com.tr\/index.php\/urun\/hayatin-mucizeleri\/"},"modified":"2026-04-16T02:10:44","modified_gmt":"2026-04-15T23:10:44","slug":"hayatin-mucizeleri","status":"publish","type":"product","link":"https:\/\/roveyayinevi.com.tr\/index.php\/urun\/hayatin-mucizeleri\/","title":{"rendered":"Hayat\u0131n Mucizeleri"},"content":{"rendered":"<p>Hayat\u0131n Mucizeleri, Stefan Zweig&#8217;\u0131n Birinci D\u00fcnya Sava\u015f\u0131 \u00f6ncesinden \u0130kinci D\u00fcnya Sava\u015f\u0131 sonras\u0131na kadar yay\u0131mlanm\u0131\u015f \u00f6yk\u00fclerini bir araya getiren bir se\u00e7ki. Psikolojik \u00e7\u00f6z\u00fcmlemelerle derinle\u015fen bu \u00f6yk\u00fclerde Zweig, tuhaf yazg\u0131lar\u0131n savurdu\u011fu insanlar\u0131n izini s\u00fcr\u00fcyor. Sava\u015f kar\u015f\u0131tlar\u0131n\u0131n ve kurbanlar\u0131n\u0131n, hayat\u0131n bask\u0131s\u0131 alt\u0131nda tutkular\u0131n tutsa\u011f\u0131 olanlar\u0131n, kapana k\u0131s\u0131lan ruhlar\u0131n \u00f6yk\u00fcleri bunlar. Hayat\u0131n Mucizeleri, Stefan Zweig&#8217;in kaleminde, her biri tek tek kendi d\u00f6neminin ruhunu k\u0131sk\u0131vrak yakalayan \u00f6yk\u00fclerle, insan ruhunun dipsiz derinliklerini mesken tutan bir retrospektif.<\/p>\n","protected":false},"excerpt":{"rendered":"<p>Hayat\u0131n Mucizeleri, Stefan Zweig&#8217;\u0131n Birinci D\u00fcnya Sava\u015f\u0131 \u00f6ncesinden \u0130kinci D\u00fcnya Sava\u015f\u0131 sonras\u0131na kadar yay\u0131mlanm\u0131\u015f \u00f6yk\u00fclerini bir araya getiren bir se\u00e7ki. Psikolojik \u00e7\u00f6z\u00fcmlemelerle derinle\u015fen bu \u00f6yk\u00fclerde Zweig,<span class=\"excerpt-hellip\"> [\u2026]<\/span><\/p>\n","protected":false},"featured_media":0,"template":"","meta":{"_monsterinsights_skip_tracking":false,"_monsterinsights_sitenote_active":false,"_monsterinsights_sitenote_note":"","_monsterinsights_sitenote_category":0},"product_brand":[],"product_cat":[12291,12711],"product_tag":[],"class_list":{"0":"post-701326","1":"product","2":"type-product","3":"status-publish","5":"product_cat-edebiyat","6":"product_cat-roman-oyku","7":"pa_cilt-ciltsiz","8":"pa_tur-kitap","9":"pa_yayinevi-can-yayinlari","10":"pa_yazar-stefan-zweig","12":"first","13":"instock","14":"sale","15":"shipping-taxable","16":"purchasable","17":"product-type-simple"},"_links":{"self":[{"href":"https:\/\/roveyayinevi.com.tr\/index.php\/wp-json\/wp\/v2\/product\/701326","targetHints":{"allow":["GET"]}}],"collection":[{"href":"https:\/\/roveyayinevi.com.tr\/index.php\/wp-json\/wp\/v2\/product"}],"about":[{"href":"https:\/\/roveyayinevi.com.tr\/index.php\/wp-json\/wp\/v2\/types\/product"}],"wp:attachment":[{"href":"https:\/\/roveyayinevi.com.tr\/index.php\/wp-json\/wp\/v2\/media?parent=701326"}],"wp:term":[{"taxonomy":"product_brand","embeddable":true,"href":"https:\/\/roveyayinevi.com.tr\/index.php\/wp-json\/wp\/v2\/product_brand?post=701326"},{"taxonomy":"product_cat","embeddable":true,"href":"https:\/\/roveyayinevi.com.tr\/index.php\/wp-json\/wp\/v2\/product_cat?post=701326"},{"taxonomy":"product_tag","embeddable":true,"href":"https:\/\/roveyayinevi.com.tr\/index.php\/wp-json\/wp\/v2\/product_tag?post=701326"}],"curies":[{"name":"wp","href":"https:\/\/api.w.org\/{rel}","templated":true}]}}