{"id":701322,"date":"2025-08-27T15:07:52","date_gmt":"2025-08-27T12:07:52","guid":{"rendered":"https:\/\/roveyayinevi.com.tr\/index.php\/urun\/kacak-atlar-bereket-denizi-2\/"},"modified":"2026-04-16T02:10:44","modified_gmt":"2026-04-15T23:10:44","slug":"kacak-atlar-bereket-denizi-2","status":"publish","type":"product","link":"https:\/\/roveyayinevi.com.tr\/index.php\/urun\/kacak-atlar-bereket-denizi-2\/","title":{"rendered":"Ka\u00e7ak Atlar Bereket Denizi: 2"},"content":{"rendered":"<p>&#8230; Ka\u00e7ak Atlar , bu d\u00f6rtlemeninin ikinci kitab\u0131. Bu kitab\u0131nda Mi\u015fima , 1930\u2019lu y\u0131llarda toplumsal de\u011ferlerin de\u011fi\u015fmesine tepki duyan birtak\u0131m ba\u011fnaz yurtsever gen\u00e7lerin haz\u0131rlad\u0131\u011f\u0131 ayaklanmay\u0131 anlat\u0131yor. Ka\u00e7ak Atlar , tekba\u015f\u0131na okunabilecek bir roman oldu\u011fu kadar, tarih, \u00fclk\u00fcler ve ki\u015filer arac\u0131l\u0131\u011f\u0131yla, bir \u00f6nceki romanla s\u0131k\u0131 s\u0131k\u0131ya ba\u011fl\u0131d\u0131r&#8230; \ufffcTan\u0131t\u0131m Metni<\/p>\n","protected":false},"excerpt":{"rendered":"<p>&#8230; Ka\u00e7ak Atlar , bu d\u00f6rtlemeninin ikinci kitab\u0131. Bu kitab\u0131nda Mi\u015fima , 1930\u2019lu y\u0131llarda toplumsal de\u011ferlerin de\u011fi\u015fmesine tepki duyan birtak\u0131m ba\u011fnaz yurtsever gen\u00e7lerin haz\u0131rlad\u0131\u011f\u0131 ayaklanmay\u0131 anlat\u0131yor.<span class=\"excerpt-hellip\"> [\u2026]<\/span><\/p>\n","protected":false},"featured_media":0,"template":"","meta":{"_monsterinsights_skip_tracking":false,"_monsterinsights_sitenote_active":false,"_monsterinsights_sitenote_note":"","_monsterinsights_sitenote_category":0},"product_brand":[],"product_cat":[13661,12291],"product_tag":[],"class_list":{"0":"post-701322","1":"product","2":"type-product","3":"status-publish","5":"product_cat-diger-ulke-edebiyatlari","6":"product_cat-edebiyat","7":"pa_cilt-ciltsiz","8":"pa_tur-kitap","9":"pa_yayinevi-can-yayinlari","10":"pa_yazar-yukio-misima","12":"first","13":"instock","14":"sale","15":"shipping-taxable","16":"purchasable","17":"product-type-simple"},"_links":{"self":[{"href":"https:\/\/roveyayinevi.com.tr\/index.php\/wp-json\/wp\/v2\/product\/701322","targetHints":{"allow":["GET"]}}],"collection":[{"href":"https:\/\/roveyayinevi.com.tr\/index.php\/wp-json\/wp\/v2\/product"}],"about":[{"href":"https:\/\/roveyayinevi.com.tr\/index.php\/wp-json\/wp\/v2\/types\/product"}],"wp:attachment":[{"href":"https:\/\/roveyayinevi.com.tr\/index.php\/wp-json\/wp\/v2\/media?parent=701322"}],"wp:term":[{"taxonomy":"product_brand","embeddable":true,"href":"https:\/\/roveyayinevi.com.tr\/index.php\/wp-json\/wp\/v2\/product_brand?post=701322"},{"taxonomy":"product_cat","embeddable":true,"href":"https:\/\/roveyayinevi.com.tr\/index.php\/wp-json\/wp\/v2\/product_cat?post=701322"},{"taxonomy":"product_tag","embeddable":true,"href":"https:\/\/roveyayinevi.com.tr\/index.php\/wp-json\/wp\/v2\/product_tag?post=701322"}],"curies":[{"name":"wp","href":"https:\/\/api.w.org\/{rel}","templated":true}]}}