{"id":701321,"date":"2025-08-27T15:07:51","date_gmt":"2025-08-27T12:07:51","guid":{"rendered":"https:\/\/roveyayinevi.com.tr\/index.php\/urun\/kara-kedinin-golgesi\/"},"modified":"2026-04-16T02:10:44","modified_gmt":"2026-04-15T23:10:44","slug":"kara-kedinin-golgesi","status":"publish","type":"product","link":"https:\/\/roveyayinevi.com.tr\/index.php\/urun\/kara-kedinin-golgesi\/","title":{"rendered":"Kara Kedinin G\u00f6lgesi"},"content":{"rendered":"<p>Bu s\u00f6zler zaten var. S\u00f6zleri benim i\u00e7in farkl\u0131 k\u0131lan, anlaml\u0131 k\u0131lan, senin el yaz\u0131nla yaz\u0131lm\u0131\u015f olmalar\u0131. Belki de bunlar senin de\u011fil, benim fikirlerim. Bir \u00f6yk\u00fcn\u00fcn notlar\u0131, asla bitmeyecek bir roman\u0131n giri\u015f c\u00fcmlesi, yeti\u015ftirmek i\u00e7in uykusuz geceler demledi\u011fim bir yaz\u0131n\u0131n tasla\u011f\u0131. Karalama defterinden \u00e7ald\u0131\u011f\u0131m \u015fu sayfaya bakarken, bunlar\u0131 g\u00f6r\u00fcyorum. Ve nas\u0131l Borges her uyan\u0131\u015f\u0131nda kendini hat\u0131rl\u0131yorsa, ben de senin her harfinde kendimi buluyorum. \u00c7\u00fcnk\u00fc bu s\u00f6zler zaten var. Bu s\u00f6zler, anlamlar\u0131n\u0131 bir kenara b\u0131rak\u0131p bana d\u00f6necek (d\u00f6n\u00fc\u015fecek mi demeliydim?) kadar cesur. \u0130\u015fte belki de bu y\u00fczden senin harflerine, o harflerin elinden \u00e7\u0131kma bir yaz\u0131ya d\u00f6nd\u00fc\u011f\u00fc sayfalara, o sayfalarda dilin k\u00f6lesi haline getirdi\u011fin (getirdi\u011fim mi demeliydim?) tutkuyla ba\u011fl\u0131y\u0131m.Oysa, tutku cinayettir. Ve ben bu s\u00f6zler i\u00e7in her \u015feyi g\u00f6ze al\u0131r\u0131m. \ufffcTan\u0131t\u0131m Metni<\/p>\n","protected":false},"excerpt":{"rendered":"<p>Bu s\u00f6zler zaten var. S\u00f6zleri benim i\u00e7in farkl\u0131 k\u0131lan, anlaml\u0131 k\u0131lan, senin el yaz\u0131nla yaz\u0131lm\u0131\u015f olmalar\u0131. Belki de bunlar senin de\u011fil, benim fikirlerim. Bir \u00f6yk\u00fcn\u00fcn notlar\u0131,<span class=\"excerpt-hellip\"> [\u2026]<\/span><\/p>\n","protected":false},"featured_media":0,"template":"","meta":{"_monsterinsights_skip_tracking":false,"_monsterinsights_sitenote_active":false,"_monsterinsights_sitenote_note":"","_monsterinsights_sitenote_category":0},"product_brand":[],"product_cat":[12291,12711],"product_tag":[],"class_list":{"0":"post-701321","1":"product","2":"type-product","3":"status-publish","5":"product_cat-edebiyat","6":"product_cat-roman-oyku","7":"pa_cilt-ciltsiz","8":"pa_tur-kitap","9":"pa_yayinevi-can-yayinlari","10":"pa_yazar-yekta-kopan","12":"first","13":"instock","14":"sale","15":"shipping-taxable","16":"purchasable","17":"product-type-simple"},"_links":{"self":[{"href":"https:\/\/roveyayinevi.com.tr\/index.php\/wp-json\/wp\/v2\/product\/701321","targetHints":{"allow":["GET"]}}],"collection":[{"href":"https:\/\/roveyayinevi.com.tr\/index.php\/wp-json\/wp\/v2\/product"}],"about":[{"href":"https:\/\/roveyayinevi.com.tr\/index.php\/wp-json\/wp\/v2\/types\/product"}],"wp:attachment":[{"href":"https:\/\/roveyayinevi.com.tr\/index.php\/wp-json\/wp\/v2\/media?parent=701321"}],"wp:term":[{"taxonomy":"product_brand","embeddable":true,"href":"https:\/\/roveyayinevi.com.tr\/index.php\/wp-json\/wp\/v2\/product_brand?post=701321"},{"taxonomy":"product_cat","embeddable":true,"href":"https:\/\/roveyayinevi.com.tr\/index.php\/wp-json\/wp\/v2\/product_cat?post=701321"},{"taxonomy":"product_tag","embeddable":true,"href":"https:\/\/roveyayinevi.com.tr\/index.php\/wp-json\/wp\/v2\/product_tag?post=701321"}],"curies":[{"name":"wp","href":"https:\/\/api.w.org\/{rel}","templated":true}]}}