{"id":701319,"date":"2025-08-27T15:07:51","date_gmt":"2025-08-27T12:07:51","guid":{"rendered":"https:\/\/roveyayinevi.com.tr\/index.php\/urun\/kayigim-rosinha\/"},"modified":"2026-04-16T02:10:44","modified_gmt":"2026-04-15T23:10:44","slug":"kayigim-rosinha","status":"publish","type":"product","link":"https:\/\/roveyayinevi.com.tr\/index.php\/urun\/kayigim-rosinha\/","title":{"rendered":"Kay\u0131\u011f\u0131m Rosinha"},"content":{"rendered":"<p>Jos\u00e9 Mauro de Vasconcelos, 1920\u2019de Rio de Janeiro yak\u0131nlar\u0131ndaki Bangu kasabas\u0131nda do\u011fdu. K\u0131z\u0131lderili ve Portekizli kar\u0131\u015f\u0131m\u0131 bir ailenin \u00e7ocu\u011fuydu. On be\u015f ya\u015f\u0131nda lise \u00f6\u011frenimini yar\u0131da b\u0131rakt\u0131. \u00c7e\u015fitli i\u015flerde \u00e7al\u0131\u015ft\u0131. Boks antren\u00f6rl\u00fc\u011f\u00fc, tar\u0131m i\u015f\u00e7ili\u011fi, bal\u0131k\u00e7\u0131l\u0131k yapt\u0131. K\u0131z\u0131lderililerin aras\u0131nda ya\u015fad\u0131. 1942 y\u0131l\u0131nda yazd\u0131\u011f\u0131 ilk roman\u0131 Yaban Muzu\u2019yla e\u015fine az rastlan\u0131r bir anlat\u0131c\u0131l\u0131k yetene\u011fine sahip oldu\u011funu g\u00f6sterdi. Ard\u0131ndan \u015eeker Portakal\u0131, G\u00fcne\u015fi Uyand\u0131ral\u0131m, Delifi\u015fek, Kay\u0131\u011f\u0131m Rosinha, Karde\u015fim R\u00fczg\u00e2r Karde\u015fim Deniz, \u00c7\u0131plak Sokak, K\u0131rm\u0131z\u0131 Papa\u011fan romanlar\u0131 geldi ve \u00fcn\u00fc Brezilya s\u0131n\u0131rlar\u0131n\u0131 a\u015ft\u0131.   Kay\u0131\u011f\u0131m Rosinha, ya\u015fl\u0131 bir bal\u0131k\u00e7\u0131 ile kay\u0131\u011f\u0131n\u0131n \u00f6yk\u00fcs\u00fcd\u00fcr. Roman\u0131n kahraman\u0131 Z\u00e9 Oroc\u00f3, kay\u0131\u011f\u0131 Rosinha\u2019yla nehirde dola\u015f\u0131r. Rosinha, s\u0131radan bir kay\u0131k de\u011fildir; Z\u00e9\u2019nin uzun uzun konu\u015ftu\u011fu, dertle\u015fti\u011fi can yolda\u015f\u0131d\u0131r. <\/p>\n","protected":false},"excerpt":{"rendered":"<p>Jos\u00e9 Mauro de Vasconcelos, 1920\u2019de Rio de Janeiro yak\u0131nlar\u0131ndaki Bangu kasabas\u0131nda do\u011fdu. K\u0131z\u0131lderili ve Portekizli kar\u0131\u015f\u0131m\u0131 bir ailenin \u00e7ocu\u011fuydu. On be\u015f ya\u015f\u0131nda lise \u00f6\u011frenimini yar\u0131da b\u0131rakt\u0131.<span class=\"excerpt-hellip\"> [\u2026]<\/span><\/p>\n","protected":false},"featured_media":0,"template":"","meta":{"_monsterinsights_skip_tracking":false,"_monsterinsights_sitenote_active":false,"_monsterinsights_sitenote_note":"","_monsterinsights_sitenote_category":0},"product_brand":[],"product_cat":[12291,12711],"product_tag":[],"class_list":{"0":"post-701319","1":"product","2":"type-product","3":"status-publish","5":"product_cat-edebiyat","6":"product_cat-roman-oyku","7":"pa_cilt-ciltsiz","8":"pa_tur-kitap","9":"pa_yayinevi-can-yayinlari","10":"pa_yazar-jose-mauro-de-vasconcelos","12":"first","13":"instock","14":"sale","15":"shipping-taxable","16":"purchasable","17":"product-type-simple"},"_links":{"self":[{"href":"https:\/\/roveyayinevi.com.tr\/index.php\/wp-json\/wp\/v2\/product\/701319","targetHints":{"allow":["GET"]}}],"collection":[{"href":"https:\/\/roveyayinevi.com.tr\/index.php\/wp-json\/wp\/v2\/product"}],"about":[{"href":"https:\/\/roveyayinevi.com.tr\/index.php\/wp-json\/wp\/v2\/types\/product"}],"wp:attachment":[{"href":"https:\/\/roveyayinevi.com.tr\/index.php\/wp-json\/wp\/v2\/media?parent=701319"}],"wp:term":[{"taxonomy":"product_brand","embeddable":true,"href":"https:\/\/roveyayinevi.com.tr\/index.php\/wp-json\/wp\/v2\/product_brand?post=701319"},{"taxonomy":"product_cat","embeddable":true,"href":"https:\/\/roveyayinevi.com.tr\/index.php\/wp-json\/wp\/v2\/product_cat?post=701319"},{"taxonomy":"product_tag","embeddable":true,"href":"https:\/\/roveyayinevi.com.tr\/index.php\/wp-json\/wp\/v2\/product_tag?post=701319"}],"curies":[{"name":"wp","href":"https:\/\/api.w.org\/{rel}","templated":true}]}}