{"id":701316,"date":"2025-08-27T15:07:50","date_gmt":"2025-08-27T12:07:50","guid":{"rendered":"https:\/\/roveyayinevi.com.tr\/index.php\/urun\/yalandan-kim-olmus\/"},"modified":"2026-04-16T02:10:44","modified_gmt":"2026-04-15T23:10:44","slug":"yalandan-kim-olmus","status":"publish","type":"product","link":"https:\/\/roveyayinevi.com.tr\/index.php\/urun\/yalandan-kim-olmus\/","title":{"rendered":"Yalandan Kim \u00d6lm\u00fc\u015f"},"content":{"rendered":"<p>G\u00fc\u00e7 odaklar\u0131n\u0131n \u00f6rtbas etmeye \u00e7al\u0131\u015ft\u0131\u011f\u0131 \u015fey Haber\u2019dir, gerisi reklamd\u0131r! <\/p>\n","protected":false},"excerpt":{"rendered":"<p>G\u00fc\u00e7 odaklar\u0131n\u0131n \u00f6rtbas etmeye \u00e7al\u0131\u015ft\u0131\u011f\u0131 \u015fey Haber\u2019dir, gerisi reklamd\u0131r!<\/p>\n","protected":false},"featured_media":0,"template":"","meta":{"_monsterinsights_skip_tracking":false,"_monsterinsights_sitenote_active":false,"_monsterinsights_sitenote_note":"","_monsterinsights_sitenote_category":0},"product_brand":[],"product_cat":[12337,14543],"product_tag":[],"class_list":{"0":"post-701316","1":"product","2":"type-product","3":"status-publish","5":"product_cat-politika-siyaset","6":"product_cat-turkiye-siyaseti-ve-politikasi","7":"pa_tur-kitap","8":"pa_yayinevi-bilgi-yayinevi","9":"pa_yazar-ugur-dundar","11":"first","12":"instock","13":"sale","14":"shipping-taxable","15":"purchasable","16":"product-type-simple"},"_links":{"self":[{"href":"https:\/\/roveyayinevi.com.tr\/index.php\/wp-json\/wp\/v2\/product\/701316","targetHints":{"allow":["GET"]}}],"collection":[{"href":"https:\/\/roveyayinevi.com.tr\/index.php\/wp-json\/wp\/v2\/product"}],"about":[{"href":"https:\/\/roveyayinevi.com.tr\/index.php\/wp-json\/wp\/v2\/types\/product"}],"wp:attachment":[{"href":"https:\/\/roveyayinevi.com.tr\/index.php\/wp-json\/wp\/v2\/media?parent=701316"}],"wp:term":[{"taxonomy":"product_brand","embeddable":true,"href":"https:\/\/roveyayinevi.com.tr\/index.php\/wp-json\/wp\/v2\/product_brand?post=701316"},{"taxonomy":"product_cat","embeddable":true,"href":"https:\/\/roveyayinevi.com.tr\/index.php\/wp-json\/wp\/v2\/product_cat?post=701316"},{"taxonomy":"product_tag","embeddable":true,"href":"https:\/\/roveyayinevi.com.tr\/index.php\/wp-json\/wp\/v2\/product_tag?post=701316"}],"curies":[{"name":"wp","href":"https:\/\/api.w.org\/{rel}","templated":true}]}}