{"id":701314,"date":"2025-08-27T15:07:49","date_gmt":"2025-08-27T12:07:49","guid":{"rendered":"https:\/\/roveyayinevi.com.tr\/index.php\/urun\/ilk-adam\/"},"modified":"2026-04-16T02:10:44","modified_gmt":"2026-04-15T23:10:44","slug":"ilk-adam","status":"publish","type":"product","link":"https:\/\/roveyayinevi.com.tr\/index.php\/urun\/ilk-adam\/","title":{"rendered":"\u0130lk Adam"},"content":{"rendered":"<p>Albert Camus\u2019n\u00fcn 1960 Ocak\u2019\u0131nda korkun\u00e7 bir araba kazas\u0131nda ya\u015fam\u0131n\u0131 yitirmesi t\u00fcm d\u00fcnyay\u0131 derinden derine sarsm\u0131\u015f, zamans\u0131z \u00f6l\u00fcm\u00fcn\u00fcn yank\u0131lar\u0131 aylarca, hatta y\u0131llarca s\u00fcrm\u00fc\u015ft\u00fc. Otuz d\u00f6rt y\u0131l sonra, 15 Nisan 1994\u2019te, tam da o korkun\u00e7 kaza sonunda b\u00fcy\u00fck yazar\u0131n \u00e7antas\u0131nda bulunmu\u015f bir bitmemi\u015f roman\u0131n: \u0130lk Adam\u2019\u0131n en sonunda okura ula\u015ft\u0131r\u0131lmas\u0131, t\u00fcm d\u00fcnyada 1994 y\u0131l\u0131n\u0131n en b\u00fcy\u00fck yaz\u0131n olay\u0131 oldu; kitap benzerine az rastlan\u0131r bir ilgi g\u00f6rd\u00fc. Bunu anlamak hi\u00e7 de zor de\u011fil: \u0130lk Adam bitmemi\u015f bir roman, yazar\u0131n\u0131n tasarlad\u0131\u011f\u0131 son bi\u00e7imden de olduk\u00e7a uzak belki; ama ne olursa olsun, 20. y\u00fczy\u0131l yaz\u0131n\u0131na damgas\u0131n\u0131 vurmu\u015f bir b\u00fcy\u00fck yazar\u0131n elinden \u00e7\u0131kt\u0131\u011f\u0131 her sat\u0131r\u0131nda belli ediyor; \u00fcstelik, bu b\u00fcy\u00fck yazar\u0131n kimi yap\u0131tlar\u0131nda \u015f\u00f6yle bir sezinledi\u011fimiz \u00e7ocukluk ve gen\u00e7lik d\u00f6nemini, aile ve okul \u00e7evresini, k\u0131sacas\u0131 yeti\u015fim s\u00fcrecini benzersiz bir i\u00e7tenlik, duyarl\u0131k ve d\u00fcr\u00fcstl\u00fckle yans\u0131tmakta. Bu a\u00e7\u0131dan bak\u0131l\u0131nca, \u0130lk Adam\u2019\u0131n hem tamamlanm\u0131\u015f, hem de \u00f6rnek bir yap\u0131t oldu\u011fu s\u00f6ylenebilir. B\u00fcy\u00fck yap\u0131tlar\u0131n olu\u015fumu konusunda bulunmaz bir belge niteli\u011fi ta\u015f\u0131mas\u0131 da cabas\u0131.<\/p>\n","protected":false},"excerpt":{"rendered":"<p>Albert Camus\u2019n\u00fcn 1960 Ocak\u2019\u0131nda korkun\u00e7 bir araba kazas\u0131nda ya\u015fam\u0131n\u0131 yitirmesi t\u00fcm d\u00fcnyay\u0131 derinden derine sarsm\u0131\u015f, zamans\u0131z \u00f6l\u00fcm\u00fcn\u00fcn yank\u0131lar\u0131 aylarca, hatta y\u0131llarca s\u00fcrm\u00fc\u015ft\u00fc. Otuz d\u00f6rt y\u0131l sonra,<span class=\"excerpt-hellip\"> [\u2026]<\/span><\/p>\n","protected":false},"featured_media":0,"template":"","meta":{"_monsterinsights_skip_tracking":false,"_monsterinsights_sitenote_active":false,"_monsterinsights_sitenote_note":"","_monsterinsights_sitenote_category":0},"product_brand":[],"product_cat":[12291,13376],"product_tag":[],"class_list":{"0":"post-701314","1":"product","2":"type-product","3":"status-publish","5":"product_cat-edebiyat","6":"product_cat-fransiz-edebiyati","7":"pa_cilt-ciltsiz","8":"pa_tur-kitap","9":"pa_yayinevi-can-yayinlari","10":"pa_yazar-albert-camus","12":"first","13":"instock","14":"sale","15":"shipping-taxable","16":"purchasable","17":"product-type-simple"},"_links":{"self":[{"href":"https:\/\/roveyayinevi.com.tr\/index.php\/wp-json\/wp\/v2\/product\/701314","targetHints":{"allow":["GET"]}}],"collection":[{"href":"https:\/\/roveyayinevi.com.tr\/index.php\/wp-json\/wp\/v2\/product"}],"about":[{"href":"https:\/\/roveyayinevi.com.tr\/index.php\/wp-json\/wp\/v2\/types\/product"}],"wp:attachment":[{"href":"https:\/\/roveyayinevi.com.tr\/index.php\/wp-json\/wp\/v2\/media?parent=701314"}],"wp:term":[{"taxonomy":"product_brand","embeddable":true,"href":"https:\/\/roveyayinevi.com.tr\/index.php\/wp-json\/wp\/v2\/product_brand?post=701314"},{"taxonomy":"product_cat","embeddable":true,"href":"https:\/\/roveyayinevi.com.tr\/index.php\/wp-json\/wp\/v2\/product_cat?post=701314"},{"taxonomy":"product_tag","embeddable":true,"href":"https:\/\/roveyayinevi.com.tr\/index.php\/wp-json\/wp\/v2\/product_tag?post=701314"}],"curies":[{"name":"wp","href":"https:\/\/api.w.org\/{rel}","templated":true}]}}