{"id":701311,"date":"2025-08-27T15:07:48","date_gmt":"2025-08-27T12:07:48","guid":{"rendered":"https:\/\/roveyayinevi.com.tr\/index.php\/urun\/hirosima-sevgilim\/"},"modified":"2026-04-16T02:10:44","modified_gmt":"2026-04-15T23:10:44","slug":"hirosima-sevgilim","status":"publish","type":"product","link":"https:\/\/roveyayinevi.com.tr\/index.php\/urun\/hirosima-sevgilim\/","title":{"rendered":"Hiro\u015fima Sevgilim"},"content":{"rendered":"<p>Akl\u0131n\u0131 b\u00f6yle yitirmenin ne oldu\u011funu bilmeyenler ats\u0131n bana ilk ta\u015f\u0131. A\u015fktan ba\u015fka yurdum yoktu art\u0131k benim.     Hiro\u015fima\u2019ya bar\u0131\u015f \u00fczerine \u00e7ekilen bir filmde rol almak i\u00e7in gelen Frans\u0131z aktris ile Japon bir m\u00fchendisin sevi\u015fen bedenleriyle a\u00e7\u0131l\u0131r sahne. Bize ac\u0131 ger\u00e7e\u011fi unutturur bir an, birbirine sar\u0131lm\u0131\u015f iki \u00e7\u0131plak beden. \u00c7\u00fcnk\u00fc as\u0131l ay\u0131p ve \u00e7irkin olan Hiro\u015fima ger\u00e7e\u011fidir, Fransa\u2019n\u0131n k\u00fc\u00e7\u00fck bir kentinde, sevdi\u011fi adam\u0131n \u00f6l\u00fcs\u00fcn\u00fcn yan\u0131nda sa\u00e7lar\u0131 kaz\u0131nan, o olay\u0131n an\u0131s\u0131yla ya\u015famaya mahk\u00fbm edilen gen\u00e7 kad\u0131n\u0131n ya\u015fad\u0131\u011f\u0131 y\u0131k\u0131md\u0131r. \u0130nsan her yerde konu\u015fabilir Hiro\u015fima\u2019y\u0131; bir otel odas\u0131nda, bir ka\u00e7amak s\u0131ras\u0131nda bile.     Ancak delili\u011fin yat\u0131\u015ft\u0131rabilece\u011fi bir ac\u0131y\u0131 dile getirirken toplumsal bellekten bireysel belle\u011fe, bireysel y\u0131k\u0131mlardan toplumsal y\u0131k\u0131mlara uzanan, Yeni Dalga ak\u0131m\u0131n\u0131n \u00f6nde gelen y\u00f6netmenlerinden Alain Resnais taraf\u0131ndan da sinemaya uyarlanan Hiro\u015fima Sevgilim, hat\u0131rlaman\u0131n ve unutman\u0131n ka\u00e7\u0131n\u0131lmazl\u0131\u011f\u0131 \u00fczerine e\u015fsiz bir metin.  <\/p>\n","protected":false},"excerpt":{"rendered":"<p>Akl\u0131n\u0131 b\u00f6yle yitirmenin ne oldu\u011funu bilmeyenler ats\u0131n bana ilk ta\u015f\u0131. A\u015fktan ba\u015fka yurdum yoktu art\u0131k benim. Hiro\u015fima\u2019ya bar\u0131\u015f \u00fczerine \u00e7ekilen bir filmde rol almak i\u00e7in gelen<span class=\"excerpt-hellip\"> [\u2026]<\/span><\/p>\n","protected":false},"featured_media":0,"template":"","meta":{"_monsterinsights_skip_tracking":false,"_monsterinsights_sitenote_active":false,"_monsterinsights_sitenote_note":"","_monsterinsights_sitenote_category":0},"product_brand":[],"product_cat":[12291,13376],"product_tag":[],"class_list":{"0":"post-701311","1":"product","2":"type-product","3":"status-publish","5":"product_cat-edebiyat","6":"product_cat-fransiz-edebiyati","7":"pa_cilt-ciltsiz","8":"pa_tur-kitap","9":"pa_yayinevi-can-yayinlari","10":"pa_yazar-marguerite-duras","12":"first","13":"instock","14":"sale","15":"shipping-taxable","16":"purchasable","17":"product-type-simple"},"_links":{"self":[{"href":"https:\/\/roveyayinevi.com.tr\/index.php\/wp-json\/wp\/v2\/product\/701311","targetHints":{"allow":["GET"]}}],"collection":[{"href":"https:\/\/roveyayinevi.com.tr\/index.php\/wp-json\/wp\/v2\/product"}],"about":[{"href":"https:\/\/roveyayinevi.com.tr\/index.php\/wp-json\/wp\/v2\/types\/product"}],"wp:attachment":[{"href":"https:\/\/roveyayinevi.com.tr\/index.php\/wp-json\/wp\/v2\/media?parent=701311"}],"wp:term":[{"taxonomy":"product_brand","embeddable":true,"href":"https:\/\/roveyayinevi.com.tr\/index.php\/wp-json\/wp\/v2\/product_brand?post=701311"},{"taxonomy":"product_cat","embeddable":true,"href":"https:\/\/roveyayinevi.com.tr\/index.php\/wp-json\/wp\/v2\/product_cat?post=701311"},{"taxonomy":"product_tag","embeddable":true,"href":"https:\/\/roveyayinevi.com.tr\/index.php\/wp-json\/wp\/v2\/product_tag?post=701311"}],"curies":[{"name":"wp","href":"https:\/\/api.w.org\/{rel}","templated":true}]}}