{"id":701310,"date":"2025-08-27T15:07:48","date_gmt":"2025-08-27T12:07:48","guid":{"rendered":"https:\/\/roveyayinevi.com.tr\/index.php\/urun\/herr-sommerin-oykusu\/"},"modified":"2026-04-16T02:10:44","modified_gmt":"2026-04-15T23:10:44","slug":"herr-sommerin-oykusu","status":"publish","type":"product","link":"https:\/\/roveyayinevi.com.tr\/index.php\/urun\/herr-sommerin-oykusu\/","title":{"rendered":"Herr Sommer\u2019in \u00d6yk\u00fcs\u00fc"},"content":{"rendered":"<p>\u00c7a\u011fda\u015f Alman edebiyat\u0131n\u0131n \u00f6nde gelen yazarlar\u0131ndan Patrick S\u00fcskind, bu kitab\u0131nda, b\u00fcy\u00fcmekte olan bir \u00e7ocu\u011fun g\u00f6z\u00fcyle d\u00fcnyan\u0131n ve insanl\u0131\u011f\u0131n foto\u011fraf\u0131n\u0131 \u00e7ekiyor sanki. Bir \u00e7ocuk, d\u00fcnyay\u0131 ve kendini nas\u0131l tan\u0131r? Sevgi ve adalet duygusunu nas\u0131l ke\u015ffeder? \u00d6teki insanlar -ana-baba, a\u011fabey, abla olsalar da- kimlerdir? Ba\u015fkalar\u0131 cennet midir, yoksa cehennem mi? B\u00fcy\u00fcmekte olan bir insan\u0131n kar\u015f\u0131la\u015ft\u0131\u011f\u0131 engellere kar\u015f\u0131 g\u00f6sterdi\u011fi, asl\u0131nda b\u00fct\u00fcn insanl\u0131\u011fa y\u00f6nelik o ac\u0131mas\u0131z tepki. Ve ona gereksinim duyuldu\u011funda insan\u0131n yard\u0131m\u0131na ko\u015fmayan Tanr\u0131. Ya\u015fam ve \u00f6l\u00fcm d\u00fc\u015f\u00fcncesi&#8230; \u00d6zetlersek: Herr Sommer\u2019in \u00d6yk\u00fcs\u00fc, yediden yetmi\u015fe her ya\u015fta insan\u0131n bir solukta okuyaca\u011f\u0131, \u00e7arp\u0131c\u0131, ne\u015feli ve kederli bir uzun \u00f6yk\u00fc. \u00dcstelik bu g\u00fczel \u00f6yk\u00fcy\u00fc, \u00fcnl\u00fc \u00e7izer Semp\u00e9 resimlemi\u015f. \ufffcTan\u0131t\u0131m Metni<\/p>\n","protected":false},"excerpt":{"rendered":"<p>\u00c7a\u011fda\u015f Alman edebiyat\u0131n\u0131n \u00f6nde gelen yazarlar\u0131ndan Patrick S\u00fcskind, bu kitab\u0131nda, b\u00fcy\u00fcmekte olan bir \u00e7ocu\u011fun g\u00f6z\u00fcyle d\u00fcnyan\u0131n ve insanl\u0131\u011f\u0131n foto\u011fraf\u0131n\u0131 \u00e7ekiyor sanki. Bir \u00e7ocuk, d\u00fcnyay\u0131 ve kendini<span class=\"excerpt-hellip\"> [\u2026]<\/span><\/p>\n","protected":false},"featured_media":0,"template":"","meta":{"_monsterinsights_skip_tracking":false,"_monsterinsights_sitenote_active":false,"_monsterinsights_sitenote_note":"","_monsterinsights_sitenote_category":0},"product_brand":[],"product_cat":[12891,12291],"product_tag":[],"class_list":{"0":"post-701310","1":"product","2":"type-product","3":"status-publish","5":"product_cat-amerikan-edebiyati","6":"product_cat-edebiyat","7":"pa_cilt-ciltsiz","8":"pa_tur-kitap","9":"pa_yayinevi-can-yayinlari","10":"pa_yazar-patrick-suskind","12":"first","13":"instock","14":"sale","15":"shipping-taxable","16":"purchasable","17":"product-type-simple"},"_links":{"self":[{"href":"https:\/\/roveyayinevi.com.tr\/index.php\/wp-json\/wp\/v2\/product\/701310","targetHints":{"allow":["GET"]}}],"collection":[{"href":"https:\/\/roveyayinevi.com.tr\/index.php\/wp-json\/wp\/v2\/product"}],"about":[{"href":"https:\/\/roveyayinevi.com.tr\/index.php\/wp-json\/wp\/v2\/types\/product"}],"wp:attachment":[{"href":"https:\/\/roveyayinevi.com.tr\/index.php\/wp-json\/wp\/v2\/media?parent=701310"}],"wp:term":[{"taxonomy":"product_brand","embeddable":true,"href":"https:\/\/roveyayinevi.com.tr\/index.php\/wp-json\/wp\/v2\/product_brand?post=701310"},{"taxonomy":"product_cat","embeddable":true,"href":"https:\/\/roveyayinevi.com.tr\/index.php\/wp-json\/wp\/v2\/product_cat?post=701310"},{"taxonomy":"product_tag","embeddable":true,"href":"https:\/\/roveyayinevi.com.tr\/index.php\/wp-json\/wp\/v2\/product_tag?post=701310"}],"curies":[{"name":"wp","href":"https:\/\/api.w.org\/{rel}","templated":true}]}}